{"id":69,"date":"2024-03-18T21:24:33","date_gmt":"2024-03-18T19:24:33","guid":{"rendered":"https:\/\/shop.testonella.cz\/?post_type=product&#038;p=69"},"modified":"2025-02-17T23:28:03","modified_gmt":"2025-02-17T21:28:03","slug":"mlynczi-z-tvorogom","status":"publish","type":"product","link":"https:\/\/testonella.cz\/cs\/produkt\/mlynczi-z-tvorogom\/","title":{"rendered":"Pala\u010dinky s tvarohem \u2013 1 kg"},"content":{"rendered":"","protected":false},"excerpt":{"rendered":"<p>Ml\u00e9ko, vejce, s\u016fl, tvaroh, tvarohov\u00e1 sm\u011bs, vanilkov\u00fd cukr.<\/p>","protected":false},"featured_media":42,"template":"","meta":[],"product_brand":[],"product_cat":[19],"product_tag":[],"class_list":{"0":"post-69","1":"product","2":"type-product","3":"status-publish","4":"has-post-thumbnail","6":"product_cat-mlynci","8":"first","9":"instock","10":"shipping-taxable","11":"purchasable","12":"product-type-simple"},"yoast_head":"<!-- This site is optimized with the Yoast SEO plugin v27.5 - https:\/\/yoast.com\/product\/yoast-seo-wordpress\/ -->\n<title>\u041c\u043b\u0438\u043d\u0446\u0456 \u0437 \u0442\u0432\u043e\u0440\u043e\u0433\u043e\u043c<\/title>\n<meta name=\"robots\" content=\"index, follow, max-snippet:-1, max-image-preview:large, max-video-preview:-1\" \/>\n<link rel=\"canonical\" href=\"https:\/\/testonella.cz\/cs\/produkt\/mlynczi-z-tvorogom\/\" \/>\n<meta property=\"og:locale\" content=\"cs_CZ\" \/>\n<meta property=\"og:type\" content=\"article\" \/>\n<meta property=\"og:title\" content=\"\u041c\u043b\u0438\u043d\u0446\u0456 \u0437 \u0442\u0432\u043e\u0440\u043e\u0433\u043e\u043c\" \/>\n<meta property=\"og:description\" content=\"\u041c\u043e\u043b\u043e\u043a\u043e, \u044f\u0439\u0446\u044f, \u0441\u0456\u043b\u044c, \u0442\u0432\u043e\u0440\u043e\u0433, \u0441\u0443\u043c\u0456\u0448 \u0442\u0432\u043e\u0440\u043e\u0433\u0443, \u0432\u0430\u043d\u0456\u043b\u043a\u043e\u0432\u0438\u0439\u00a0 \u0446\u0443\u043a\u043e\u0440.\" \/>\n<meta property=\"og:url\" content=\"https:\/\/testonella.cz\/cs\/produkt\/mlynczi-z-tvorogom\/\" \/>\n<meta property=\"og:site_name\" content=\"Testonella\" \/>\n<meta property=\"article:modified_time\" content=\"2025-02-17T21:28:03+00:00\" \/>\n<meta property=\"og:image\" content=\"https:\/\/testonella.cz\/wp-content\/uploads\/2024\/03\/11-1.webp\" \/>\n\t<meta property=\"og:image:width\" content=\"1080\" \/>\n\t<meta property=\"og:image:height\" content=\"1080\" \/>\n\t<meta property=\"og:image:type\" content=\"image\/webp\" \/>\n<meta name=\"twitter:card\" content=\"summary_large_image\" \/>\n<meta name=\"twitter:label1\" content=\"Odhadovan\u00e1 doba \u010dten\u00ed\" \/>\n\t<meta name=\"twitter:data1\" content=\"1 minuta\" \/>\n<script type=\"application\/ld+json\" class=\"yoast-schema-graph\">{\"@context\":\"https:\\\/\\\/schema.org\",\"@graph\":[{\"@type\":\"WebPage\",\"@id\":\"https:\\\/\\\/testonella.cz\\\/product\\\/mlynczi-z-tvorogom\\\/\",\"url\":\"https:\\\/\\\/testonella.cz\\\/product\\\/mlynczi-z-tvorogom\\\/\",\"name\":\"\u041c\u043b\u0438\u043d\u0446\u0456 \u0437 \u0442\u0432\u043e\u0440\u043e\u0433\u043e\u043c\",\"isPartOf\":{\"@id\":\"https:\\\/\\\/testonella.cz\\\/#website\"},\"primaryImageOfPage\":{\"@id\":\"https:\\\/\\\/testonella.cz\\\/product\\\/mlynczi-z-tvorogom\\\/#primaryimage\"},\"image\":{\"@id\":\"https:\\\/\\\/testonella.cz\\\/product\\\/mlynczi-z-tvorogom\\\/#primaryimage\"},\"thumbnailUrl\":\"https:\\\/\\\/testonella.cz\\\/wp-content\\\/uploads\\\/2024\\\/03\\\/11-1.webp\",\"datePublished\":\"2024-03-18T19:24:33+00:00\",\"dateModified\":\"2025-02-17T21:28:03+00:00\",\"breadcrumb\":{\"@id\":\"https:\\\/\\\/testonella.cz\\\/product\\\/mlynczi-z-tvorogom\\\/#breadcrumb\"},\"inLanguage\":\"cs\",\"potentialAction\":[{\"@type\":\"ReadAction\",\"target\":[\"https:\\\/\\\/testonella.cz\\\/product\\\/mlynczi-z-tvorogom\\\/\"]}]},{\"@type\":\"ImageObject\",\"inLanguage\":\"cs\",\"@id\":\"https:\\\/\\\/testonella.cz\\\/product\\\/mlynczi-z-tvorogom\\\/#primaryimage\",\"url\":\"https:\\\/\\\/testonella.cz\\\/wp-content\\\/uploads\\\/2024\\\/03\\\/11-1.webp\",\"contentUrl\":\"https:\\\/\\\/testonella.cz\\\/wp-content\\\/uploads\\\/2024\\\/03\\\/11-1.webp\",\"width\":1080,\"height\":1080,\"caption\":\"\u041c\u043b\u0438\u043d\u0446\u0456 \u0437 \u0442\u0432\u043e\u0440\u043e\u0433\u043e\u043c Testonella\"},{\"@type\":\"BreadcrumbList\",\"@id\":\"https:\\\/\\\/testonella.cz\\\/product\\\/mlynczi-z-tvorogom\\\/#breadcrumb\",\"itemListElement\":[{\"@type\":\"ListItem\",\"position\":1,\"name\":\"\u0413\u043e\u043b\u043e\u0432\u043d\u0430\",\"item\":\"https:\\\/\\\/testonella.cz\\\/\"},{\"@type\":\"ListItem\",\"position\":2,\"name\":\"\u041c\u0430\u0433\u0430\u0437\u0438\u043d\",\"item\":\"https:\\\/\\\/testonella.cz\\\/shop\\\/\"},{\"@type\":\"ListItem\",\"position\":3,\"name\":\"\u041c\u043b\u0438\u043d\u0446\u0456 \u0437 \u0442\u0432\u043e\u0440\u043e\u0433\u043e\u043c &#8211; 1 \u043a\u0433\"}]},{\"@type\":\"WebSite\",\"@id\":\"https:\\\/\\\/testonella.cz\\\/#website\",\"url\":\"https:\\\/\\\/testonella.cz\\\/\",\"name\":\"Testonella\",\"description\":\"Testonella od Notiko\",\"publisher\":{\"@id\":\"https:\\\/\\\/testonella.cz\\\/#organization\"},\"potentialAction\":[{\"@type\":\"SearchAction\",\"target\":{\"@type\":\"EntryPoint\",\"urlTemplate\":\"https:\\\/\\\/testonella.cz\\\/?s={search_term_string}\"},\"query-input\":{\"@type\":\"PropertyValueSpecification\",\"valueRequired\":true,\"valueName\":\"search_term_string\"}}],\"inLanguage\":\"cs\"},{\"@type\":\"Organization\",\"@id\":\"https:\\\/\\\/testonella.cz\\\/#organization\",\"name\":\"Testonella od Notiko\",\"url\":\"https:\\\/\\\/testonella.cz\\\/\",\"logo\":{\"@type\":\"ImageObject\",\"inLanguage\":\"cs\",\"@id\":\"https:\\\/\\\/testonella.cz\\\/#\\\/schema\\\/logo\\\/image\\\/\",\"url\":\"https:\\\/\\\/shop.testonella.cz\\\/wp-content\\\/uploads\\\/2024\\\/03\\\/logo-seo.webp\",\"contentUrl\":\"https:\\\/\\\/shop.testonella.cz\\\/wp-content\\\/uploads\\\/2024\\\/03\\\/logo-seo.webp\",\"width\":1200,\"height\":675,\"caption\":\"Testonella od Notiko\"},\"image\":{\"@id\":\"https:\\\/\\\/testonella.cz\\\/#\\\/schema\\\/logo\\\/image\\\/\"},\"sameAs\":[\"https:\\\/\\\/www.instagram.com\\\/testonella_od_notiko\"]}]}<\/script>\n<!-- \/ Yoast SEO plugin. -->","yoast_head_json":{"title":"Pala\u010dinky s tvarohem","robots":{"index":"index","follow":"follow","max-snippet":"max-snippet:-1","max-image-preview":"max-image-preview:large","max-video-preview":"max-video-preview:-1"},"canonical":"https:\/\/testonella.cz\/cs\/produkt\/mlynczi-z-tvorogom\/","og_locale":"cs_CZ","og_type":"article","og_title":"\u041c\u043b\u0438\u043d\u0446\u0456 \u0437 \u0442\u0432\u043e\u0440\u043e\u0433\u043e\u043c","og_description":"\u041c\u043e\u043b\u043e\u043a\u043e, \u044f\u0439\u0446\u044f, \u0441\u0456\u043b\u044c, \u0442\u0432\u043e\u0440\u043e\u0433, \u0441\u0443\u043c\u0456\u0448 \u0442\u0432\u043e\u0440\u043e\u0433\u0443, \u0432\u0430\u043d\u0456\u043b\u043a\u043e\u0432\u0438\u0439\u00a0 \u0446\u0443\u043a\u043e\u0440.","og_url":"https:\/\/testonella.cz\/cs\/produkt\/mlynczi-z-tvorogom\/","og_site_name":"Testonella","article_modified_time":"2025-02-17T21:28:03+00:00","og_image":[{"width":1080,"height":1080,"url":"https:\/\/testonella.cz\/wp-content\/uploads\/2024\/03\/11-1.webp","type":"image\/webp"}],"twitter_card":"summary_large_image","twitter_misc":{"Odhadovan\u00e1 doba \u010dten\u00ed":"1 minuta"},"schema":{"@context":"https:\/\/schema.org","@graph":[{"@type":"WebPage","@id":"https:\/\/testonella.cz\/product\/mlynczi-z-tvorogom\/","url":"https:\/\/testonella.cz\/product\/mlynczi-z-tvorogom\/","name":"Pala\u010dinky s tvarohem","isPartOf":{"@id":"https:\/\/testonella.cz\/#website"},"primaryImageOfPage":{"@id":"https:\/\/testonella.cz\/product\/mlynczi-z-tvorogom\/#primaryimage"},"image":{"@id":"https:\/\/testonella.cz\/product\/mlynczi-z-tvorogom\/#primaryimage"},"thumbnailUrl":"https:\/\/testonella.cz\/wp-content\/uploads\/2024\/03\/11-1.webp","datePublished":"2024-03-18T19:24:33+00:00","dateModified":"2025-02-17T21:28:03+00:00","breadcrumb":{"@id":"https:\/\/testonella.cz\/product\/mlynczi-z-tvorogom\/#breadcrumb"},"inLanguage":"cs","potentialAction":[{"@type":"ReadAction","target":["https:\/\/testonella.cz\/product\/mlynczi-z-tvorogom\/"]}]},{"@type":"ImageObject","inLanguage":"cs","@id":"https:\/\/testonella.cz\/product\/mlynczi-z-tvorogom\/#primaryimage","url":"https:\/\/testonella.cz\/wp-content\/uploads\/2024\/03\/11-1.webp","contentUrl":"https:\/\/testonella.cz\/wp-content\/uploads\/2024\/03\/11-1.webp","width":1080,"height":1080,"caption":"\u041c\u043b\u0438\u043d\u0446\u0456 \u0437 \u0442\u0432\u043e\u0440\u043e\u0433\u043e\u043c Testonella"},{"@type":"BreadcrumbList","@id":"https:\/\/testonella.cz\/product\/mlynczi-z-tvorogom\/#breadcrumb","itemListElement":[{"@type":"ListItem","position":1,"name":"\u0413\u043e\u043b\u043e\u0432\u043d\u0430","item":"https:\/\/testonella.cz\/"},{"@type":"ListItem","position":2,"name":"\u041c\u0430\u0433\u0430\u0437\u0438\u043d","item":"https:\/\/testonella.cz\/shop\/"},{"@type":"ListItem","position":3,"name":"\u041c\u043b\u0438\u043d\u0446\u0456 \u0437 \u0442\u0432\u043e\u0440\u043e\u0433\u043e\u043c &#8211; 1 \u043a\u0433"}]},{"@type":"WebSite","@id":"https:\/\/testonella.cz\/#website","url":"https:\/\/testonella.cz\/","name":"Testonella","description":"T\u011bstonella od Notiko","publisher":{"@id":"https:\/\/testonella.cz\/#organization"},"potentialAction":[{"@type":"SearchAction","target":{"@type":"EntryPoint","urlTemplate":"https:\/\/testonella.cz\/?s={search_term_string}"},"query-input":{"@type":"PropertyValueSpecification","valueRequired":true,"valueName":"search_term_string"}}],"inLanguage":"cs"},{"@type":"Organization","@id":"https:\/\/testonella.cz\/#organization","name":"T\u011bstonella od Notiko","url":"https:\/\/testonella.cz\/","logo":{"@type":"ImageObject","inLanguage":"cs","@id":"https:\/\/testonella.cz\/#\/schema\/logo\/image\/","url":"https:\/\/shop.testonella.cz\/wp-content\/uploads\/2024\/03\/logo-seo.webp","contentUrl":"https:\/\/shop.testonella.cz\/wp-content\/uploads\/2024\/03\/logo-seo.webp","width":1200,"height":675,"caption":"Testonella od Notiko"},"image":{"@id":"https:\/\/testonella.cz\/#\/schema\/logo\/image\/"},"sameAs":["https:\/\/www.instagram.com\/testonella_od_notiko"]}]}},"_links":{"self":[{"href":"https:\/\/testonella.cz\/cs\/wp-json\/wp\/v2\/product\/69","targetHints":{"allow":["GET"]}}],"collection":[{"href":"https:\/\/testonella.cz\/cs\/wp-json\/wp\/v2\/product"}],"about":[{"href":"https:\/\/testonella.cz\/cs\/wp-json\/wp\/v2\/types\/product"}],"version-history":[{"count":2,"href":"https:\/\/testonella.cz\/cs\/wp-json\/wp\/v2\/product\/69\/revisions"}],"predecessor-version":[{"id":16622,"href":"https:\/\/testonella.cz\/cs\/wp-json\/wp\/v2\/product\/69\/revisions\/16622"}],"wp:featuredmedia":[{"embeddable":true,"href":"https:\/\/testonella.cz\/cs\/wp-json\/wp\/v2\/media\/42"}],"wp:attachment":[{"href":"https:\/\/testonella.cz\/cs\/wp-json\/wp\/v2\/media?parent=69"}],"wp:term":[{"taxonomy":"product_brand","embeddable":true,"href":"https:\/\/testonella.cz\/cs\/wp-json\/wp\/v2\/product_brand?post=69"},{"taxonomy":"product_cat","embeddable":true,"href":"https:\/\/testonella.cz\/cs\/wp-json\/wp\/v2\/product_cat?post=69"},{"taxonomy":"product_tag","embeddable":true,"href":"https:\/\/testonella.cz\/cs\/wp-json\/wp\/v2\/product_tag?post=69"}],"curies":[{"name":"wp","href":"https:\/\/api.w.org\/{rel}","templated":true}]}}