{"id":62,"date":"2024-03-18T21:14:05","date_gmt":"2024-03-18T19:14:05","guid":{"rendered":"https:\/\/shop.testonella.cz\/?post_type=product&#038;p=62"},"modified":"2026-01-22T15:11:05","modified_gmt":"2026-01-22T13:11:05","slug":"varenyky-try-syry","status":"publish","type":"product","link":"https:\/\/testonella.cz\/cs\/produkt\/varenyky-try-syry\/","title":{"rendered":"Varenyky s t\u0159emi s\u00fdry"},"content":{"rendered":"","protected":false},"excerpt":{"rendered":"<p>Brynza, s\u00fdr Gouda, tvaroh, kopr, zelenina, \u010dern\u00fd pep\u0159, mouka, vejce a voda. Doba va\u0159en\u00ed je 6 minut.<\/p>","protected":false},"featured_media":16736,"template":"","meta":[],"product_brand":[],"product_cat":[36,97],"product_tag":[],"class_list":{"0":"post-62","1":"product","2":"type-product","3":"status-publish","4":"has-post-thumbnail","6":"product_cat-varenyky","7":"product_cat-napivfabrykaty","9":"first","10":"instock","11":"shipping-taxable","12":"purchasable","13":"product-type-simple"},"yoast_head":"<!-- This site is optimized with the Yoast SEO plugin v27.5 - https:\/\/yoast.com\/product\/yoast-seo-wordpress\/ -->\n<title>\u0412\u0430\u0440\u0435\u043d\u0438\u043a\u0438 \u201c\u0442\u0440\u0438 \u0441\u0438\u0440\u0438\u201d<\/title>\n<meta name=\"robots\" content=\"index, follow, max-snippet:-1, max-image-preview:large, max-video-preview:-1\" \/>\n<link rel=\"canonical\" href=\"https:\/\/testonella.cz\/cs\/produkt\/varenyky-try-syry\/\" \/>\n<meta property=\"og:locale\" content=\"cs_CZ\" \/>\n<meta property=\"og:type\" content=\"article\" \/>\n<meta property=\"og:title\" content=\"\u0412\u0430\u0440\u0435\u043d\u0438\u043a\u0438 \u201c\u0442\u0440\u0438 \u0441\u0438\u0440\u0438\u201d\" \/>\n<meta property=\"og:description\" content=\"\u0411\u0440\u0438\u043d\u0437\u0430, \u0441\u0438\u0440 \u00b4Gouda\u2019 , \u0442\u0432\u043e\u0440\u043e\u0433, \u043a\u0440\u0456\u043f, \u0432\u0435\u0433\u0435\u0442\u0430, \u0447\u043e\u0440\u043d\u0438\u0439 \u043f\u0435\u0440\u0435\u0446\u044c, \u0431\u043e\u0440\u043e\u0448\u043d\u043e, \u044f\u0439\u0446\u044f \u0442\u0430 \u0432\u043e\u0434\u0430. \u0427\u0430\u0441 \u043f\u0440\u0438\u0433\u043e\u0442\u0443\u0432\u0430\u043d\u043d\u044f 6 \u0445\u0432\u0438\u043b\u0438\u043d.\" \/>\n<meta property=\"og:url\" content=\"https:\/\/testonella.cz\/cs\/produkt\/varenyky-try-syry\/\" \/>\n<meta property=\"og:site_name\" content=\"Testonella\" \/>\n<meta property=\"article:modified_time\" content=\"2026-01-22T13:11:05+00:00\" \/>\n<meta property=\"og:image\" content=\"https:\/\/testonella.cz\/wp-content\/uploads\/2024\/03\/img_3980.jpg\" \/>\n\t<meta property=\"og:image:width\" content=\"1066\" \/>\n\t<meta property=\"og:image:height\" content=\"1600\" \/>\n\t<meta property=\"og:image:type\" content=\"image\/jpeg\" \/>\n<meta name=\"twitter:card\" content=\"summary_large_image\" \/>\n<meta name=\"twitter:label1\" content=\"Odhadovan\u00e1 doba \u010dten\u00ed\" \/>\n\t<meta name=\"twitter:data1\" content=\"1 minuta\" \/>\n<script type=\"application\/ld+json\" class=\"yoast-schema-graph\">{\"@context\":\"https:\\\/\\\/schema.org\",\"@graph\":[{\"@type\":\"WebPage\",\"@id\":\"https:\\\/\\\/testonella.cz\\\/product\\\/varenyky-try-syry\\\/\",\"url\":\"https:\\\/\\\/testonella.cz\\\/product\\\/varenyky-try-syry\\\/\",\"name\":\"\u0412\u0430\u0440\u0435\u043d\u0438\u043a\u0438 \u201c\u0442\u0440\u0438 \u0441\u0438\u0440\u0438\u201d\",\"isPartOf\":{\"@id\":\"https:\\\/\\\/testonella.cz\\\/#website\"},\"primaryImageOfPage\":{\"@id\":\"https:\\\/\\\/testonella.cz\\\/product\\\/varenyky-try-syry\\\/#primaryimage\"},\"image\":{\"@id\":\"https:\\\/\\\/testonella.cz\\\/product\\\/varenyky-try-syry\\\/#primaryimage\"},\"thumbnailUrl\":\"https:\\\/\\\/testonella.cz\\\/wp-content\\\/uploads\\\/2024\\\/03\\\/img_3980.jpg\",\"datePublished\":\"2024-03-18T19:14:05+00:00\",\"dateModified\":\"2026-01-22T13:11:05+00:00\",\"breadcrumb\":{\"@id\":\"https:\\\/\\\/testonella.cz\\\/product\\\/varenyky-try-syry\\\/#breadcrumb\"},\"inLanguage\":\"cs\",\"potentialAction\":[{\"@type\":\"ReadAction\",\"target\":[\"https:\\\/\\\/testonella.cz\\\/product\\\/varenyky-try-syry\\\/\"]}]},{\"@type\":\"ImageObject\",\"inLanguage\":\"cs\",\"@id\":\"https:\\\/\\\/testonella.cz\\\/product\\\/varenyky-try-syry\\\/#primaryimage\",\"url\":\"https:\\\/\\\/testonella.cz\\\/wp-content\\\/uploads\\\/2024\\\/03\\\/img_3980.jpg\",\"contentUrl\":\"https:\\\/\\\/testonella.cz\\\/wp-content\\\/uploads\\\/2024\\\/03\\\/img_3980.jpg\",\"width\":1066,\"height\":1600},{\"@type\":\"BreadcrumbList\",\"@id\":\"https:\\\/\\\/testonella.cz\\\/product\\\/varenyky-try-syry\\\/#breadcrumb\",\"itemListElement\":[{\"@type\":\"ListItem\",\"position\":1,\"name\":\"\u0413\u043e\u043b\u043e\u0432\u043d\u0430\",\"item\":\"https:\\\/\\\/testonella.cz\\\/\"},{\"@type\":\"ListItem\",\"position\":2,\"name\":\"\u041c\u0430\u0433\u0430\u0437\u0438\u043d\",\"item\":\"https:\\\/\\\/testonella.cz\\\/shop\\\/\"},{\"@type\":\"ListItem\",\"position\":3,\"name\":\"\u0412\u0430\u0440\u0435\u043d\u0438\u043a\u0438 \u201c\u0442\u0440\u0438 \u0441\u0438\u0440\u0438\u201d &#8211; 1 \u043a\u0433\"}]},{\"@type\":\"WebSite\",\"@id\":\"https:\\\/\\\/testonella.cz\\\/#website\",\"url\":\"https:\\\/\\\/testonella.cz\\\/\",\"name\":\"Testonella\",\"description\":\"Testonella od Notiko\",\"publisher\":{\"@id\":\"https:\\\/\\\/testonella.cz\\\/#organization\"},\"potentialAction\":[{\"@type\":\"SearchAction\",\"target\":{\"@type\":\"EntryPoint\",\"urlTemplate\":\"https:\\\/\\\/testonella.cz\\\/?s={search_term_string}\"},\"query-input\":{\"@type\":\"PropertyValueSpecification\",\"valueRequired\":true,\"valueName\":\"search_term_string\"}}],\"inLanguage\":\"cs\"},{\"@type\":\"Organization\",\"@id\":\"https:\\\/\\\/testonella.cz\\\/#organization\",\"name\":\"Testonella od Notiko\",\"url\":\"https:\\\/\\\/testonella.cz\\\/\",\"logo\":{\"@type\":\"ImageObject\",\"inLanguage\":\"cs\",\"@id\":\"https:\\\/\\\/testonella.cz\\\/#\\\/schema\\\/logo\\\/image\\\/\",\"url\":\"https:\\\/\\\/shop.testonella.cz\\\/wp-content\\\/uploads\\\/2024\\\/03\\\/logo-seo.webp\",\"contentUrl\":\"https:\\\/\\\/shop.testonella.cz\\\/wp-content\\\/uploads\\\/2024\\\/03\\\/logo-seo.webp\",\"width\":1200,\"height\":675,\"caption\":\"Testonella od Notiko\"},\"image\":{\"@id\":\"https:\\\/\\\/testonella.cz\\\/#\\\/schema\\\/logo\\\/image\\\/\"},\"sameAs\":[\"https:\\\/\\\/www.instagram.com\\\/testonella_od_notiko\"]}]}<\/script>\n<!-- \/ Yoast SEO plugin. -->","yoast_head_json":{"title":"Varenyky s t\u0159emi s\u00fdry","robots":{"index":"index","follow":"follow","max-snippet":"max-snippet:-1","max-image-preview":"max-image-preview:large","max-video-preview":"max-video-preview:-1"},"canonical":"https:\/\/testonella.cz\/cs\/produkt\/varenyky-try-syry\/","og_locale":"cs_CZ","og_type":"article","og_title":"\u0412\u0430\u0440\u0435\u043d\u0438\u043a\u0438 \u201c\u0442\u0440\u0438 \u0441\u0438\u0440\u0438\u201d","og_description":"\u0411\u0440\u0438\u043d\u0437\u0430, \u0441\u0438\u0440 \u00b4Gouda\u2019 , \u0442\u0432\u043e\u0440\u043e\u0433, \u043a\u0440\u0456\u043f, \u0432\u0435\u0433\u0435\u0442\u0430, \u0447\u043e\u0440\u043d\u0438\u0439 \u043f\u0435\u0440\u0435\u0446\u044c, \u0431\u043e\u0440\u043e\u0448\u043d\u043e, \u044f\u0439\u0446\u044f \u0442\u0430 \u0432\u043e\u0434\u0430. \u0427\u0430\u0441 \u043f\u0440\u0438\u0433\u043e\u0442\u0443\u0432\u0430\u043d\u043d\u044f 6 \u0445\u0432\u0438\u043b\u0438\u043d.","og_url":"https:\/\/testonella.cz\/cs\/produkt\/varenyky-try-syry\/","og_site_name":"Testonella","article_modified_time":"2026-01-22T13:11:05+00:00","og_image":[{"width":1066,"height":1600,"url":"https:\/\/testonella.cz\/wp-content\/uploads\/2024\/03\/img_3980.jpg","type":"image\/jpeg"}],"twitter_card":"summary_large_image","twitter_misc":{"Odhadovan\u00e1 doba \u010dten\u00ed":"1 minuta"},"schema":{"@context":"https:\/\/schema.org","@graph":[{"@type":"WebPage","@id":"https:\/\/testonella.cz\/product\/varenyky-try-syry\/","url":"https:\/\/testonella.cz\/product\/varenyky-try-syry\/","name":"Varenyky s t\u0159emi s\u00fdry","isPartOf":{"@id":"https:\/\/testonella.cz\/#website"},"primaryImageOfPage":{"@id":"https:\/\/testonella.cz\/product\/varenyky-try-syry\/#primaryimage"},"image":{"@id":"https:\/\/testonella.cz\/product\/varenyky-try-syry\/#primaryimage"},"thumbnailUrl":"https:\/\/testonella.cz\/wp-content\/uploads\/2024\/03\/img_3980.jpg","datePublished":"2024-03-18T19:14:05+00:00","dateModified":"2026-01-22T13:11:05+00:00","breadcrumb":{"@id":"https:\/\/testonella.cz\/product\/varenyky-try-syry\/#breadcrumb"},"inLanguage":"cs","potentialAction":[{"@type":"ReadAction","target":["https:\/\/testonella.cz\/product\/varenyky-try-syry\/"]}]},{"@type":"ImageObject","inLanguage":"cs","@id":"https:\/\/testonella.cz\/product\/varenyky-try-syry\/#primaryimage","url":"https:\/\/testonella.cz\/wp-content\/uploads\/2024\/03\/img_3980.jpg","contentUrl":"https:\/\/testonella.cz\/wp-content\/uploads\/2024\/03\/img_3980.jpg","width":1066,"height":1600},{"@type":"BreadcrumbList","@id":"https:\/\/testonella.cz\/product\/varenyky-try-syry\/#breadcrumb","itemListElement":[{"@type":"ListItem","position":1,"name":"\u0413\u043e\u043b\u043e\u0432\u043d\u0430","item":"https:\/\/testonella.cz\/"},{"@type":"ListItem","position":2,"name":"\u041c\u0430\u0433\u0430\u0437\u0438\u043d","item":"https:\/\/testonella.cz\/shop\/"},{"@type":"ListItem","position":3,"name":"\u0412\u0430\u0440\u0435\u043d\u0438\u043a\u0438 \u201c\u0442\u0440\u0438 \u0441\u0438\u0440\u0438\u201d &#8211; 1 \u043a\u0433"}]},{"@type":"WebSite","@id":"https:\/\/testonella.cz\/#website","url":"https:\/\/testonella.cz\/","name":"Testonella","description":"T\u011bstonella od Notiko","publisher":{"@id":"https:\/\/testonella.cz\/#organization"},"potentialAction":[{"@type":"SearchAction","target":{"@type":"EntryPoint","urlTemplate":"https:\/\/testonella.cz\/?s={search_term_string}"},"query-input":{"@type":"PropertyValueSpecification","valueRequired":true,"valueName":"search_term_string"}}],"inLanguage":"cs"},{"@type":"Organization","@id":"https:\/\/testonella.cz\/#organization","name":"T\u011bstonella od Notiko","url":"https:\/\/testonella.cz\/","logo":{"@type":"ImageObject","inLanguage":"cs","@id":"https:\/\/testonella.cz\/#\/schema\/logo\/image\/","url":"https:\/\/shop.testonella.cz\/wp-content\/uploads\/2024\/03\/logo-seo.webp","contentUrl":"https:\/\/shop.testonella.cz\/wp-content\/uploads\/2024\/03\/logo-seo.webp","width":1200,"height":675,"caption":"Testonella od Notiko"},"image":{"@id":"https:\/\/testonella.cz\/#\/schema\/logo\/image\/"},"sameAs":["https:\/\/www.instagram.com\/testonella_od_notiko"]}]}},"_links":{"self":[{"href":"https:\/\/testonella.cz\/cs\/wp-json\/wp\/v2\/product\/62","targetHints":{"allow":["GET"]}}],"collection":[{"href":"https:\/\/testonella.cz\/cs\/wp-json\/wp\/v2\/product"}],"about":[{"href":"https:\/\/testonella.cz\/cs\/wp-json\/wp\/v2\/types\/product"}],"version-history":[{"count":2,"href":"https:\/\/testonella.cz\/cs\/wp-json\/wp\/v2\/product\/62\/revisions"}],"predecessor-version":[{"id":16629,"href":"https:\/\/testonella.cz\/cs\/wp-json\/wp\/v2\/product\/62\/revisions\/16629"}],"wp:featuredmedia":[{"embeddable":true,"href":"https:\/\/testonella.cz\/cs\/wp-json\/wp\/v2\/media\/16736"}],"wp:attachment":[{"href":"https:\/\/testonella.cz\/cs\/wp-json\/wp\/v2\/media?parent=62"}],"wp:term":[{"taxonomy":"product_brand","embeddable":true,"href":"https:\/\/testonella.cz\/cs\/wp-json\/wp\/v2\/product_brand?post=62"},{"taxonomy":"product_cat","embeddable":true,"href":"https:\/\/testonella.cz\/cs\/wp-json\/wp\/v2\/product_cat?post=62"},{"taxonomy":"product_tag","embeddable":true,"href":"https:\/\/testonella.cz\/cs\/wp-json\/wp\/v2\/product_tag?post=62"}],"curies":[{"name":"wp","href":"https:\/\/api.w.org\/{rel}","templated":true}]}}