{"id":45,"date":"2024-03-18T20:25:59","date_gmt":"2024-03-18T18:25:59","guid":{"rendered":"https:\/\/shop.testonella.cz\/?post_type=product&#038;p=45"},"modified":"2026-01-22T15:05:25","modified_gmt":"2026-01-22T13:05:25","slug":"pelmeni-z-svynynoyu","status":"publish","type":"product","link":"https:\/\/testonella.cz\/cs\/produkt\/pelmeni-z-svynynoyu\/","title":{"rendered":"Pelmen\u011b s vep\u0159ov\u00fdm masem"},"content":{"rendered":"","protected":false},"excerpt":{"rendered":"<p><span class=\"Y2IQFc\" lang=\"uk\">Mouka, vep\u0159ov\u00e9 maso, voda, vejce, cibule, s\u016fl, pep\u0159.<\/span><\/p>","protected":false},"featured_media":34,"template":"","meta":[],"product_brand":[],"product_cat":[20],"product_tag":[],"class_list":{"0":"post-45","1":"product","2":"type-product","3":"status-publish","4":"has-post-thumbnail","6":"product_cat-pelmeny","8":"first","9":"instock","10":"shipping-taxable","11":"purchasable","12":"product-type-simple"},"yoast_head":"<!-- This site is optimized with the Yoast SEO plugin v27.5 - https:\/\/yoast.com\/product\/yoast-seo-wordpress\/ -->\n<title>\u041f\u0435\u043b\u044c\u043c\u0435\u043d\u0456 \u0437 \u0441\u0432\u0438\u043d\u0438\u043d\u043e\u044e<\/title>\n<meta name=\"robots\" content=\"index, follow, max-snippet:-1, max-image-preview:large, max-video-preview:-1\" \/>\n<link rel=\"canonical\" href=\"https:\/\/testonella.cz\/cs\/produkt\/pelmeni-z-svynynoyu\/\" \/>\n<meta property=\"og:locale\" content=\"cs_CZ\" \/>\n<meta property=\"og:type\" content=\"article\" \/>\n<meta property=\"og:title\" content=\"\u041f\u0435\u043b\u044c\u043c\u0435\u043d\u0456 \u0437 \u0441\u0432\u0438\u043d\u0438\u043d\u043e\u044e\" \/>\n<meta property=\"og:description\" content=\"\u0411\u043e\u0440\u043e\u0448\u043d\u043e, \u0441\u0432\u0438\u043d\u043d\u0435 \u043c&#039;\u044f\u0441\u043e, \u0432\u043e\u0434\u0430, \u044f\u0439\u0446\u044f, \u0446\u0438\u0431\u0443\u043b\u044f, \u0441\u0456\u043b\u044c, \u043f\u0435\u0440\u0435\u0446\u044c.\" \/>\n<meta property=\"og:url\" content=\"https:\/\/testonella.cz\/cs\/produkt\/pelmeni-z-svynynoyu\/\" \/>\n<meta property=\"og:site_name\" content=\"Testonella\" \/>\n<meta property=\"article:modified_time\" content=\"2026-01-22T13:05:25+00:00\" \/>\n<meta property=\"og:image\" content=\"https:\/\/testonella.cz\/wp-content\/uploads\/2024\/03\/24.webp\" \/>\n\t<meta property=\"og:image:width\" content=\"1000\" \/>\n\t<meta property=\"og:image:height\" content=\"1000\" \/>\n\t<meta property=\"og:image:type\" content=\"image\/webp\" \/>\n<meta name=\"twitter:card\" content=\"summary_large_image\" \/>\n<meta name=\"twitter:label1\" content=\"Odhadovan\u00e1 doba \u010dten\u00ed\" \/>\n\t<meta name=\"twitter:data1\" content=\"1 minuta\" \/>\n<script type=\"application\/ld+json\" class=\"yoast-schema-graph\">{\"@context\":\"https:\\\/\\\/schema.org\",\"@graph\":[{\"@type\":\"WebPage\",\"@id\":\"https:\\\/\\\/testonella.cz\\\/product\\\/pelmeni-z-svynynoyu\\\/\",\"url\":\"https:\\\/\\\/testonella.cz\\\/product\\\/pelmeni-z-svynynoyu\\\/\",\"name\":\"\u041f\u0435\u043b\u044c\u043c\u0435\u043d\u0456 \u0437 \u0441\u0432\u0438\u043d\u0438\u043d\u043e\u044e\",\"isPartOf\":{\"@id\":\"https:\\\/\\\/testonella.cz\\\/#website\"},\"primaryImageOfPage\":{\"@id\":\"https:\\\/\\\/testonella.cz\\\/product\\\/pelmeni-z-svynynoyu\\\/#primaryimage\"},\"image\":{\"@id\":\"https:\\\/\\\/testonella.cz\\\/product\\\/pelmeni-z-svynynoyu\\\/#primaryimage\"},\"thumbnailUrl\":\"https:\\\/\\\/testonella.cz\\\/wp-content\\\/uploads\\\/2024\\\/03\\\/24.webp\",\"datePublished\":\"2024-03-18T18:25:59+00:00\",\"dateModified\":\"2026-01-22T13:05:25+00:00\",\"breadcrumb\":{\"@id\":\"https:\\\/\\\/testonella.cz\\\/product\\\/pelmeni-z-svynynoyu\\\/#breadcrumb\"},\"inLanguage\":\"cs\",\"potentialAction\":[{\"@type\":\"ReadAction\",\"target\":[\"https:\\\/\\\/testonella.cz\\\/product\\\/pelmeni-z-svynynoyu\\\/\"]}]},{\"@type\":\"ImageObject\",\"inLanguage\":\"cs\",\"@id\":\"https:\\\/\\\/testonella.cz\\\/product\\\/pelmeni-z-svynynoyu\\\/#primaryimage\",\"url\":\"https:\\\/\\\/testonella.cz\\\/wp-content\\\/uploads\\\/2024\\\/03\\\/24.webp\",\"contentUrl\":\"https:\\\/\\\/testonella.cz\\\/wp-content\\\/uploads\\\/2024\\\/03\\\/24.webp\",\"width\":1000,\"height\":1000,\"caption\":\"\u041f\u0435\u043b\u044c\u043c\u0435\u043d\u0456 \u0437 \u0441\u0432\u0438\u043d\u0438\u043d\u043e\u044e, \u041f\u0435\u043b\u044c\u043c\u0435\u043d\u0456 \u0437 \u043a\u0443\u0440\u043a\u043e\u044e, \u041f\u0435\u043b\u044c\u043c\u0435\u043d\u0456 \u0437 \u044f\u043b\u043e\u0432\u0438\u0447\u0438\u043d\u043e\u044e\"},{\"@type\":\"BreadcrumbList\",\"@id\":\"https:\\\/\\\/testonella.cz\\\/product\\\/pelmeni-z-svynynoyu\\\/#breadcrumb\",\"itemListElement\":[{\"@type\":\"ListItem\",\"position\":1,\"name\":\"\u0413\u043e\u043b\u043e\u0432\u043d\u0430\",\"item\":\"https:\\\/\\\/testonella.cz\\\/\"},{\"@type\":\"ListItem\",\"position\":2,\"name\":\"\u041c\u0430\u0433\u0430\u0437\u0438\u043d\",\"item\":\"https:\\\/\\\/testonella.cz\\\/shop\\\/\"},{\"@type\":\"ListItem\",\"position\":3,\"name\":\"\u041f\u0435\u043b\u044c\u043c\u0435\u043d\u0456 \u0437 \u0441\u0432\u0438\u043d\u0438\u043d\u043e\u044e &#8211; 1 \u043a\u0433\"}]},{\"@type\":\"WebSite\",\"@id\":\"https:\\\/\\\/testonella.cz\\\/#website\",\"url\":\"https:\\\/\\\/testonella.cz\\\/\",\"name\":\"Testonella\",\"description\":\"Testonella od Notiko\",\"publisher\":{\"@id\":\"https:\\\/\\\/testonella.cz\\\/#organization\"},\"potentialAction\":[{\"@type\":\"SearchAction\",\"target\":{\"@type\":\"EntryPoint\",\"urlTemplate\":\"https:\\\/\\\/testonella.cz\\\/?s={search_term_string}\"},\"query-input\":{\"@type\":\"PropertyValueSpecification\",\"valueRequired\":true,\"valueName\":\"search_term_string\"}}],\"inLanguage\":\"cs\"},{\"@type\":\"Organization\",\"@id\":\"https:\\\/\\\/testonella.cz\\\/#organization\",\"name\":\"Testonella od Notiko\",\"url\":\"https:\\\/\\\/testonella.cz\\\/\",\"logo\":{\"@type\":\"ImageObject\",\"inLanguage\":\"cs\",\"@id\":\"https:\\\/\\\/testonella.cz\\\/#\\\/schema\\\/logo\\\/image\\\/\",\"url\":\"https:\\\/\\\/shop.testonella.cz\\\/wp-content\\\/uploads\\\/2024\\\/03\\\/logo-seo.webp\",\"contentUrl\":\"https:\\\/\\\/shop.testonella.cz\\\/wp-content\\\/uploads\\\/2024\\\/03\\\/logo-seo.webp\",\"width\":1200,\"height\":675,\"caption\":\"Testonella od Notiko\"},\"image\":{\"@id\":\"https:\\\/\\\/testonella.cz\\\/#\\\/schema\\\/logo\\\/image\\\/\"},\"sameAs\":[\"https:\\\/\\\/www.instagram.com\\\/testonella_od_notiko\"]}]}<\/script>\n<!-- \/ Yoast SEO plugin. -->","yoast_head_json":{"title":"Pelmen\u011b s vep\u0159ov\u00fdm masem","robots":{"index":"index","follow":"follow","max-snippet":"max-snippet:-1","max-image-preview":"max-image-preview:large","max-video-preview":"max-video-preview:-1"},"canonical":"https:\/\/testonella.cz\/cs\/produkt\/pelmeni-z-svynynoyu\/","og_locale":"cs_CZ","og_type":"article","og_title":"\u041f\u0435\u043b\u044c\u043c\u0435\u043d\u0456 \u0437 \u0441\u0432\u0438\u043d\u0438\u043d\u043e\u044e","og_description":"\u0411\u043e\u0440\u043e\u0448\u043d\u043e, \u0441\u0432\u0438\u043d\u043d\u0435 \u043c'\u044f\u0441\u043e, \u0432\u043e\u0434\u0430, \u044f\u0439\u0446\u044f, \u0446\u0438\u0431\u0443\u043b\u044f, \u0441\u0456\u043b\u044c, \u043f\u0435\u0440\u0435\u0446\u044c.","og_url":"https:\/\/testonella.cz\/cs\/produkt\/pelmeni-z-svynynoyu\/","og_site_name":"Testonella","article_modified_time":"2026-01-22T13:05:25+00:00","og_image":[{"width":1000,"height":1000,"url":"https:\/\/testonella.cz\/wp-content\/uploads\/2024\/03\/24.webp","type":"image\/webp"}],"twitter_card":"summary_large_image","twitter_misc":{"Odhadovan\u00e1 doba \u010dten\u00ed":"1 minuta"},"schema":{"@context":"https:\/\/schema.org","@graph":[{"@type":"WebPage","@id":"https:\/\/testonella.cz\/product\/pelmeni-z-svynynoyu\/","url":"https:\/\/testonella.cz\/product\/pelmeni-z-svynynoyu\/","name":"Pelmen\u011b s vep\u0159ov\u00fdm masem","isPartOf":{"@id":"https:\/\/testonella.cz\/#website"},"primaryImageOfPage":{"@id":"https:\/\/testonella.cz\/product\/pelmeni-z-svynynoyu\/#primaryimage"},"image":{"@id":"https:\/\/testonella.cz\/product\/pelmeni-z-svynynoyu\/#primaryimage"},"thumbnailUrl":"https:\/\/testonella.cz\/wp-content\/uploads\/2024\/03\/24.webp","datePublished":"2024-03-18T18:25:59+00:00","dateModified":"2026-01-22T13:05:25+00:00","breadcrumb":{"@id":"https:\/\/testonella.cz\/product\/pelmeni-z-svynynoyu\/#breadcrumb"},"inLanguage":"cs","potentialAction":[{"@type":"ReadAction","target":["https:\/\/testonella.cz\/product\/pelmeni-z-svynynoyu\/"]}]},{"@type":"ImageObject","inLanguage":"cs","@id":"https:\/\/testonella.cz\/product\/pelmeni-z-svynynoyu\/#primaryimage","url":"https:\/\/testonella.cz\/wp-content\/uploads\/2024\/03\/24.webp","contentUrl":"https:\/\/testonella.cz\/wp-content\/uploads\/2024\/03\/24.webp","width":1000,"height":1000,"caption":"\u041f\u0435\u043b\u044c\u043c\u0435\u043d\u0456 \u0437 \u0441\u0432\u0438\u043d\u0438\u043d\u043e\u044e, \u041f\u0435\u043b\u044c\u043c\u0435\u043d\u0456 \u0437 \u043a\u0443\u0440\u043a\u043e\u044e, \u041f\u0435\u043b\u044c\u043c\u0435\u043d\u0456 \u0437 \u044f\u043b\u043e\u0432\u0438\u0447\u0438\u043d\u043e\u044e"},{"@type":"BreadcrumbList","@id":"https:\/\/testonella.cz\/product\/pelmeni-z-svynynoyu\/#breadcrumb","itemListElement":[{"@type":"ListItem","position":1,"name":"\u0413\u043e\u043b\u043e\u0432\u043d\u0430","item":"https:\/\/testonella.cz\/"},{"@type":"ListItem","position":2,"name":"\u041c\u0430\u0433\u0430\u0437\u0438\u043d","item":"https:\/\/testonella.cz\/shop\/"},{"@type":"ListItem","position":3,"name":"\u041f\u0435\u043b\u044c\u043c\u0435\u043d\u0456 \u0437 \u0441\u0432\u0438\u043d\u0438\u043d\u043e\u044e &#8211; 1 \u043a\u0433"}]},{"@type":"WebSite","@id":"https:\/\/testonella.cz\/#website","url":"https:\/\/testonella.cz\/","name":"Testonella","description":"T\u011bstonella od Notiko","publisher":{"@id":"https:\/\/testonella.cz\/#organization"},"potentialAction":[{"@type":"SearchAction","target":{"@type":"EntryPoint","urlTemplate":"https:\/\/testonella.cz\/?s={search_term_string}"},"query-input":{"@type":"PropertyValueSpecification","valueRequired":true,"valueName":"search_term_string"}}],"inLanguage":"cs"},{"@type":"Organization","@id":"https:\/\/testonella.cz\/#organization","name":"T\u011bstonella od Notiko","url":"https:\/\/testonella.cz\/","logo":{"@type":"ImageObject","inLanguage":"cs","@id":"https:\/\/testonella.cz\/#\/schema\/logo\/image\/","url":"https:\/\/shop.testonella.cz\/wp-content\/uploads\/2024\/03\/logo-seo.webp","contentUrl":"https:\/\/shop.testonella.cz\/wp-content\/uploads\/2024\/03\/logo-seo.webp","width":1200,"height":675,"caption":"Testonella od Notiko"},"image":{"@id":"https:\/\/testonella.cz\/#\/schema\/logo\/image\/"},"sameAs":["https:\/\/www.instagram.com\/testonella_od_notiko"]}]}},"_links":{"self":[{"href":"https:\/\/testonella.cz\/cs\/wp-json\/wp\/v2\/product\/45","targetHints":{"allow":["GET"]}}],"collection":[{"href":"https:\/\/testonella.cz\/cs\/wp-json\/wp\/v2\/product"}],"about":[{"href":"https:\/\/testonella.cz\/cs\/wp-json\/wp\/v2\/types\/product"}],"version-history":[{"count":2,"href":"https:\/\/testonella.cz\/cs\/wp-json\/wp\/v2\/product\/45\/revisions"}],"predecessor-version":[{"id":16643,"href":"https:\/\/testonella.cz\/cs\/wp-json\/wp\/v2\/product\/45\/revisions\/16643"}],"wp:featuredmedia":[{"embeddable":true,"href":"https:\/\/testonella.cz\/cs\/wp-json\/wp\/v2\/media\/34"}],"wp:attachment":[{"href":"https:\/\/testonella.cz\/cs\/wp-json\/wp\/v2\/media?parent=45"}],"wp:term":[{"taxonomy":"product_brand","embeddable":true,"href":"https:\/\/testonella.cz\/cs\/wp-json\/wp\/v2\/product_brand?post=45"},{"taxonomy":"product_cat","embeddable":true,"href":"https:\/\/testonella.cz\/cs\/wp-json\/wp\/v2\/product_cat?post=45"},{"taxonomy":"product_tag","embeddable":true,"href":"https:\/\/testonella.cz\/cs\/wp-json\/wp\/v2\/product_tag?post=45"}],"curies":[{"name":"wp","href":"https:\/\/api.w.org\/{rel}","templated":true}]}}