{"id":16916,"date":"2026-03-22T13:17:23","date_gmt":"2026-03-22T11:17:23","guid":{"rendered":"https:\/\/testonella.cz\/?post_type=product&#038;p=16916"},"modified":"2026-03-22T13:18:16","modified_gmt":"2026-03-22T11:18:16","slug":"domashni-mlynczi","status":"publish","type":"product","link":"https:\/\/testonella.cz\/cs\/produkt\/domashni-mlynczi\/","title":{"rendered":"Dom\u00e1c\u00ed pala\u010dinky"},"content":{"rendered":"","protected":false},"excerpt":{"rendered":"<p>\u010cerstv\u00e9 dom\u00e1c\u00ed pala\u010dinky \ud83e\udd5e<\/p>\n<p>Jemn\u00e9, tenk\u00e9 pala\u010dinky na ml\u00e9ce z p\u0159\u00edrodn\u00edch surovin: ml\u00e9ko, vejce, mouka a \u0161petka soli.<\/p>\n<p>V\u00fdb\u011br n\u00e1pln\u011b:<br \/>\n* m\u011bkk\u00fd s\u00fdr<br \/>\n* vo\u0148av\u00fd m\u00e1k<br \/>\n* sladk\u00fd d\u017eem<br \/>\n* cukr s vanilkou<\/p>\n<p>Ide\u00e1ln\u00ed na sn\u00eddani, jako dezert nebo jen tak ke k\u00e1v\u011b \u2615<br \/>\nDom\u00e1c\u00ed chu\u0165 p\u0159ipom\u00ednaj\u00edc\u00ed d\u011btstv\u00ed \ud83e\udd0d<\/p>\n<p>P\u0159ibli\u017en\u00e1 nutri\u010dn\u00ed hodnota (na 100 g pala\u010dinek se s\u00fdrem):<br \/>\n* Kalorie: ~190\u2013210 kcal<br \/>\n* B\u00edlkoviny: ~9 g<br \/>\n* Tuky: ~6 g<br \/>\n* Sacharidy: ~26 g<\/p>\n<p>Pokud je n\u00e1pl\u0148 jin\u00e1, nutri\u010dn\u00ed hodnota se m\u016f\u017ee m\u00edrn\u011b li\u0161it:<br \/>\n* s m\u00e1kem: ~220\u2013240 kcal<br \/>\n* s marmel\u00e1dou: ~200\u2013220 kcal<br \/>\n* s cukrem a vanilkou: ~210\u2013230 kcal<\/p>\n<p>&nbsp;<\/p>\n<p>Uveden\u00e1 cena je za 1 kg.<\/p>","protected":false},"featured_media":16918,"template":"","meta":[],"product_brand":[],"product_cat":[104],"product_tag":[],"class_list":{"0":"post-16916","1":"product","2":"type-product","3":"status-publish","4":"has-post-thumbnail","6":"product_cat-zdrave-stravovani","8":"first","9":"instock","10":"shipping-taxable","11":"purchasable","12":"product-type-simple"},"yoast_head":"<!-- This site is optimized with the Yoast SEO plugin v27.5 - https:\/\/yoast.com\/product\/yoast-seo-wordpress\/ -->\n<title>\u0414\u043e\u043c\u0430\u0448\u043d\u0456 \u043c\u043b\u0438\u043d\u0446\u0456 - Testonella<\/title>\n<meta name=\"robots\" content=\"index, follow, max-snippet:-1, max-image-preview:large, max-video-preview:-1\" \/>\n<link rel=\"canonical\" href=\"https:\/\/testonella.cz\/cs\/produkt\/domashni-mlynczi\/\" \/>\n<meta property=\"og:locale\" content=\"cs_CZ\" \/>\n<meta property=\"og:type\" content=\"article\" \/>\n<meta property=\"og:title\" content=\"\u0414\u043e\u043c\u0430\u0448\u043d\u0456 \u043c\u043b\u0438\u043d\u0446\u0456 - Testonella\" \/>\n<meta property=\"og:description\" content=\"\u0421\u0432\u0456\u0436\u0456 \u0434\u043e\u043c\u0430\u0448\u043d\u0456 \u043c\u043b\u0438\u043d\u0446\u0456 \ud83e\udd5e  \u041c&#039;\u044f\u043a\u0456, \u0442\u043e\u043d\u043a\u0456 \u043c\u043b\u0438\u043d\u0446\u0456 \u043d\u0430 \u043c\u043e\u043b\u043e\u0446\u0456, \u0432\u0438\u0433\u043e\u0442\u043e\u0432\u043b\u0435\u043d\u0456 \u0437 \u043d\u0430\u0442\u0443\u0440\u0430\u043b\u044c\u043d\u0438\u0445 \u0456\u043d\u0433\u0440\u0435\u0434\u0456\u0454\u043d\u0442\u0456\u0432: \u043c\u043e\u043b\u043e\u043a\u0430, \u044f\u0454\u0446\u044c, \u0431\u043e\u0440\u043e\u0448\u043d\u0430 \u0442\u0430 \u0434\u0440\u0456\u0431\u043a\u0438 \u0441\u043e\u043b\u0456.  \u0412\u0438\u0431\u0456\u0440 \u043d\u0430\u0447\u0438\u043d\u043a\u0438: * \u043c&#039;\u044f\u043a\u0438\u0439 \u0441\u0438\u0440 * \u0430\u0440\u043e\u043c\u0430\u0442\u043d\u0438\u0439 \u043c\u0430\u043a * \u0441\u043e\u043b\u043e\u0434\u043a\u0435 \u0432\u0430\u0440\u0435\u043d\u043d\u044f * \u0446\u0443\u043a\u043e\u0440 \u0437 \u0432\u0430\u043d\u0456\u043b\u043b\u044e  \u0406\u0434\u0435\u0430\u043b\u044c\u043d\u043e \u043f\u0456\u0434\u0445\u043e\u0434\u044f\u0442\u044c \u0434\u043b\u044f \u0441\u043d\u0456\u0434\u0430\u043d\u043a\u0443, \u044f\u043a \u0434\u0435\u0441\u0435\u0440\u0442 \u0430\u0431\u043e \u043f\u0440\u043e\u0441\u0442\u043e \u0437 \u043a\u0430\u0432\u043e\u044e \u2615 \u0414\u043e\u043c\u0430\u0448\u043d\u0456\u0439 \u0441\u043c\u0430\u043a, \u0449\u043e \u043d\u0430\u0433\u0430\u0434\u0443\u0454 \u0434\u0438\u0442\u0438\u043d\u0441\u0442\u0432\u043e \ud83e\udd0d  \u041f\u0440\u0438\u0431\u043b\u0438\u0437\u043d\u0430 \u0445\u0430\u0440\u0447\u043e\u0432\u0430 \u0446\u0456\u043d\u043d\u0456\u0441\u0442\u044c (\u043d\u0430 100 \u0433 \u043c\u043b\u0438\u043d\u0446\u0456\u0432 \u0437 \u0441\u0438\u0440\u043e\u043c): * \u041a\u0430\u043b\u043e\u0440\u0456\u0457: ~190\u2013210 \u043a\u043a\u0430\u043b * \u0411\u0456\u043b\u043a\u0438: ~9 \u0433 * \u0416\u0438\u0440\u0438: ~6 \u0433 * \u0412\u0443\u0433\u043b\u0435\u0432\u043e\u0434\u0438: ~26 \u0433  \u042f\u043a\u0449\u043e \u043d\u0430\u0447\u0438\u043d\u043a\u0430 \u0456\u043d\u0448\u0430, \u0445\u0430\u0440\u0447\u043e\u0432\u0430 \u0446\u0456\u043d\u043d\u0456\u0441\u0442\u044c \u043c\u043e\u0436\u0435 \u0434\u0435\u0449\u043e \u0432\u0456\u0434\u0440\u0456\u0437\u043d\u044f\u0442\u0438\u0441\u044f: * \u0437 \u043c\u0430\u043a\u043e\u043c: ~220\u2013240 \u043a\u043a\u0430\u043b * \u0437 \u0432\u0430\u0440\u0435\u043d\u043d\u044f\u043c: ~200\u2013220 \u043a\u043a\u0430\u043b * \u0437 \u0446\u0443\u043a\u0440\u043e\u043c \u0442\u0430 \u0432\u0430\u043d\u0456\u043b\u043b\u044e: ~210\u2013230 \u043a\u043a\u0430\u043b  &nbsp;  \u0426\u0456\u043d\u0430 \u0432\u043a\u0430\u0437\u0430\u043d\u0430 \u0437\u0430 1 \u041a\u0433.\" \/>\n<meta property=\"og:url\" content=\"https:\/\/testonella.cz\/cs\/produkt\/domashni-mlynczi\/\" \/>\n<meta property=\"og:site_name\" content=\"Testonella\" \/>\n<meta property=\"article:modified_time\" content=\"2026-03-22T11:18:16+00:00\" \/>\n<meta property=\"og:image\" content=\"https:\/\/testonella.cz\/wp-content\/uploads\/2026\/03\/whatsapp-image-2026-03-17-aat-17.11.32.jpeg\" \/>\n\t<meta property=\"og:image:width\" content=\"1200\" \/>\n\t<meta property=\"og:image:height\" content=\"1600\" \/>\n\t<meta property=\"og:image:type\" content=\"image\/jpeg\" \/>\n<meta name=\"twitter:card\" content=\"summary_large_image\" \/>\n<meta name=\"twitter:label1\" content=\"Odhadovan\u00e1 doba \u010dten\u00ed\" \/>\n\t<meta name=\"twitter:data1\" content=\"1 minuta\" \/>\n<script type=\"application\/ld+json\" class=\"yoast-schema-graph\">{\"@context\":\"https:\\\/\\\/schema.org\",\"@graph\":[{\"@type\":\"WebPage\",\"@id\":\"https:\\\/\\\/testonella.cz\\\/product\\\/domashni-mlynczi\\\/\",\"url\":\"https:\\\/\\\/testonella.cz\\\/product\\\/domashni-mlynczi\\\/\",\"name\":\"\u0414\u043e\u043c\u0430\u0448\u043d\u0456 \u043c\u043b\u0438\u043d\u0446\u0456 - Testonella\",\"isPartOf\":{\"@id\":\"https:\\\/\\\/testonella.cz\\\/#website\"},\"primaryImageOfPage\":{\"@id\":\"https:\\\/\\\/testonella.cz\\\/product\\\/domashni-mlynczi\\\/#primaryimage\"},\"image\":{\"@id\":\"https:\\\/\\\/testonella.cz\\\/product\\\/domashni-mlynczi\\\/#primaryimage\"},\"thumbnailUrl\":\"https:\\\/\\\/testonella.cz\\\/wp-content\\\/uploads\\\/2026\\\/03\\\/whatsapp-image-2026-03-17-aat-17.11.32.jpeg\",\"datePublished\":\"2026-03-22T11:17:23+00:00\",\"dateModified\":\"2026-03-22T11:18:16+00:00\",\"breadcrumb\":{\"@id\":\"https:\\\/\\\/testonella.cz\\\/product\\\/domashni-mlynczi\\\/#breadcrumb\"},\"inLanguage\":\"cs\",\"potentialAction\":[{\"@type\":\"ReadAction\",\"target\":[\"https:\\\/\\\/testonella.cz\\\/product\\\/domashni-mlynczi\\\/\"]}]},{\"@type\":\"ImageObject\",\"inLanguage\":\"cs\",\"@id\":\"https:\\\/\\\/testonella.cz\\\/product\\\/domashni-mlynczi\\\/#primaryimage\",\"url\":\"https:\\\/\\\/testonella.cz\\\/wp-content\\\/uploads\\\/2026\\\/03\\\/whatsapp-image-2026-03-17-aat-17.11.32.jpeg\",\"contentUrl\":\"https:\\\/\\\/testonella.cz\\\/wp-content\\\/uploads\\\/2026\\\/03\\\/whatsapp-image-2026-03-17-aat-17.11.32.jpeg\",\"width\":1200,\"height\":1600},{\"@type\":\"BreadcrumbList\",\"@id\":\"https:\\\/\\\/testonella.cz\\\/product\\\/domashni-mlynczi\\\/#breadcrumb\",\"itemListElement\":[{\"@type\":\"ListItem\",\"position\":1,\"name\":\"\u0413\u043e\u043b\u043e\u0432\u043d\u0430\",\"item\":\"https:\\\/\\\/testonella.cz\\\/\"},{\"@type\":\"ListItem\",\"position\":2,\"name\":\"\u041c\u0430\u0433\u0430\u0437\u0438\u043d\",\"item\":\"https:\\\/\\\/testonella.cz\\\/shop\\\/\"},{\"@type\":\"ListItem\",\"position\":3,\"name\":\"\u0414\u043e\u043c\u0430\u0448\u043d\u0456 \u043c\u043b\u0438\u043d\u0446\u0456\"}]},{\"@type\":\"WebSite\",\"@id\":\"https:\\\/\\\/testonella.cz\\\/#website\",\"url\":\"https:\\\/\\\/testonella.cz\\\/\",\"name\":\"Testonella\",\"description\":\"Testonella od Notiko\",\"publisher\":{\"@id\":\"https:\\\/\\\/testonella.cz\\\/#organization\"},\"potentialAction\":[{\"@type\":\"SearchAction\",\"target\":{\"@type\":\"EntryPoint\",\"urlTemplate\":\"https:\\\/\\\/testonella.cz\\\/?s={search_term_string}\"},\"query-input\":{\"@type\":\"PropertyValueSpecification\",\"valueRequired\":true,\"valueName\":\"search_term_string\"}}],\"inLanguage\":\"cs\"},{\"@type\":\"Organization\",\"@id\":\"https:\\\/\\\/testonella.cz\\\/#organization\",\"name\":\"Testonella od Notiko\",\"url\":\"https:\\\/\\\/testonella.cz\\\/\",\"logo\":{\"@type\":\"ImageObject\",\"inLanguage\":\"cs\",\"@id\":\"https:\\\/\\\/testonella.cz\\\/#\\\/schema\\\/logo\\\/image\\\/\",\"url\":\"https:\\\/\\\/shop.testonella.cz\\\/wp-content\\\/uploads\\\/2024\\\/03\\\/logo-seo.webp\",\"contentUrl\":\"https:\\\/\\\/shop.testonella.cz\\\/wp-content\\\/uploads\\\/2024\\\/03\\\/logo-seo.webp\",\"width\":1200,\"height\":675,\"caption\":\"Testonella od Notiko\"},\"image\":{\"@id\":\"https:\\\/\\\/testonella.cz\\\/#\\\/schema\\\/logo\\\/image\\\/\"},\"sameAs\":[\"https:\\\/\\\/www.instagram.com\\\/testonella_od_notiko\"]}]}<\/script>\n<!-- \/ Yoast SEO plugin. -->","yoast_head_json":{"title":"\u0414\u043e\u043c\u0430\u0448\u043d\u0456 \u043c\u043b\u0438\u043d\u0446\u0456 - Testonella","robots":{"index":"index","follow":"follow","max-snippet":"max-snippet:-1","max-image-preview":"max-image-preview:large","max-video-preview":"max-video-preview:-1"},"canonical":"https:\/\/testonella.cz\/cs\/produkt\/domashni-mlynczi\/","og_locale":"cs_CZ","og_type":"article","og_title":"\u0414\u043e\u043c\u0430\u0448\u043d\u0456 \u043c\u043b\u0438\u043d\u0446\u0456 - Testonella","og_description":"\u0421\u0432\u0456\u0436\u0456 \u0434\u043e\u043c\u0430\u0448\u043d\u0456 \u043c\u043b\u0438\u043d\u0446\u0456 \ud83e\udd5e  \u041c'\u044f\u043a\u0456, \u0442\u043e\u043d\u043a\u0456 \u043c\u043b\u0438\u043d\u0446\u0456 \u043d\u0430 \u043c\u043e\u043b\u043e\u0446\u0456, \u0432\u0438\u0433\u043e\u0442\u043e\u0432\u043b\u0435\u043d\u0456 \u0437 \u043d\u0430\u0442\u0443\u0440\u0430\u043b\u044c\u043d\u0438\u0445 \u0456\u043d\u0433\u0440\u0435\u0434\u0456\u0454\u043d\u0442\u0456\u0432: \u043c\u043e\u043b\u043e\u043a\u0430, \u044f\u0454\u0446\u044c, \u0431\u043e\u0440\u043e\u0448\u043d\u0430 \u0442\u0430 \u0434\u0440\u0456\u0431\u043a\u0438 \u0441\u043e\u043b\u0456.  \u0412\u0438\u0431\u0456\u0440 \u043d\u0430\u0447\u0438\u043d\u043a\u0438: * \u043c'\u044f\u043a\u0438\u0439 \u0441\u0438\u0440 * \u0430\u0440\u043e\u043c\u0430\u0442\u043d\u0438\u0439 \u043c\u0430\u043a * \u0441\u043e\u043b\u043e\u0434\u043a\u0435 \u0432\u0430\u0440\u0435\u043d\u043d\u044f * \u0446\u0443\u043a\u043e\u0440 \u0437 \u0432\u0430\u043d\u0456\u043b\u043b\u044e  \u0406\u0434\u0435\u0430\u043b\u044c\u043d\u043e \u043f\u0456\u0434\u0445\u043e\u0434\u044f\u0442\u044c \u0434\u043b\u044f \u0441\u043d\u0456\u0434\u0430\u043d\u043a\u0443, \u044f\u043a \u0434\u0435\u0441\u0435\u0440\u0442 \u0430\u0431\u043e \u043f\u0440\u043e\u0441\u0442\u043e \u0437 \u043a\u0430\u0432\u043e\u044e \u2615 \u0414\u043e\u043c\u0430\u0448\u043d\u0456\u0439 \u0441\u043c\u0430\u043a, \u0449\u043e \u043d\u0430\u0433\u0430\u0434\u0443\u0454 \u0434\u0438\u0442\u0438\u043d\u0441\u0442\u0432\u043e \ud83e\udd0d  \u041f\u0440\u0438\u0431\u043b\u0438\u0437\u043d\u0430 \u0445\u0430\u0440\u0447\u043e\u0432\u0430 \u0446\u0456\u043d\u043d\u0456\u0441\u0442\u044c (\u043d\u0430 100 \u0433 \u043c\u043b\u0438\u043d\u0446\u0456\u0432 \u0437 \u0441\u0438\u0440\u043e\u043c): * \u041a\u0430\u043b\u043e\u0440\u0456\u0457: ~190\u2013210 \u043a\u043a\u0430\u043b * \u0411\u0456\u043b\u043a\u0438: ~9 \u0433 * \u0416\u0438\u0440\u0438: ~6 \u0433 * \u0412\u0443\u0433\u043b\u0435\u0432\u043e\u0434\u0438: ~26 \u0433  \u042f\u043a\u0449\u043e \u043d\u0430\u0447\u0438\u043d\u043a\u0430 \u0456\u043d\u0448\u0430, \u0445\u0430\u0440\u0447\u043e\u0432\u0430 \u0446\u0456\u043d\u043d\u0456\u0441\u0442\u044c \u043c\u043e\u0436\u0435 \u0434\u0435\u0449\u043e \u0432\u0456\u0434\u0440\u0456\u0437\u043d\u044f\u0442\u0438\u0441\u044f: * \u0437 \u043c\u0430\u043a\u043e\u043c: ~220\u2013240 \u043a\u043a\u0430\u043b * \u0437 \u0432\u0430\u0440\u0435\u043d\u043d\u044f\u043c: ~200\u2013220 \u043a\u043a\u0430\u043b * \u0437 \u0446\u0443\u043a\u0440\u043e\u043c \u0442\u0430 \u0432\u0430\u043d\u0456\u043b\u043b\u044e: ~210\u2013230 \u043a\u043a\u0430\u043b  &nbsp;  \u0426\u0456\u043d\u0430 \u0432\u043a\u0430\u0437\u0430\u043d\u0430 \u0437\u0430 1 \u041a\u0433.","og_url":"https:\/\/testonella.cz\/cs\/produkt\/domashni-mlynczi\/","og_site_name":"Testonella","article_modified_time":"2026-03-22T11:18:16+00:00","og_image":[{"width":1200,"height":1600,"url":"https:\/\/testonella.cz\/wp-content\/uploads\/2026\/03\/whatsapp-image-2026-03-17-aat-17.11.32.jpeg","type":"image\/jpeg"}],"twitter_card":"summary_large_image","twitter_misc":{"Odhadovan\u00e1 doba \u010dten\u00ed":"1 minuta"},"schema":{"@context":"https:\/\/schema.org","@graph":[{"@type":"WebPage","@id":"https:\/\/testonella.cz\/product\/domashni-mlynczi\/","url":"https:\/\/testonella.cz\/product\/domashni-mlynczi\/","name":"\u0414\u043e\u043c\u0430\u0448\u043d\u0456 \u043c\u043b\u0438\u043d\u0446\u0456 - Testonella","isPartOf":{"@id":"https:\/\/testonella.cz\/#website"},"primaryImageOfPage":{"@id":"https:\/\/testonella.cz\/product\/domashni-mlynczi\/#primaryimage"},"image":{"@id":"https:\/\/testonella.cz\/product\/domashni-mlynczi\/#primaryimage"},"thumbnailUrl":"https:\/\/testonella.cz\/wp-content\/uploads\/2026\/03\/whatsapp-image-2026-03-17-aat-17.11.32.jpeg","datePublished":"2026-03-22T11:17:23+00:00","dateModified":"2026-03-22T11:18:16+00:00","breadcrumb":{"@id":"https:\/\/testonella.cz\/product\/domashni-mlynczi\/#breadcrumb"},"inLanguage":"cs","potentialAction":[{"@type":"ReadAction","target":["https:\/\/testonella.cz\/product\/domashni-mlynczi\/"]}]},{"@type":"ImageObject","inLanguage":"cs","@id":"https:\/\/testonella.cz\/product\/domashni-mlynczi\/#primaryimage","url":"https:\/\/testonella.cz\/wp-content\/uploads\/2026\/03\/whatsapp-image-2026-03-17-aat-17.11.32.jpeg","contentUrl":"https:\/\/testonella.cz\/wp-content\/uploads\/2026\/03\/whatsapp-image-2026-03-17-aat-17.11.32.jpeg","width":1200,"height":1600},{"@type":"BreadcrumbList","@id":"https:\/\/testonella.cz\/product\/domashni-mlynczi\/#breadcrumb","itemListElement":[{"@type":"ListItem","position":1,"name":"\u0413\u043e\u043b\u043e\u0432\u043d\u0430","item":"https:\/\/testonella.cz\/"},{"@type":"ListItem","position":2,"name":"\u041c\u0430\u0433\u0430\u0437\u0438\u043d","item":"https:\/\/testonella.cz\/shop\/"},{"@type":"ListItem","position":3,"name":"\u0414\u043e\u043c\u0430\u0448\u043d\u0456 \u043c\u043b\u0438\u043d\u0446\u0456"}]},{"@type":"WebSite","@id":"https:\/\/testonella.cz\/#website","url":"https:\/\/testonella.cz\/","name":"Testonella","description":"T\u011bstonella od Notiko","publisher":{"@id":"https:\/\/testonella.cz\/#organization"},"potentialAction":[{"@type":"SearchAction","target":{"@type":"EntryPoint","urlTemplate":"https:\/\/testonella.cz\/?s={search_term_string}"},"query-input":{"@type":"PropertyValueSpecification","valueRequired":true,"valueName":"search_term_string"}}],"inLanguage":"cs"},{"@type":"Organization","@id":"https:\/\/testonella.cz\/#organization","name":"T\u011bstonella od Notiko","url":"https:\/\/testonella.cz\/","logo":{"@type":"ImageObject","inLanguage":"cs","@id":"https:\/\/testonella.cz\/#\/schema\/logo\/image\/","url":"https:\/\/shop.testonella.cz\/wp-content\/uploads\/2024\/03\/logo-seo.webp","contentUrl":"https:\/\/shop.testonella.cz\/wp-content\/uploads\/2024\/03\/logo-seo.webp","width":1200,"height":675,"caption":"Testonella od Notiko"},"image":{"@id":"https:\/\/testonella.cz\/#\/schema\/logo\/image\/"},"sameAs":["https:\/\/www.instagram.com\/testonella_od_notiko"]}]}},"_links":{"self":[{"href":"https:\/\/testonella.cz\/cs\/wp-json\/wp\/v2\/product\/16916","targetHints":{"allow":["GET"]}}],"collection":[{"href":"https:\/\/testonella.cz\/cs\/wp-json\/wp\/v2\/product"}],"about":[{"href":"https:\/\/testonella.cz\/cs\/wp-json\/wp\/v2\/types\/product"}],"version-history":[{"count":1,"href":"https:\/\/testonella.cz\/cs\/wp-json\/wp\/v2\/product\/16916\/revisions"}],"predecessor-version":[{"id":16919,"href":"https:\/\/testonella.cz\/cs\/wp-json\/wp\/v2\/product\/16916\/revisions\/16919"}],"wp:featuredmedia":[{"embeddable":true,"href":"https:\/\/testonella.cz\/cs\/wp-json\/wp\/v2\/media\/16918"}],"wp:attachment":[{"href":"https:\/\/testonella.cz\/cs\/wp-json\/wp\/v2\/media?parent=16916"}],"wp:term":[{"taxonomy":"product_brand","embeddable":true,"href":"https:\/\/testonella.cz\/cs\/wp-json\/wp\/v2\/product_brand?post=16916"},{"taxonomy":"product_cat","embeddable":true,"href":"https:\/\/testonella.cz\/cs\/wp-json\/wp\/v2\/product_cat?post=16916"},{"taxonomy":"product_tag","embeddable":true,"href":"https:\/\/testonella.cz\/cs\/wp-json\/wp\/v2\/product_tag?post=16916"}],"curies":[{"name":"wp","href":"https:\/\/api.w.org\/{rel}","templated":true}]}}