{"id":16913,"date":"2026-03-22T13:12:20","date_gmt":"2026-03-22T11:12:20","guid":{"rendered":"https:\/\/testonella.cz\/?post_type=product&#038;p=16913"},"modified":"2026-03-22T13:21:32","modified_gmt":"2026-03-22T11:21:32","slug":"omlet-z-tunczya-v-tortylyi","status":"publish","type":"product","link":"https:\/\/testonella.cz\/cs\/produkt\/omlet-z-tunczya-v-tortylyi\/","title":{"rendered":"Tu\u0148\u00e1kov\u00e1 omeleta v tortille"},"content":{"rendered":"","protected":false},"excerpt":{"rendered":"<p>P\u0159edstavujeme nov\u00fd produkt \u2013 Tu\u0148\u00e1kov\u00e1 omeleta v tortille \ud83c\udf2f<\/p>\n<p>Slo\u017een\u00ed:<br \/>\n* 3 vejce<br \/>\n\u2022 tortilla<br \/>\n* \u0158eck\u00fd jogurt<br \/>\n* tu\u0148\u00e1k nebo ku\u0159e (dle va\u0161eho v\u00fdb\u011bru)<br \/>\n* tvrd\u00fd s\u00fdr<br \/>\nkuku\u0159ice<\/p>\n<p>Syt\u00e9 j\u00eddlo bohat\u00e9 na b\u00edlkoviny \u2013 ide\u00e1ln\u00ed po tr\u00e9ninku nebo jako zdrav\u00e1 sva\u010dina b\u011bhem dne \ud83d\udcaa<\/p>\n<p>Cena je za 300gramovou porci. .<\/p>","protected":false},"featured_media":16914,"template":"","meta":[],"product_brand":[],"product_cat":[104],"product_tag":[],"class_list":{"0":"post-16913","1":"product","2":"type-product","3":"status-publish","4":"has-post-thumbnail","6":"product_cat-zdrave-stravovani","8":"first","9":"instock","10":"shipping-taxable","11":"purchasable","12":"product-type-simple"},"yoast_head":"<!-- This site is optimized with the Yoast SEO plugin v27.5 - https:\/\/yoast.com\/product\/yoast-seo-wordpress\/ -->\n<title>\u041e\u043c\u043b\u0435\u0442 \u0437 \u0442\u0443\u043d\u0446\u044f \u0432 \u0442\u043e\u0440\u0442\u0438\u043b\u044c\u0457 - Testonella<\/title>\n<meta name=\"robots\" content=\"index, follow, max-snippet:-1, max-image-preview:large, max-video-preview:-1\" \/>\n<link rel=\"canonical\" href=\"https:\/\/testonella.cz\/cs\/produkt\/omlet-z-tunczya-v-tortylyi\/\" \/>\n<meta property=\"og:locale\" content=\"cs_CZ\" \/>\n<meta property=\"og:type\" content=\"article\" \/>\n<meta property=\"og:title\" content=\"\u041e\u043c\u043b\u0435\u0442 \u0437 \u0442\u0443\u043d\u0446\u044f \u0432 \u0442\u043e\u0440\u0442\u0438\u043b\u044c\u0457 - Testonella\" \/>\n<meta property=\"og:description\" content=\"\u041f\u0440\u0435\u0434\u0441\u0442\u0430\u0432\u043b\u044f\u0454\u043c\u043e \u043d\u043e\u0432\u0438\u0439 \u043f\u0440\u043e\u0434\u0443\u043a\u0442 \u2013 \u041e\u043c\u043b\u0435\u0442 \u0437 \u0442\u0443\u043d\u0446\u0435\u043c \u0443 \u0442\u043e\u0440\u0442\u0438\u043b\u044c\u0457 \ud83c\udf2f  \u0406\u043d\u0433\u0440\u0435\u0434\u0456\u0454\u043d\u0442\u0438: * 3 \u044f\u0439\u0446\u044f \u2022 \u0442\u043e\u0440\u0442\u0438\u043b\u044c\u044f * \u0433\u0440\u0435\u0446\u044c\u043a\u0438\u0439 \u0439\u043e\u0433\u0443\u0440\u0442 * \u0442\u0443\u043d\u0435\u0446\u044c \u0430\u0431\u043e \u043a\u0443\u0440\u043a\u0430 (\u043d\u0430 \u0432\u0430\u0448 \u0432\u0438\u0431\u0456\u0440) * \u0442\u0432\u0435\u0440\u0434\u0438\u0439 \u0441\u0438\u0440 * \u043a\u0443\u043a\u0443\u0440\u0443\u0434\u0437\u0430  \u0421\u0438\u0442\u043d\u0430 \u0441\u0442\u0440\u0430\u0432\u0430, \u0431\u0430\u0433\u0430\u0442\u0430 \u043d\u0430 \u0431\u0456\u043b\u043e\u043a \u2013 \u0456\u0434\u0435\u0430\u043b\u044c\u043d\u043e \u043f\u0456\u0434\u0445\u043e\u0434\u0438\u0442\u044c \u043f\u0456\u0441\u043b\u044f \u0442\u0440\u0435\u043d\u0443\u0432\u0430\u043d\u043d\u044f \u0430\u0431\u043e \u044f\u043a \u0437\u0434\u043e\u0440\u043e\u0432\u0438\u0439 \u043f\u0440\u0438\u0439\u043e\u043c \u0457\u0436\u0456 \u043f\u0440\u043e\u0442\u044f\u0433\u043e\u043c \u0434\u043d\u044f \ud83d\udcaa  \u0426\u0456\u043d\u0430 \u0432\u043a\u0430\u0437\u0430\u043d\u0430 \u0437\u0430 \u043f\u043e\u0440\u0446\u0456\u044e 300 \u0433\u0440\u0430\u043c .\" \/>\n<meta property=\"og:url\" content=\"https:\/\/testonella.cz\/cs\/produkt\/omlet-z-tunczya-v-tortylyi\/\" \/>\n<meta property=\"og:site_name\" content=\"Testonella\" \/>\n<meta property=\"article:modified_time\" content=\"2026-03-22T11:21:32+00:00\" \/>\n<meta property=\"og:image\" content=\"https:\/\/testonella.cz\/wp-content\/uploads\/2026\/03\/whatsapp-image-2026-03-17-avvvt-17.12.43.jpeg\" \/>\n\t<meta property=\"og:image:width\" content=\"1301\" \/>\n\t<meta property=\"og:image:height\" content=\"1600\" \/>\n\t<meta property=\"og:image:type\" content=\"image\/jpeg\" \/>\n<meta name=\"twitter:card\" content=\"summary_large_image\" \/>\n<meta name=\"twitter:label1\" content=\"Odhadovan\u00e1 doba \u010dten\u00ed\" \/>\n\t<meta name=\"twitter:data1\" content=\"1 minuta\" \/>\n<script type=\"application\/ld+json\" class=\"yoast-schema-graph\">{\"@context\":\"https:\\\/\\\/schema.org\",\"@graph\":[{\"@type\":\"WebPage\",\"@id\":\"https:\\\/\\\/testonella.cz\\\/product\\\/omlet-z-tunczya-v-tortylyi\\\/\",\"url\":\"https:\\\/\\\/testonella.cz\\\/product\\\/omlet-z-tunczya-v-tortylyi\\\/\",\"name\":\"\u041e\u043c\u043b\u0435\u0442 \u0437 \u0442\u0443\u043d\u0446\u044f \u0432 \u0442\u043e\u0440\u0442\u0438\u043b\u044c\u0457 - Testonella\",\"isPartOf\":{\"@id\":\"https:\\\/\\\/testonella.cz\\\/#website\"},\"primaryImageOfPage\":{\"@id\":\"https:\\\/\\\/testonella.cz\\\/product\\\/omlet-z-tunczya-v-tortylyi\\\/#primaryimage\"},\"image\":{\"@id\":\"https:\\\/\\\/testonella.cz\\\/product\\\/omlet-z-tunczya-v-tortylyi\\\/#primaryimage\"},\"thumbnailUrl\":\"https:\\\/\\\/testonella.cz\\\/wp-content\\\/uploads\\\/2026\\\/03\\\/whatsapp-image-2026-03-17-avvvt-17.12.43.jpeg\",\"datePublished\":\"2026-03-22T11:12:20+00:00\",\"dateModified\":\"2026-03-22T11:21:32+00:00\",\"breadcrumb\":{\"@id\":\"https:\\\/\\\/testonella.cz\\\/product\\\/omlet-z-tunczya-v-tortylyi\\\/#breadcrumb\"},\"inLanguage\":\"cs\",\"potentialAction\":[{\"@type\":\"ReadAction\",\"target\":[\"https:\\\/\\\/testonella.cz\\\/product\\\/omlet-z-tunczya-v-tortylyi\\\/\"]}]},{\"@type\":\"ImageObject\",\"inLanguage\":\"cs\",\"@id\":\"https:\\\/\\\/testonella.cz\\\/product\\\/omlet-z-tunczya-v-tortylyi\\\/#primaryimage\",\"url\":\"https:\\\/\\\/testonella.cz\\\/wp-content\\\/uploads\\\/2026\\\/03\\\/whatsapp-image-2026-03-17-avvvt-17.12.43.jpeg\",\"contentUrl\":\"https:\\\/\\\/testonella.cz\\\/wp-content\\\/uploads\\\/2026\\\/03\\\/whatsapp-image-2026-03-17-avvvt-17.12.43.jpeg\",\"width\":1301,\"height\":1600},{\"@type\":\"BreadcrumbList\",\"@id\":\"https:\\\/\\\/testonella.cz\\\/product\\\/omlet-z-tunczya-v-tortylyi\\\/#breadcrumb\",\"itemListElement\":[{\"@type\":\"ListItem\",\"position\":1,\"name\":\"\u0413\u043e\u043b\u043e\u0432\u043d\u0430\",\"item\":\"https:\\\/\\\/testonella.cz\\\/\"},{\"@type\":\"ListItem\",\"position\":2,\"name\":\"\u041c\u0430\u0433\u0430\u0437\u0438\u043d\",\"item\":\"https:\\\/\\\/testonella.cz\\\/shop\\\/\"},{\"@type\":\"ListItem\",\"position\":3,\"name\":\"\u041e\u043c\u043b\u0435\u0442 \u0437 \u0442\u0443\u043d\u0446\u044f \u0432 \u0442\u043e\u0440\u0442\u0438\u043b\u044c\u0457\"}]},{\"@type\":\"WebSite\",\"@id\":\"https:\\\/\\\/testonella.cz\\\/#website\",\"url\":\"https:\\\/\\\/testonella.cz\\\/\",\"name\":\"Testonella\",\"description\":\"Testonella od Notiko\",\"publisher\":{\"@id\":\"https:\\\/\\\/testonella.cz\\\/#organization\"},\"potentialAction\":[{\"@type\":\"SearchAction\",\"target\":{\"@type\":\"EntryPoint\",\"urlTemplate\":\"https:\\\/\\\/testonella.cz\\\/?s={search_term_string}\"},\"query-input\":{\"@type\":\"PropertyValueSpecification\",\"valueRequired\":true,\"valueName\":\"search_term_string\"}}],\"inLanguage\":\"cs\"},{\"@type\":\"Organization\",\"@id\":\"https:\\\/\\\/testonella.cz\\\/#organization\",\"name\":\"Testonella od Notiko\",\"url\":\"https:\\\/\\\/testonella.cz\\\/\",\"logo\":{\"@type\":\"ImageObject\",\"inLanguage\":\"cs\",\"@id\":\"https:\\\/\\\/testonella.cz\\\/#\\\/schema\\\/logo\\\/image\\\/\",\"url\":\"https:\\\/\\\/shop.testonella.cz\\\/wp-content\\\/uploads\\\/2024\\\/03\\\/logo-seo.webp\",\"contentUrl\":\"https:\\\/\\\/shop.testonella.cz\\\/wp-content\\\/uploads\\\/2024\\\/03\\\/logo-seo.webp\",\"width\":1200,\"height\":675,\"caption\":\"Testonella od Notiko\"},\"image\":{\"@id\":\"https:\\\/\\\/testonella.cz\\\/#\\\/schema\\\/logo\\\/image\\\/\"},\"sameAs\":[\"https:\\\/\\\/www.instagram.com\\\/testonella_od_notiko\"]}]}<\/script>\n<!-- \/ Yoast SEO plugin. -->","yoast_head_json":{"title":"\u041e\u043c\u043b\u0435\u0442 \u0437 \u0442\u0443\u043d\u0446\u044f \u0432 \u0442\u043e\u0440\u0442\u0438\u043b\u044c\u0457 - Testonella","robots":{"index":"index","follow":"follow","max-snippet":"max-snippet:-1","max-image-preview":"max-image-preview:large","max-video-preview":"max-video-preview:-1"},"canonical":"https:\/\/testonella.cz\/cs\/produkt\/omlet-z-tunczya-v-tortylyi\/","og_locale":"cs_CZ","og_type":"article","og_title":"\u041e\u043c\u043b\u0435\u0442 \u0437 \u0442\u0443\u043d\u0446\u044f \u0432 \u0442\u043e\u0440\u0442\u0438\u043b\u044c\u0457 - Testonella","og_description":"\u041f\u0440\u0435\u0434\u0441\u0442\u0430\u0432\u043b\u044f\u0454\u043c\u043e \u043d\u043e\u0432\u0438\u0439 \u043f\u0440\u043e\u0434\u0443\u043a\u0442 \u2013 \u041e\u043c\u043b\u0435\u0442 \u0437 \u0442\u0443\u043d\u0446\u0435\u043c \u0443 \u0442\u043e\u0440\u0442\u0438\u043b\u044c\u0457 \ud83c\udf2f  \u0406\u043d\u0433\u0440\u0435\u0434\u0456\u0454\u043d\u0442\u0438: * 3 \u044f\u0439\u0446\u044f \u2022 \u0442\u043e\u0440\u0442\u0438\u043b\u044c\u044f * \u0433\u0440\u0435\u0446\u044c\u043a\u0438\u0439 \u0439\u043e\u0433\u0443\u0440\u0442 * \u0442\u0443\u043d\u0435\u0446\u044c \u0430\u0431\u043e \u043a\u0443\u0440\u043a\u0430 (\u043d\u0430 \u0432\u0430\u0448 \u0432\u0438\u0431\u0456\u0440) * \u0442\u0432\u0435\u0440\u0434\u0438\u0439 \u0441\u0438\u0440 * \u043a\u0443\u043a\u0443\u0440\u0443\u0434\u0437\u0430  \u0421\u0438\u0442\u043d\u0430 \u0441\u0442\u0440\u0430\u0432\u0430, \u0431\u0430\u0433\u0430\u0442\u0430 \u043d\u0430 \u0431\u0456\u043b\u043e\u043a \u2013 \u0456\u0434\u0435\u0430\u043b\u044c\u043d\u043e \u043f\u0456\u0434\u0445\u043e\u0434\u0438\u0442\u044c \u043f\u0456\u0441\u043b\u044f \u0442\u0440\u0435\u043d\u0443\u0432\u0430\u043d\u043d\u044f \u0430\u0431\u043e \u044f\u043a \u0437\u0434\u043e\u0440\u043e\u0432\u0438\u0439 \u043f\u0440\u0438\u0439\u043e\u043c \u0457\u0436\u0456 \u043f\u0440\u043e\u0442\u044f\u0433\u043e\u043c \u0434\u043d\u044f \ud83d\udcaa  \u0426\u0456\u043d\u0430 \u0432\u043a\u0430\u0437\u0430\u043d\u0430 \u0437\u0430 \u043f\u043e\u0440\u0446\u0456\u044e 300 \u0433\u0440\u0430\u043c .","og_url":"https:\/\/testonella.cz\/cs\/produkt\/omlet-z-tunczya-v-tortylyi\/","og_site_name":"Testonella","article_modified_time":"2026-03-22T11:21:32+00:00","og_image":[{"width":1301,"height":1600,"url":"https:\/\/testonella.cz\/wp-content\/uploads\/2026\/03\/whatsapp-image-2026-03-17-avvvt-17.12.43.jpeg","type":"image\/jpeg"}],"twitter_card":"summary_large_image","twitter_misc":{"Odhadovan\u00e1 doba \u010dten\u00ed":"1 minuta"},"schema":{"@context":"https:\/\/schema.org","@graph":[{"@type":"WebPage","@id":"https:\/\/testonella.cz\/product\/omlet-z-tunczya-v-tortylyi\/","url":"https:\/\/testonella.cz\/product\/omlet-z-tunczya-v-tortylyi\/","name":"\u041e\u043c\u043b\u0435\u0442 \u0437 \u0442\u0443\u043d\u0446\u044f \u0432 \u0442\u043e\u0440\u0442\u0438\u043b\u044c\u0457 - Testonella","isPartOf":{"@id":"https:\/\/testonella.cz\/#website"},"primaryImageOfPage":{"@id":"https:\/\/testonella.cz\/product\/omlet-z-tunczya-v-tortylyi\/#primaryimage"},"image":{"@id":"https:\/\/testonella.cz\/product\/omlet-z-tunczya-v-tortylyi\/#primaryimage"},"thumbnailUrl":"https:\/\/testonella.cz\/wp-content\/uploads\/2026\/03\/whatsapp-image-2026-03-17-avvvt-17.12.43.jpeg","datePublished":"2026-03-22T11:12:20+00:00","dateModified":"2026-03-22T11:21:32+00:00","breadcrumb":{"@id":"https:\/\/testonella.cz\/product\/omlet-z-tunczya-v-tortylyi\/#breadcrumb"},"inLanguage":"cs","potentialAction":[{"@type":"ReadAction","target":["https:\/\/testonella.cz\/product\/omlet-z-tunczya-v-tortylyi\/"]}]},{"@type":"ImageObject","inLanguage":"cs","@id":"https:\/\/testonella.cz\/product\/omlet-z-tunczya-v-tortylyi\/#primaryimage","url":"https:\/\/testonella.cz\/wp-content\/uploads\/2026\/03\/whatsapp-image-2026-03-17-avvvt-17.12.43.jpeg","contentUrl":"https:\/\/testonella.cz\/wp-content\/uploads\/2026\/03\/whatsapp-image-2026-03-17-avvvt-17.12.43.jpeg","width":1301,"height":1600},{"@type":"BreadcrumbList","@id":"https:\/\/testonella.cz\/product\/omlet-z-tunczya-v-tortylyi\/#breadcrumb","itemListElement":[{"@type":"ListItem","position":1,"name":"\u0413\u043e\u043b\u043e\u0432\u043d\u0430","item":"https:\/\/testonella.cz\/"},{"@type":"ListItem","position":2,"name":"\u041c\u0430\u0433\u0430\u0437\u0438\u043d","item":"https:\/\/testonella.cz\/shop\/"},{"@type":"ListItem","position":3,"name":"\u041e\u043c\u043b\u0435\u0442 \u0437 \u0442\u0443\u043d\u0446\u044f \u0432 \u0442\u043e\u0440\u0442\u0438\u043b\u044c\u0457"}]},{"@type":"WebSite","@id":"https:\/\/testonella.cz\/#website","url":"https:\/\/testonella.cz\/","name":"Testonella","description":"T\u011bstonella od Notiko","publisher":{"@id":"https:\/\/testonella.cz\/#organization"},"potentialAction":[{"@type":"SearchAction","target":{"@type":"EntryPoint","urlTemplate":"https:\/\/testonella.cz\/?s={search_term_string}"},"query-input":{"@type":"PropertyValueSpecification","valueRequired":true,"valueName":"search_term_string"}}],"inLanguage":"cs"},{"@type":"Organization","@id":"https:\/\/testonella.cz\/#organization","name":"T\u011bstonella od Notiko","url":"https:\/\/testonella.cz\/","logo":{"@type":"ImageObject","inLanguage":"cs","@id":"https:\/\/testonella.cz\/#\/schema\/logo\/image\/","url":"https:\/\/shop.testonella.cz\/wp-content\/uploads\/2024\/03\/logo-seo.webp","contentUrl":"https:\/\/shop.testonella.cz\/wp-content\/uploads\/2024\/03\/logo-seo.webp","width":1200,"height":675,"caption":"Testonella od Notiko"},"image":{"@id":"https:\/\/testonella.cz\/#\/schema\/logo\/image\/"},"sameAs":["https:\/\/www.instagram.com\/testonella_od_notiko"]}]}},"_links":{"self":[{"href":"https:\/\/testonella.cz\/cs\/wp-json\/wp\/v2\/product\/16913","targetHints":{"allow":["GET"]}}],"collection":[{"href":"https:\/\/testonella.cz\/cs\/wp-json\/wp\/v2\/product"}],"about":[{"href":"https:\/\/testonella.cz\/cs\/wp-json\/wp\/v2\/types\/product"}],"version-history":[{"count":2,"href":"https:\/\/testonella.cz\/cs\/wp-json\/wp\/v2\/product\/16913\/revisions"}],"predecessor-version":[{"id":16921,"href":"https:\/\/testonella.cz\/cs\/wp-json\/wp\/v2\/product\/16913\/revisions\/16921"}],"wp:featuredmedia":[{"embeddable":true,"href":"https:\/\/testonella.cz\/cs\/wp-json\/wp\/v2\/media\/16914"}],"wp:attachment":[{"href":"https:\/\/testonella.cz\/cs\/wp-json\/wp\/v2\/media?parent=16913"}],"wp:term":[{"taxonomy":"product_brand","embeddable":true,"href":"https:\/\/testonella.cz\/cs\/wp-json\/wp\/v2\/product_brand?post=16913"},{"taxonomy":"product_cat","embeddable":true,"href":"https:\/\/testonella.cz\/cs\/wp-json\/wp\/v2\/product_cat?post=16913"},{"taxonomy":"product_tag","embeddable":true,"href":"https:\/\/testonella.cz\/cs\/wp-json\/wp\/v2\/product_tag?post=16913"}],"curies":[{"name":"wp","href":"https:\/\/api.w.org\/{rel}","templated":true}]}}