{"id":16908,"date":"2026-03-22T13:04:35","date_gmt":"2026-03-22T11:04:35","guid":{"rendered":"https:\/\/testonella.cz\/?post_type=product&#038;p=16908"},"modified":"2026-03-22T13:19:18","modified_gmt":"2026-03-22T11:19:18","slug":"tvorozhna-zapikanka","status":"publish","type":"product","link":"https:\/\/testonella.cz\/cs\/produkt\/tvorozhna-zapikanka\/","title":{"rendered":"Tvarohov\u00e1 zap\u00e9kan\u00e1"},"content":{"rendered":"","protected":false},"excerpt":{"rendered":"<p>Tvarohov\u00e1 zap\u00e9kan\u00e1 - ide\u00e1ln\u00ed volba pro ty, kte\u0159\u00ed miluj\u00ed sladk\u00e9 sn\u00eddan\u011b bez zbyte\u010dn\u00fdch kalori\u00ed \ud83e\udd0d<\/p>\n<p>Jemn\u00e1, nad\u00fdchan\u00e1, z p\u0159\u00edrodn\u00edho tvarohu a se sladidlem - skute\u010dn\u00fd fit dezert, kter\u00fd si m\u016f\u017eete dop\u0159\u00e1t bez v\u00fd\u010ditek.<\/p>\n<p>Sladk\u00e9, zdrav\u00e9 a velmi chutn\u00e9 - p\u0159esn\u011b tak za\u010d\u00edn\u00e1 r\u00e1no v Testonella \u2615\u2728<\/p>\n<p>Cena je za porci. .<\/p>\n<p>700 g -300 K\u010d<br \/>\n350 g -150 K\u010d<\/p>\n<p>P\u0159ibli\u017en\u00e1 nutri\u010dn\u00ed hodnota (na 100 g):<br \/>\n\u2022 Kalorie: ~120\u2013140 kcal<br \/>\n\u2022 B\u00edlkoviny: ~15 g<br \/>\n\u2022 Tuky: ~4\u20135 g<br \/>\n\u2022 Sacharidy: ~4\u20136 g<\/p>\n<p>&nbsp;<\/p>","protected":false},"featured_media":16910,"template":"","meta":[],"product_brand":[],"product_cat":[104],"product_tag":[],"class_list":{"0":"post-16908","1":"product","2":"type-product","3":"status-publish","4":"has-post-thumbnail","6":"product_cat-zdrave-stravovani","8":"first","9":"instock","10":"shipping-taxable","11":"purchasable","12":"product-type-simple"},"yoast_head":"<!-- This site is optimized with the Yoast SEO plugin v27.5 - https:\/\/yoast.com\/product\/yoast-seo-wordpress\/ -->\n<title>\u0422\u0432\u043e\u0440\u043e\u0436\u043d\u0430 \u0437\u0430\u043f\u0456\u043a\u0430\u043d\u043a\u0430 - Testonella<\/title>\n<meta name=\"robots\" content=\"index, follow, max-snippet:-1, max-image-preview:large, max-video-preview:-1\" \/>\n<link rel=\"canonical\" href=\"https:\/\/testonella.cz\/cs\/produkt\/tvorozhna-zapikanka\/\" \/>\n<meta property=\"og:locale\" content=\"cs_CZ\" \/>\n<meta property=\"og:type\" content=\"article\" \/>\n<meta property=\"og:title\" content=\"\u0422\u0432\u043e\u0440\u043e\u0436\u043d\u0430 \u0437\u0430\u043f\u0456\u043a\u0430\u043d\u043a\u0430 - Testonella\" \/>\n<meta property=\"og:description\" content=\"\u0422\u0432\u043e\u0440\u043e\u0436\u043d\u0430 \u0437\u0430\u043f\u0456\u043a\u0430\u043d\u043a\u0430 \u2013 \u0456\u0434\u0435\u0430\u043b\u044c\u043d\u0438\u0439 \u0432\u0438\u0431\u0456\u0440 \u0434\u043b\u044f \u0442\u0438\u0445, \u0445\u0442\u043e \u043b\u044e\u0431\u0438\u0442\u044c \u0441\u043e\u043b\u043e\u0434\u043a\u0456 \u0441\u043d\u0456\u0434\u0430\u043d\u043a\u0438 \u0431\u0435\u0437 \u0437\u0430\u0439\u0432\u0438\u0445 \u043a\u0430\u043b\u043e\u0440\u0456\u0439 \ud83e\udd0d  \u041c\u2019\u044f\u043a\u0430, \u043f\u0443\u0445\u043a\u0430, \u0432\u0438\u0433\u043e\u0442\u043e\u0432\u043b\u0435\u043d\u0430 \u200b\u200b\u0437 \u043d\u0430\u0442\u0443\u0440\u0430\u043b\u044c\u043d\u043e\u0433\u043e \u0441\u0438\u0440\u0443 \u0442\u0430 \u0437 \u043f\u0456\u0434\u0441\u043e\u043b\u043e\u0434\u0436\u0443\u0432\u0430\u0447\u0435\u043c \u2013 \u0441\u043f\u0440\u0430\u0432\u0436\u043d\u0456\u0439 \u0434\u0435\u0441\u0435\u0440\u0442, \u044f\u043a\u0438\u043c \u043c\u043e\u0436\u043d\u0430 \u043d\u0430\u0441\u043e\u043b\u043e\u0434\u0436\u0443\u0432\u0430\u0442\u0438\u0441\u044f \u0431\u0435\u0437 \u0436\u0430\u043b\u044e.  \u0421\u043e\u043b\u043e\u0434\u043a\u0430, \u043a\u043e\u0440\u0438\u0441\u043d\u0430 \u0442\u0430 \u0434\u0443\u0436\u0435 \u0441\u043c\u0430\u0447\u043d\u0430 \u2013 \u0441\u0430\u043c\u0435 \u0442\u0430\u043a \u043f\u043e\u0447\u0438\u043d\u0430\u0454\u0442\u044c\u0441\u044f \u0440\u0430\u043d\u043e\u043a \u0443 Testonella \u2615\u2728  \u0426\u0456\u043d\u0430 \u0432\u043a\u0430\u0437\u0430\u043d\u0430 \u0437\u0430 \u043f\u043e\u0440\u0446\u0456\u044e .  700 \u0433 -300 \u043a\u0440\u043e\u043d 350 \u0433 -150 \u043a\u0440\u043e\u043d  \u041f\u0440\u0438\u0431\u043b\u0438\u0437\u043d\u0430 \u0445\u0430\u0440\u0447\u043e\u0432\u0430 \u0446\u0456\u043d\u043d\u0456\u0441\u0442\u044c (\u043d\u0430 100 \u0433): \u2022 \u041a\u0430\u043b\u043e\u0440\u0456\u0457: ~120\u2013140 \u043a\u043a\u0430\u043b \u2022 \u0411\u0456\u043b\u043a\u0438: ~15 \u0433 \u2022 \u0416\u0438\u0440\u0438: ~4\u20135 \u0433 \u2022 \u0412\u0443\u0433\u043b\u0435\u0432\u043e\u0434\u0438: ~4\u20136 \u0433  &nbsp;\" \/>\n<meta property=\"og:url\" content=\"https:\/\/testonella.cz\/cs\/produkt\/tvorozhna-zapikanka\/\" \/>\n<meta property=\"og:site_name\" content=\"Testonella\" \/>\n<meta property=\"article:modified_time\" content=\"2026-03-22T11:19:18+00:00\" \/>\n<meta property=\"og:image\" content=\"https:\/\/testonella.cz\/wp-content\/uploads\/2026\/03\/whatsapp-image-2026-03-17-at-17.12.43.jpeg\" \/>\n\t<meta property=\"og:image:width\" content=\"1458\" \/>\n\t<meta property=\"og:image:height\" content=\"1600\" \/>\n\t<meta property=\"og:image:type\" content=\"image\/jpeg\" \/>\n<meta name=\"twitter:card\" content=\"summary_large_image\" \/>\n<meta name=\"twitter:label1\" content=\"Odhadovan\u00e1 doba \u010dten\u00ed\" \/>\n\t<meta name=\"twitter:data1\" content=\"1 minuta\" \/>\n<script type=\"application\/ld+json\" class=\"yoast-schema-graph\">{\"@context\":\"https:\\\/\\\/schema.org\",\"@graph\":[{\"@type\":\"WebPage\",\"@id\":\"https:\\\/\\\/testonella.cz\\\/product\\\/tvorozhna-zapikanka\\\/\",\"url\":\"https:\\\/\\\/testonella.cz\\\/product\\\/tvorozhna-zapikanka\\\/\",\"name\":\"\u0422\u0432\u043e\u0440\u043e\u0436\u043d\u0430 \u0437\u0430\u043f\u0456\u043a\u0430\u043d\u043a\u0430 - Testonella\",\"isPartOf\":{\"@id\":\"https:\\\/\\\/testonella.cz\\\/#website\"},\"primaryImageOfPage\":{\"@id\":\"https:\\\/\\\/testonella.cz\\\/product\\\/tvorozhna-zapikanka\\\/#primaryimage\"},\"image\":{\"@id\":\"https:\\\/\\\/testonella.cz\\\/product\\\/tvorozhna-zapikanka\\\/#primaryimage\"},\"thumbnailUrl\":\"https:\\\/\\\/testonella.cz\\\/wp-content\\\/uploads\\\/2026\\\/03\\\/whatsapp-image-2026-03-17-at-17.12.43.jpeg\",\"datePublished\":\"2026-03-22T11:04:35+00:00\",\"dateModified\":\"2026-03-22T11:19:18+00:00\",\"breadcrumb\":{\"@id\":\"https:\\\/\\\/testonella.cz\\\/product\\\/tvorozhna-zapikanka\\\/#breadcrumb\"},\"inLanguage\":\"cs\",\"potentialAction\":[{\"@type\":\"ReadAction\",\"target\":[\"https:\\\/\\\/testonella.cz\\\/product\\\/tvorozhna-zapikanka\\\/\"]}]},{\"@type\":\"ImageObject\",\"inLanguage\":\"cs\",\"@id\":\"https:\\\/\\\/testonella.cz\\\/product\\\/tvorozhna-zapikanka\\\/#primaryimage\",\"url\":\"https:\\\/\\\/testonella.cz\\\/wp-content\\\/uploads\\\/2026\\\/03\\\/whatsapp-image-2026-03-17-at-17.12.43.jpeg\",\"contentUrl\":\"https:\\\/\\\/testonella.cz\\\/wp-content\\\/uploads\\\/2026\\\/03\\\/whatsapp-image-2026-03-17-at-17.12.43.jpeg\",\"width\":1458,\"height\":1600},{\"@type\":\"BreadcrumbList\",\"@id\":\"https:\\\/\\\/testonella.cz\\\/product\\\/tvorozhna-zapikanka\\\/#breadcrumb\",\"itemListElement\":[{\"@type\":\"ListItem\",\"position\":1,\"name\":\"\u0413\u043e\u043b\u043e\u0432\u043d\u0430\",\"item\":\"https:\\\/\\\/testonella.cz\\\/\"},{\"@type\":\"ListItem\",\"position\":2,\"name\":\"\u041c\u0430\u0433\u0430\u0437\u0438\u043d\",\"item\":\"https:\\\/\\\/testonella.cz\\\/shop\\\/\"},{\"@type\":\"ListItem\",\"position\":3,\"name\":\"\u0422\u0432\u043e\u0440\u043e\u0436\u043d\u0430 \u0437\u0430\u043f\u0456\u043a\u0430\u043d\u043a\u0430\"}]},{\"@type\":\"WebSite\",\"@id\":\"https:\\\/\\\/testonella.cz\\\/#website\",\"url\":\"https:\\\/\\\/testonella.cz\\\/\",\"name\":\"Testonella\",\"description\":\"Testonella od Notiko\",\"publisher\":{\"@id\":\"https:\\\/\\\/testonella.cz\\\/#organization\"},\"potentialAction\":[{\"@type\":\"SearchAction\",\"target\":{\"@type\":\"EntryPoint\",\"urlTemplate\":\"https:\\\/\\\/testonella.cz\\\/?s={search_term_string}\"},\"query-input\":{\"@type\":\"PropertyValueSpecification\",\"valueRequired\":true,\"valueName\":\"search_term_string\"}}],\"inLanguage\":\"cs\"},{\"@type\":\"Organization\",\"@id\":\"https:\\\/\\\/testonella.cz\\\/#organization\",\"name\":\"Testonella od Notiko\",\"url\":\"https:\\\/\\\/testonella.cz\\\/\",\"logo\":{\"@type\":\"ImageObject\",\"inLanguage\":\"cs\",\"@id\":\"https:\\\/\\\/testonella.cz\\\/#\\\/schema\\\/logo\\\/image\\\/\",\"url\":\"https:\\\/\\\/shop.testonella.cz\\\/wp-content\\\/uploads\\\/2024\\\/03\\\/logo-seo.webp\",\"contentUrl\":\"https:\\\/\\\/shop.testonella.cz\\\/wp-content\\\/uploads\\\/2024\\\/03\\\/logo-seo.webp\",\"width\":1200,\"height\":675,\"caption\":\"Testonella od Notiko\"},\"image\":{\"@id\":\"https:\\\/\\\/testonella.cz\\\/#\\\/schema\\\/logo\\\/image\\\/\"},\"sameAs\":[\"https:\\\/\\\/www.instagram.com\\\/testonella_od_notiko\"]}]}<\/script>\n<!-- \/ Yoast SEO plugin. -->","yoast_head_json":{"title":"\u0422\u0432\u043e\u0440\u043e\u0436\u043d\u0430 \u0437\u0430\u043f\u0456\u043a\u0430\u043d\u043a\u0430 - Testonella","robots":{"index":"index","follow":"follow","max-snippet":"max-snippet:-1","max-image-preview":"max-image-preview:large","max-video-preview":"max-video-preview:-1"},"canonical":"https:\/\/testonella.cz\/cs\/produkt\/tvorozhna-zapikanka\/","og_locale":"cs_CZ","og_type":"article","og_title":"\u0422\u0432\u043e\u0440\u043e\u0436\u043d\u0430 \u0437\u0430\u043f\u0456\u043a\u0430\u043d\u043a\u0430 - Testonella","og_description":"\u0422\u0432\u043e\u0440\u043e\u0436\u043d\u0430 \u0437\u0430\u043f\u0456\u043a\u0430\u043d\u043a\u0430 \u2013 \u0456\u0434\u0435\u0430\u043b\u044c\u043d\u0438\u0439 \u0432\u0438\u0431\u0456\u0440 \u0434\u043b\u044f \u0442\u0438\u0445, \u0445\u0442\u043e \u043b\u044e\u0431\u0438\u0442\u044c \u0441\u043e\u043b\u043e\u0434\u043a\u0456 \u0441\u043d\u0456\u0434\u0430\u043d\u043a\u0438 \u0431\u0435\u0437 \u0437\u0430\u0439\u0432\u0438\u0445 \u043a\u0430\u043b\u043e\u0440\u0456\u0439 \ud83e\udd0d  \u041c\u2019\u044f\u043a\u0430, \u043f\u0443\u0445\u043a\u0430, \u0432\u0438\u0433\u043e\u0442\u043e\u0432\u043b\u0435\u043d\u0430 \u200b\u200b\u0437 \u043d\u0430\u0442\u0443\u0440\u0430\u043b\u044c\u043d\u043e\u0433\u043e \u0441\u0438\u0440\u0443 \u0442\u0430 \u0437 \u043f\u0456\u0434\u0441\u043e\u043b\u043e\u0434\u0436\u0443\u0432\u0430\u0447\u0435\u043c \u2013 \u0441\u043f\u0440\u0430\u0432\u0436\u043d\u0456\u0439 \u0434\u0435\u0441\u0435\u0440\u0442, \u044f\u043a\u0438\u043c \u043c\u043e\u0436\u043d\u0430 \u043d\u0430\u0441\u043e\u043b\u043e\u0434\u0436\u0443\u0432\u0430\u0442\u0438\u0441\u044f \u0431\u0435\u0437 \u0436\u0430\u043b\u044e.  \u0421\u043e\u043b\u043e\u0434\u043a\u0430, \u043a\u043e\u0440\u0438\u0441\u043d\u0430 \u0442\u0430 \u0434\u0443\u0436\u0435 \u0441\u043c\u0430\u0447\u043d\u0430 \u2013 \u0441\u0430\u043c\u0435 \u0442\u0430\u043a \u043f\u043e\u0447\u0438\u043d\u0430\u0454\u0442\u044c\u0441\u044f \u0440\u0430\u043d\u043e\u043a \u0443 Testonella \u2615\u2728  \u0426\u0456\u043d\u0430 \u0432\u043a\u0430\u0437\u0430\u043d\u0430 \u0437\u0430 \u043f\u043e\u0440\u0446\u0456\u044e .  700 \u0433 -300 \u043a\u0440\u043e\u043d 350 \u0433 -150 \u043a\u0440\u043e\u043d  \u041f\u0440\u0438\u0431\u043b\u0438\u0437\u043d\u0430 \u0445\u0430\u0440\u0447\u043e\u0432\u0430 \u0446\u0456\u043d\u043d\u0456\u0441\u0442\u044c (\u043d\u0430 100 \u0433): \u2022 \u041a\u0430\u043b\u043e\u0440\u0456\u0457: ~120\u2013140 \u043a\u043a\u0430\u043b \u2022 \u0411\u0456\u043b\u043a\u0438: ~15 \u0433 \u2022 \u0416\u0438\u0440\u0438: ~4\u20135 \u0433 \u2022 \u0412\u0443\u0433\u043b\u0435\u0432\u043e\u0434\u0438: ~4\u20136 \u0433  &nbsp;","og_url":"https:\/\/testonella.cz\/cs\/produkt\/tvorozhna-zapikanka\/","og_site_name":"Testonella","article_modified_time":"2026-03-22T11:19:18+00:00","og_image":[{"width":1458,"height":1600,"url":"https:\/\/testonella.cz\/wp-content\/uploads\/2026\/03\/whatsapp-image-2026-03-17-at-17.12.43.jpeg","type":"image\/jpeg"}],"twitter_card":"summary_large_image","twitter_misc":{"Odhadovan\u00e1 doba \u010dten\u00ed":"1 minuta"},"schema":{"@context":"https:\/\/schema.org","@graph":[{"@type":"WebPage","@id":"https:\/\/testonella.cz\/product\/tvorozhna-zapikanka\/","url":"https:\/\/testonella.cz\/product\/tvorozhna-zapikanka\/","name":"\u0422\u0432\u043e\u0440\u043e\u0436\u043d\u0430 \u0437\u0430\u043f\u0456\u043a\u0430\u043d\u043a\u0430 - Testonella","isPartOf":{"@id":"https:\/\/testonella.cz\/#website"},"primaryImageOfPage":{"@id":"https:\/\/testonella.cz\/product\/tvorozhna-zapikanka\/#primaryimage"},"image":{"@id":"https:\/\/testonella.cz\/product\/tvorozhna-zapikanka\/#primaryimage"},"thumbnailUrl":"https:\/\/testonella.cz\/wp-content\/uploads\/2026\/03\/whatsapp-image-2026-03-17-at-17.12.43.jpeg","datePublished":"2026-03-22T11:04:35+00:00","dateModified":"2026-03-22T11:19:18+00:00","breadcrumb":{"@id":"https:\/\/testonella.cz\/product\/tvorozhna-zapikanka\/#breadcrumb"},"inLanguage":"cs","potentialAction":[{"@type":"ReadAction","target":["https:\/\/testonella.cz\/product\/tvorozhna-zapikanka\/"]}]},{"@type":"ImageObject","inLanguage":"cs","@id":"https:\/\/testonella.cz\/product\/tvorozhna-zapikanka\/#primaryimage","url":"https:\/\/testonella.cz\/wp-content\/uploads\/2026\/03\/whatsapp-image-2026-03-17-at-17.12.43.jpeg","contentUrl":"https:\/\/testonella.cz\/wp-content\/uploads\/2026\/03\/whatsapp-image-2026-03-17-at-17.12.43.jpeg","width":1458,"height":1600},{"@type":"BreadcrumbList","@id":"https:\/\/testonella.cz\/product\/tvorozhna-zapikanka\/#breadcrumb","itemListElement":[{"@type":"ListItem","position":1,"name":"\u0413\u043e\u043b\u043e\u0432\u043d\u0430","item":"https:\/\/testonella.cz\/"},{"@type":"ListItem","position":2,"name":"\u041c\u0430\u0433\u0430\u0437\u0438\u043d","item":"https:\/\/testonella.cz\/shop\/"},{"@type":"ListItem","position":3,"name":"\u0422\u0432\u043e\u0440\u043e\u0436\u043d\u0430 \u0437\u0430\u043f\u0456\u043a\u0430\u043d\u043a\u0430"}]},{"@type":"WebSite","@id":"https:\/\/testonella.cz\/#website","url":"https:\/\/testonella.cz\/","name":"Testonella","description":"T\u011bstonella od Notiko","publisher":{"@id":"https:\/\/testonella.cz\/#organization"},"potentialAction":[{"@type":"SearchAction","target":{"@type":"EntryPoint","urlTemplate":"https:\/\/testonella.cz\/?s={search_term_string}"},"query-input":{"@type":"PropertyValueSpecification","valueRequired":true,"valueName":"search_term_string"}}],"inLanguage":"cs"},{"@type":"Organization","@id":"https:\/\/testonella.cz\/#organization","name":"T\u011bstonella od Notiko","url":"https:\/\/testonella.cz\/","logo":{"@type":"ImageObject","inLanguage":"cs","@id":"https:\/\/testonella.cz\/#\/schema\/logo\/image\/","url":"https:\/\/shop.testonella.cz\/wp-content\/uploads\/2024\/03\/logo-seo.webp","contentUrl":"https:\/\/shop.testonella.cz\/wp-content\/uploads\/2024\/03\/logo-seo.webp","width":1200,"height":675,"caption":"Testonella od Notiko"},"image":{"@id":"https:\/\/testonella.cz\/#\/schema\/logo\/image\/"},"sameAs":["https:\/\/www.instagram.com\/testonella_od_notiko"]}]}},"_links":{"self":[{"href":"https:\/\/testonella.cz\/cs\/wp-json\/wp\/v2\/product\/16908","targetHints":{"allow":["GET"]}}],"collection":[{"href":"https:\/\/testonella.cz\/cs\/wp-json\/wp\/v2\/product"}],"about":[{"href":"https:\/\/testonella.cz\/cs\/wp-json\/wp\/v2\/types\/product"}],"version-history":[{"count":3,"href":"https:\/\/testonella.cz\/cs\/wp-json\/wp\/v2\/product\/16908\/revisions"}],"predecessor-version":[{"id":16920,"href":"https:\/\/testonella.cz\/cs\/wp-json\/wp\/v2\/product\/16908\/revisions\/16920"}],"wp:featuredmedia":[{"embeddable":true,"href":"https:\/\/testonella.cz\/cs\/wp-json\/wp\/v2\/media\/16910"}],"wp:attachment":[{"href":"https:\/\/testonella.cz\/cs\/wp-json\/wp\/v2\/media?parent=16908"}],"wp:term":[{"taxonomy":"product_brand","embeddable":true,"href":"https:\/\/testonella.cz\/cs\/wp-json\/wp\/v2\/product_brand?post=16908"},{"taxonomy":"product_cat","embeddable":true,"href":"https:\/\/testonella.cz\/cs\/wp-json\/wp\/v2\/product_cat?post=16908"},{"taxonomy":"product_tag","embeddable":true,"href":"https:\/\/testonella.cz\/cs\/wp-json\/wp\/v2\/product_tag?post=16908"}],"curies":[{"name":"wp","href":"https:\/\/api.w.org\/{rel}","templated":true}]}}