{"id":843,"date":"2021-08-26T12:26:53","date_gmt":"2021-08-26T12:26:53","guid":{"rendered":"http:\/\/dummy.xtemos.com\/woodmart2\/elementor\/?page_id=60"},"modified":"2024-03-22T19:54:50","modified_gmt":"2024-03-22T17:54:50","slug":"wishlist","status":"publish","type":"page","link":"https:\/\/testonella.cz\/cs\/wishlist\/","title":{"rendered":"Touha"},"content":{"rendered":"<div class=\"\" >\n\t\t\t\t\t\t<div class=\"wd-wishlist-content\">\n\t\t\t\t\t\t\t\t\t\t\t\n\t\t<p class=\"wd-empty-wishlist wd-empty-page\">\n\t\t\tTento seznam p\u0159\u00e1n\u00ed je pr\u00e1zdn\u00fd.\t\t<\/p>\n\n\t\t\t\t\t<div class=\"wd-empty-page-text\">\n\t\t\t\tVe sv\u00e9m seznamu p\u0159\u00e1n\u00ed zat\u00edm nem\u00e1te \u017e\u00e1dn\u00e9 polo\u017eky. Na str\u00e1nce \u201eObchod\u201c najdete mnoho zaj\u00edmav\u00fdch polo\u017eek.\t\t\t<\/div>\n\t\t\n\t\t\n\t\t\t\t\t<p class=\"return-to-shop\">\n\t\t\t\t<a class=\"button\" href=\"https:\/\/testonella.cz\/cs\/shop\/\">\n\t\t\t\t\tZp\u011bt do obchodu\t\t\t\t<\/a>\n\t\t\t<\/p>\n\t\t\t\t\t\t\t\t\t\t\t<\/div>\n\t\t\t\t<\/div>","protected":false},"excerpt":{"rendered":"","protected":false},"author":1,"featured_media":0,"parent":0,"menu_order":0,"comment_status":"closed","ping_status":"closed","template":"","meta":{"footnotes":""},"class_list":["post-843","page","type-page","status-publish","hentry"],"yoast_head":"<!-- This site is optimized with the Yoast SEO plugin v27.5 - https:\/\/yoast.com\/product\/yoast-seo-wordpress\/ -->\n<title>\u0411\u0430\u0436\u0430\u043d\u043d\u044f<\/title>\n<meta name=\"robots\" content=\"index, follow, max-snippet:-1, max-image-preview:large, max-video-preview:-1\" \/>\n<link rel=\"canonical\" href=\"https:\/\/testonella.cz\/cs\/wishlist\/\" \/>\n<meta property=\"og:locale\" content=\"cs_CZ\" \/>\n<meta property=\"og:type\" content=\"article\" \/>\n<meta property=\"og:title\" content=\"\u0411\u0430\u0436\u0430\u043d\u043d\u044f\" \/>\n<meta property=\"og:url\" content=\"https:\/\/testonella.cz\/cs\/wishlist\/\" \/>\n<meta property=\"og:site_name\" content=\"Testonella\" \/>\n<meta property=\"article:modified_time\" content=\"2024-03-22T17:54:50+00:00\" \/>\n<meta property=\"og:image\" content=\"https:\/\/testonella.cz\/wp-content\/uploads\/2024\/03\/logo-seo.webp\" \/>\n\t<meta property=\"og:image:width\" content=\"1200\" \/>\n\t<meta property=\"og:image:height\" content=\"675\" \/>\n\t<meta property=\"og:image:type\" content=\"image\/webp\" \/>\n<meta name=\"twitter:card\" content=\"summary_large_image\" \/>\n<script type=\"application\/ld+json\" class=\"yoast-schema-graph\">{\"@context\":\"https:\\\/\\\/schema.org\",\"@graph\":[{\"@type\":\"WebPage\",\"@id\":\"https:\\\/\\\/testonella.cz\\\/wishlist\\\/\",\"url\":\"https:\\\/\\\/testonella.cz\\\/wishlist\\\/\",\"name\":\"\u0411\u0430\u0436\u0430\u043d\u043d\u044f\",\"isPartOf\":{\"@id\":\"https:\\\/\\\/testonella.cz\\\/#website\"},\"datePublished\":\"2021-08-26T12:26:53+00:00\",\"dateModified\":\"2024-03-22T17:54:50+00:00\",\"breadcrumb\":{\"@id\":\"https:\\\/\\\/testonella.cz\\\/wishlist\\\/#breadcrumb\"},\"inLanguage\":\"cs\",\"potentialAction\":[{\"@type\":\"ReadAction\",\"target\":[\"https:\\\/\\\/testonella.cz\\\/wishlist\\\/\"]}]},{\"@type\":\"BreadcrumbList\",\"@id\":\"https:\\\/\\\/testonella.cz\\\/wishlist\\\/#breadcrumb\",\"itemListElement\":[{\"@type\":\"ListItem\",\"position\":1,\"name\":\"\u0413\u043e\u043b\u043e\u0432\u043d\u0430\",\"item\":\"https:\\\/\\\/testonella.cz\\\/\"},{\"@type\":\"ListItem\",\"position\":2,\"name\":\"\u0411\u0430\u0436\u0430\u043d\u043d\u044f\"}]},{\"@type\":\"WebSite\",\"@id\":\"https:\\\/\\\/testonella.cz\\\/#website\",\"url\":\"https:\\\/\\\/testonella.cz\\\/\",\"name\":\"Testonella\",\"description\":\"Testonella od Notiko\",\"publisher\":{\"@id\":\"https:\\\/\\\/testonella.cz\\\/#organization\"},\"potentialAction\":[{\"@type\":\"SearchAction\",\"target\":{\"@type\":\"EntryPoint\",\"urlTemplate\":\"https:\\\/\\\/testonella.cz\\\/?s={search_term_string}\"},\"query-input\":{\"@type\":\"PropertyValueSpecification\",\"valueRequired\":true,\"valueName\":\"search_term_string\"}}],\"inLanguage\":\"cs\"},{\"@type\":\"Organization\",\"@id\":\"https:\\\/\\\/testonella.cz\\\/#organization\",\"name\":\"Testonella od Notiko\",\"url\":\"https:\\\/\\\/testonella.cz\\\/\",\"logo\":{\"@type\":\"ImageObject\",\"inLanguage\":\"cs\",\"@id\":\"https:\\\/\\\/testonella.cz\\\/#\\\/schema\\\/logo\\\/image\\\/\",\"url\":\"https:\\\/\\\/shop.testonella.cz\\\/wp-content\\\/uploads\\\/2024\\\/03\\\/logo-seo.webp\",\"contentUrl\":\"https:\\\/\\\/shop.testonella.cz\\\/wp-content\\\/uploads\\\/2024\\\/03\\\/logo-seo.webp\",\"width\":1200,\"height\":675,\"caption\":\"Testonella od Notiko\"},\"image\":{\"@id\":\"https:\\\/\\\/testonella.cz\\\/#\\\/schema\\\/logo\\\/image\\\/\"},\"sameAs\":[\"https:\\\/\\\/www.instagram.com\\\/testonella_od_notiko\"]}]}<\/script>\n<!-- \/ Yoast SEO plugin. -->","yoast_head_json":{"title":"Touha","robots":{"index":"index","follow":"follow","max-snippet":"max-snippet:-1","max-image-preview":"max-image-preview:large","max-video-preview":"max-video-preview:-1"},"canonical":"https:\/\/testonella.cz\/cs\/wishlist\/","og_locale":"cs_CZ","og_type":"article","og_title":"\u0411\u0430\u0436\u0430\u043d\u043d\u044f","og_url":"https:\/\/testonella.cz\/cs\/wishlist\/","og_site_name":"Testonella","article_modified_time":"2024-03-22T17:54:50+00:00","og_image":[{"width":1200,"height":675,"url":"https:\/\/testonella.cz\/wp-content\/uploads\/2024\/03\/logo-seo.webp","type":"image\/webp"}],"twitter_card":"summary_large_image","schema":{"@context":"https:\/\/schema.org","@graph":[{"@type":"WebPage","@id":"https:\/\/testonella.cz\/wishlist\/","url":"https:\/\/testonella.cz\/wishlist\/","name":"Touha","isPartOf":{"@id":"https:\/\/testonella.cz\/#website"},"datePublished":"2021-08-26T12:26:53+00:00","dateModified":"2024-03-22T17:54:50+00:00","breadcrumb":{"@id":"https:\/\/testonella.cz\/wishlist\/#breadcrumb"},"inLanguage":"cs","potentialAction":[{"@type":"ReadAction","target":["https:\/\/testonella.cz\/wishlist\/"]}]},{"@type":"BreadcrumbList","@id":"https:\/\/testonella.cz\/wishlist\/#breadcrumb","itemListElement":[{"@type":"ListItem","position":1,"name":"\u0413\u043e\u043b\u043e\u0432\u043d\u0430","item":"https:\/\/testonella.cz\/"},{"@type":"ListItem","position":2,"name":"\u0411\u0430\u0436\u0430\u043d\u043d\u044f"}]},{"@type":"WebSite","@id":"https:\/\/testonella.cz\/#website","url":"https:\/\/testonella.cz\/","name":"Testonella","description":"T\u011bstonella od Notiko","publisher":{"@id":"https:\/\/testonella.cz\/#organization"},"potentialAction":[{"@type":"SearchAction","target":{"@type":"EntryPoint","urlTemplate":"https:\/\/testonella.cz\/?s={search_term_string}"},"query-input":{"@type":"PropertyValueSpecification","valueRequired":true,"valueName":"search_term_string"}}],"inLanguage":"cs"},{"@type":"Organization","@id":"https:\/\/testonella.cz\/#organization","name":"T\u011bstonella od Notiko","url":"https:\/\/testonella.cz\/","logo":{"@type":"ImageObject","inLanguage":"cs","@id":"https:\/\/testonella.cz\/#\/schema\/logo\/image\/","url":"https:\/\/shop.testonella.cz\/wp-content\/uploads\/2024\/03\/logo-seo.webp","contentUrl":"https:\/\/shop.testonella.cz\/wp-content\/uploads\/2024\/03\/logo-seo.webp","width":1200,"height":675,"caption":"Testonella od Notiko"},"image":{"@id":"https:\/\/testonella.cz\/#\/schema\/logo\/image\/"},"sameAs":["https:\/\/www.instagram.com\/testonella_od_notiko"]}]}},"_links":{"self":[{"href":"https:\/\/testonella.cz\/cs\/wp-json\/wp\/v2\/pages\/843","targetHints":{"allow":["GET"]}}],"collection":[{"href":"https:\/\/testonella.cz\/cs\/wp-json\/wp\/v2\/pages"}],"about":[{"href":"https:\/\/testonella.cz\/cs\/wp-json\/wp\/v2\/types\/page"}],"author":[{"embeddable":true,"href":"https:\/\/testonella.cz\/cs\/wp-json\/wp\/v2\/users\/1"}],"replies":[{"embeddable":true,"href":"https:\/\/testonella.cz\/cs\/wp-json\/wp\/v2\/comments?post=843"}],"version-history":[{"count":2,"href":"https:\/\/testonella.cz\/cs\/wp-json\/wp\/v2\/pages\/843\/revisions"}],"predecessor-version":[{"id":15588,"href":"https:\/\/testonella.cz\/cs\/wp-json\/wp\/v2\/pages\/843\/revisions\/15588"}],"wp:attachment":[{"href":"https:\/\/testonella.cz\/cs\/wp-json\/wp\/v2\/media?parent=843"}],"curies":[{"name":"wp","href":"https:\/\/api.w.org\/{rel}","templated":true}]}}