{"id":16755,"date":"2025-06-10T14:20:53","date_gmt":"2025-06-10T11:20:53","guid":{"rendered":"https:\/\/testonella.cz\/?page_id=16755"},"modified":"2025-06-10T14:54:48","modified_gmt":"2025-06-10T11:54:48","slug":"obchodni-podminky","status":"publish","type":"page","link":"https:\/\/testonella.cz\/cs\/obchodni-podminky\/","title":{"rendered":"Obchodn\u00ed podm\u00ednky"},"content":{"rendered":"<h3 data-start=\"313\" data-end=\"401\">V\u0161eobecn\u00e9 obchodn\u00ed podm\u00ednky (Obchodn\u00ed podm\u00ednky) spole\u010dnosti Novovyso\u010dansk\u00e1 club sro<\/h3>\n<p data-start=\"403\" data-end=\"534\"><strong data-start=\"403\" data-end=\"433\">Novovyso\u010dansk\u00e1 klub s.r.o.<\/strong><br data-start=\"433\" data-end=\"436\" \/>S\u00eddlo: Muka\u0159ovsk\u00e9ho 2590, 155 00 Praha 13-Stod\u016flky<br data-start=\"486\" data-end=\"489\" \/>\u010c\u00edslo: 11914190<br data-start=\"502\" data-end=\"505\" \/>E-mail: <a class=\"cursor-pointer\" rel=\"noopener\" data-start=\"513\" data-end=\"532\">sales@testonella.cz<br \/>\nTelefon: +420 770 644 011<\/a><\/p>\n<p data-start=\"536\" data-end=\"808\">Tyto v\u0161eobecn\u00e9 obchodn\u00ed podm\u00ednky (\u201ePodm\u00ednky\u201c) upravuj\u00ed pr\u00e1va a povinnosti mezi spole\u010dnost\u00ed Novovyso\u010dansk\u00e1 club s.r.o. (d\u00e1le jen \u201eProd\u00e1vaj\u00edc\u00ed\u201c) a V\u00e1mi jako kupuj\u00edc\u00edm (d\u00e1le jen \u201eKupuj\u00edc\u00ed\u201c) p\u0159i uzav\u0159en\u00ed smlouvy o koupi zbo\u017e\u00ed prost\u0159ednictv\u00edm internetov\u00e9ho obchodu (\u201eE-shop\u201c).<\/p>\n<hr data-start=\"810\" data-end=\"813\" \/>\n<h3 data-start=\"815\" data-end=\"839\">1. \u00davodn\u00ed ustanoven\u00ed<\/h3>\n<p data-start=\"841\" data-end=\"1173\">Prod\u00e1vaj\u00edc\u00ed provozuje internetov\u00fd obchod, jeho\u017e p\u0159edm\u011btem je prodej polotovar\u016f potravin\u00e1\u0159sk\u00fdch v\u00fdrobk\u016f (&quot;Zrn\u00ed&quot;). Vztahy mezi Prod\u00e1vkym a Kupuj\u00edc\u00edm se ri\u0161t\u011bn\u00ed ostanovn\u00edmi \u00fastavn\u00edmi \u010d. 89\/2012 Sb., ob\u010dansk\u00fd z\u00e1kon\u00edk, z\u00e1k. 634\/1992 Sb., o ochran\u011b spot\u0159ebitele, a dal\u0161\u00edmi pr\u00e1vn\u00edmi p\u0159edpisy.<\/p>\n<hr data-start=\"1175\" data-end=\"1178\" \/>\n<h3 data-start=\"1180\" data-end=\"1216\">2. Obj\u0119davka a uzav\u0159en\u00ed smlouvy<\/h3>\n<p data-start=\"1218\" data-end=\"1397\">Kupn\u00ed smlouva je uzav\u0159ena potvrzen\u00edm objedn\u00e1vky Prod\u00e1vaj\u00edc\u00edm. P\u0159i objedn\u00e1vce je kupuj\u00edc\u00ed povinen zadat spr\u00e1vn\u00e9 \u00fadaje, kter\u00e9 jsou nezbytn\u00e9 pro vy\u0159\u00edzen\u00ed objedn\u00e1vky a doru\u010den\u00ed zbo\u017e\u00ed.<\/p>\n<hr data-start=\"1399\" data-end=\"1402\" \/>\n<h3 data-start=\"1404\" data-end=\"1435\">3. Cena a platebn\u00ed podm\u00ednky<\/h3>\n<p data-start=\"1437\" data-end=\"1682\">Ceny zbo\u017e\u00ed jsou uvedeny v\u010detn\u011b DPH a v\u0161ech dan\u00ed. Platba je mo\u017en\u00e1 bankovn\u00edm p\u0159evodem, online kartou, debetn\u00ed kartou nebo jin\u00fdmi zp\u016fsoby uveden\u00fdmi v E-shopu. Vlastnictv\u00ed zbo\u017e\u00ed p\u0159ech\u00e1z\u00ed na Kupuj\u00edc\u00edho a\u017e po jeho \u00fapln\u00e9m zaplacen\u00ed a p\u0159evzet\u00ed.<\/p>\n<hr data-start=\"1684\" data-end=\"1687\" \/>\n<h3 data-start=\"1689\" data-end=\"1708\">4. Dod\u00e1n\u00ed zbo\u017e\u00ed<\/h3>\n<p data-start=\"1710\" data-end=\"1907\">Zbo\u017e\u00ed je doru\u010dov\u00e1no p\u0159epravn\u00ed slu\u017ebou v r\u00e1mci \u010cesk\u00e9 republiky. Kupuj\u00edc\u00ed je povinen zbo\u017e\u00ed p\u0159i p\u0159evzet\u00ed prohl\u00e9dnout a p\u0159\u00edpadn\u00e9 po\u0161kozen\u00ed neprodlen\u011b nahl\u00e1sit dopravci a informovat prod\u00e1vaj\u00edc\u00edho.<\/p>\n<hr data-start=\"1909\" data-end=\"1912\" \/>\n<h3 data-start=\"1914\" data-end=\"1958\">5. Odstoupen\u00ed od smlouvy a vr\u00e1cen\u00ed zbo\u017e\u00ed<\/h3>\n<p data-start=\"1960\" data-end=\"2215\">V souladu s platn\u00fdmi pr\u00e1vn\u00edmi p\u0159edpisy a Evropskou sm\u011brnic\u00ed o pr\u00e1vech spot\u0159ebitel\u016f nem\u00e1 Kupuj\u00edc\u00ed pr\u00e1vo odstoupit od smlouvy bez ud\u00e1n\u00ed d\u016fvodu u zbo\u017e\u00ed, kter\u00e9 podl\u00e9h\u00e1 rychl\u00e9 zk\u00e1ze nebo m\u00e1 kr\u00e1tkou trvanlivost, co\u017e plat\u00ed i pro prod\u00e1van\u00e9 potravin\u00e1\u0159sk\u00e9 polotovary.<\/p>\n<p data-start=\"2217\" data-end=\"2398\">Vr\u00e1cen\u00ed zbo\u017e\u00ed je tedy mo\u017en\u00e9 pouze v p\u0159\u00edpad\u011b, \u017ee zbo\u017e\u00ed vykazuje vady, kter\u00e9 nebyly zp\u016fsobeny kupuj\u00edc\u00edm. V takov\u00e9m p\u0159\u00edpad\u011b m\u00e1 kupuj\u00edc\u00ed pr\u00e1vo reklamovat zbo\u017e\u00ed do 24 m\u011bs\u00edc\u016f od p\u0159evzet\u00ed.<\/p>\n<hr data-start=\"2400\" data-end=\"2403\" \/>\n<h3 data-start=\"2405\" data-end=\"2427\">6. Reklamace produkt\u016f<\/h3>\n<p data-start=\"2429\" data-end=\"2636\">Kupuj\u00edc\u00ed m\u016f\u017ee reklamovat produkt zasl\u00e1n\u00edm e-mailu na adresu <a class=\"cursor-pointer\" rel=\"noopener\" data-start=\"2492\" data-end=\"2511\">sales@testonella.cz<\/a> nebo p\u00edsemn\u011b na adresu Prod\u00e1vaj\u00edc\u00edho. Prod\u00e1vaj\u00edc\u00ed je povinen vy\u0159\u00eddit reklamaci bez zbyte\u010dn\u00e9ho odkladu, nejpozd\u011bji do 30 dn\u016f.<\/p>\n<p data-start=\"2638\" data-end=\"2769\">Reklamace lze \u0159e\u0161it opravou zbo\u017e\u00ed, v\u00fdm\u011bnou, p\u0159im\u011b\u0159enou slevou nebo odstoupen\u00edm od smlouvy, pokud vadu nelze odstranit.<\/p>\n<hr data-start=\"2771\" data-end=\"2774\" \/>\n<h3 data-start=\"2776\" data-end=\"2805\">7. Ochrana osobn\u00edch \u00fadaj\u016f<\/h3>\n<p data-start=\"2807\" data-end=\"3001\">Ve\u0161ker\u00e9 \u00fadaje poskytnut\u00e9 Kupuj\u00edc\u00edmu jsou zpracov\u00e1v\u00e1ny v souladu s GDPR. Podrobnosti jsou uvedeny v Z\u00e1sad\u00e1ch ochrany osobn\u00edch \u00fadaj\u016f na webov\u00fdch str\u00e1nk\u00e1ch E-shopu.<\/p>\n<hr data-start=\"3003\" data-end=\"3006\" \/>\n<h3 data-start=\"3008\" data-end=\"3027\">8. \u0158e\u0161en\u00ed spor\u016f<\/h3>\n<p data-start=\"3029\" data-end=\"3180\">V p\u0159\u00edpad\u011b spor\u016f se Kupuj\u00edc\u00ed m\u016f\u017ee obr\u00e1tit na \u010ceskou obchodn\u00ed inspekci nebo vyu\u017e\u00edt platformu pro online \u0159e\u0161en\u00ed spor\u016f (<a class=\"\" href=\"http:\/\/ec.europa.eu\/consumers\/odr\" target=\"_new\" rel=\"noopener\" data-start=\"3145\" data-end=\"3178\">http:\/\/ec.europa.eu\/consumers\/odr<\/a>).<\/p>\n<hr data-start=\"3182\" data-end=\"3185\" \/>\n<h3 data-start=\"3187\" data-end=\"3214\">9. Z\u00e1v\u011bre\u010dn\u00e1 ustanoven\u00ed<\/h3>\n<p data-start=\"3216\" data-end=\"3325\">Tyto Obchodn\u00ed podm\u00ednky nab\u00fdvaj\u00ed \u00fa\u010dinnosti dnem 30. \u00fanora 2024. Prod\u00e1vaj\u00edc\u00ed si vyhrazuje pr\u00e1vo kdykoli zm\u011bnit Obchodn\u00ed podm\u00ednky.<\/p>\n<p data-start=\"3327\" data-end=\"3410\">Ve\u0161ker\u00e1 komunikace s Kupuj\u00edc\u00edm prob\u00edh\u00e1 elektronicky na e-mailov\u00e9 adrese uveden\u00e9 v objedn\u00e1vce.<\/p>","protected":false},"excerpt":{"rendered":"<p>V\u0161eobecn\u00e9 obchodn\u00ed podm\u00ednky Novovyso\u010dansk\u00e1 club sro Novovyso\u010dansk\u00e1 club sro Adresa: Muka\u0159ovsk\u00e9ho 2590, 155 00 Praha 13-Stod\u016flkyI\u010cO: 11914190E-mail: sales@testonella.cz<\/p>","protected":false},"author":1,"featured_media":0,"parent":0,"menu_order":0,"comment_status":"closed","ping_status":"closed","template":"","meta":{"footnotes":""},"class_list":["post-16755","page","type-page","status-publish","hentry"],"yoast_head":"<!-- This site is optimized with the Yoast SEO plugin v27.5 - https:\/\/yoast.com\/product\/yoast-seo-wordpress\/ -->\n<title>Obchodni podminky - Testonella<\/title>\n<meta name=\"robots\" content=\"index, follow, max-snippet:-1, max-image-preview:large, max-video-preview:-1\" \/>\n<link rel=\"canonical\" href=\"https:\/\/testonella.cz\/cs\/obchodni-podminky\/\" \/>\n<meta property=\"og:locale\" content=\"cs_CZ\" \/>\n<meta property=\"og:type\" content=\"article\" \/>\n<meta property=\"og:title\" content=\"Obchodni podminky - Testonella\" \/>\n<meta property=\"og:description\" content=\"V\u0161eobecn\u00e9 obchodn\u00ed podm\u00ednky (Obchodn\u00ed podm\u00ednky) spole\u010dnosti Novovyso\u010dansk\u00e1 club s.r.o. Novovyso\u010dansk\u00e1 club s.r.o.S\u00eddlo: Muka\u0159ovsk\u00e9ho 2590, 155 00 Praha 13-Stod\u016flkyI\u010cO: 11914190E-mail: sales@testonella.cz\" \/>\n<meta property=\"og:url\" content=\"https:\/\/testonella.cz\/cs\/obchodni-podminky\/\" \/>\n<meta property=\"og:site_name\" content=\"Testonella\" \/>\n<meta property=\"article:modified_time\" content=\"2025-06-10T11:54:48+00:00\" \/>\n<meta property=\"og:image\" content=\"https:\/\/testonella.cz\/wp-content\/uploads\/2024\/03\/logo-seo.webp\" \/>\n\t<meta property=\"og:image:width\" content=\"1200\" \/>\n\t<meta property=\"og:image:height\" content=\"675\" \/>\n\t<meta property=\"og:image:type\" content=\"image\/webp\" \/>\n<meta name=\"twitter:card\" content=\"summary_large_image\" \/>\n<meta name=\"twitter:label1\" content=\"Odhadovan\u00e1 doba \u010dten\u00ed\" \/>\n\t<meta name=\"twitter:data1\" content=\"3 minuty\" \/>\n<script type=\"application\/ld+json\" class=\"yoast-schema-graph\">{\"@context\":\"https:\\\/\\\/schema.org\",\"@graph\":[{\"@type\":\"WebPage\",\"@id\":\"https:\\\/\\\/testonella.cz\\\/obchodni-podminky\\\/\",\"url\":\"https:\\\/\\\/testonella.cz\\\/obchodni-podminky\\\/\",\"name\":\"Obchodni podminky - Testonella\",\"isPartOf\":{\"@id\":\"https:\\\/\\\/testonella.cz\\\/#website\"},\"datePublished\":\"2025-06-10T11:20:53+00:00\",\"dateModified\":\"2025-06-10T11:54:48+00:00\",\"breadcrumb\":{\"@id\":\"https:\\\/\\\/testonella.cz\\\/obchodni-podminky\\\/#breadcrumb\"},\"inLanguage\":\"cs\",\"potentialAction\":[{\"@type\":\"ReadAction\",\"target\":[\"https:\\\/\\\/testonella.cz\\\/obchodni-podminky\\\/\"]}]},{\"@type\":\"BreadcrumbList\",\"@id\":\"https:\\\/\\\/testonella.cz\\\/obchodni-podminky\\\/#breadcrumb\",\"itemListElement\":[{\"@type\":\"ListItem\",\"position\":1,\"name\":\"\u0413\u043e\u043b\u043e\u0432\u043d\u0430\",\"item\":\"https:\\\/\\\/testonella.cz\\\/\"},{\"@type\":\"ListItem\",\"position\":2,\"name\":\"Obchodni podminky\"}]},{\"@type\":\"WebSite\",\"@id\":\"https:\\\/\\\/testonella.cz\\\/#website\",\"url\":\"https:\\\/\\\/testonella.cz\\\/\",\"name\":\"Testonella\",\"description\":\"Testonella od Notiko\",\"publisher\":{\"@id\":\"https:\\\/\\\/testonella.cz\\\/#organization\"},\"potentialAction\":[{\"@type\":\"SearchAction\",\"target\":{\"@type\":\"EntryPoint\",\"urlTemplate\":\"https:\\\/\\\/testonella.cz\\\/?s={search_term_string}\"},\"query-input\":{\"@type\":\"PropertyValueSpecification\",\"valueRequired\":true,\"valueName\":\"search_term_string\"}}],\"inLanguage\":\"cs\"},{\"@type\":\"Organization\",\"@id\":\"https:\\\/\\\/testonella.cz\\\/#organization\",\"name\":\"Testonella od Notiko\",\"url\":\"https:\\\/\\\/testonella.cz\\\/\",\"logo\":{\"@type\":\"ImageObject\",\"inLanguage\":\"cs\",\"@id\":\"https:\\\/\\\/testonella.cz\\\/#\\\/schema\\\/logo\\\/image\\\/\",\"url\":\"https:\\\/\\\/shop.testonella.cz\\\/wp-content\\\/uploads\\\/2024\\\/03\\\/logo-seo.webp\",\"contentUrl\":\"https:\\\/\\\/shop.testonella.cz\\\/wp-content\\\/uploads\\\/2024\\\/03\\\/logo-seo.webp\",\"width\":1200,\"height\":675,\"caption\":\"Testonella od Notiko\"},\"image\":{\"@id\":\"https:\\\/\\\/testonella.cz\\\/#\\\/schema\\\/logo\\\/image\\\/\"},\"sameAs\":[\"https:\\\/\\\/www.instagram.com\\\/testonella_od_notiko\"]}]}<\/script>\n<!-- \/ Yoast SEO plugin. -->","yoast_head_json":{"title":"Obchodni podminky - Testonella","robots":{"index":"index","follow":"follow","max-snippet":"max-snippet:-1","max-image-preview":"max-image-preview:large","max-video-preview":"max-video-preview:-1"},"canonical":"https:\/\/testonella.cz\/cs\/obchodni-podminky\/","og_locale":"cs_CZ","og_type":"article","og_title":"Obchodni podminky - Testonella","og_description":"V\u0161eobecn\u00e9 obchodn\u00ed podm\u00ednky (Obchodn\u00ed podm\u00ednky) spole\u010dnosti Novovyso\u010dansk\u00e1 club s.r.o. Novovyso\u010dansk\u00e1 club s.r.o.S\u00eddlo: Muka\u0159ovsk\u00e9ho 2590, 155 00 Praha 13-Stod\u016flkyI\u010cO: 11914190E-mail: sales@testonella.cz","og_url":"https:\/\/testonella.cz\/cs\/obchodni-podminky\/","og_site_name":"Testonella","article_modified_time":"2025-06-10T11:54:48+00:00","og_image":[{"width":1200,"height":675,"url":"https:\/\/testonella.cz\/wp-content\/uploads\/2024\/03\/logo-seo.webp","type":"image\/webp"}],"twitter_card":"summary_large_image","twitter_misc":{"Odhadovan\u00e1 doba \u010dten\u00ed":"3 minuty"},"schema":{"@context":"https:\/\/schema.org","@graph":[{"@type":"WebPage","@id":"https:\/\/testonella.cz\/obchodni-podminky\/","url":"https:\/\/testonella.cz\/obchodni-podminky\/","name":"Obchodni podminky - Testonella","isPartOf":{"@id":"https:\/\/testonella.cz\/#website"},"datePublished":"2025-06-10T11:20:53+00:00","dateModified":"2025-06-10T11:54:48+00:00","breadcrumb":{"@id":"https:\/\/testonella.cz\/obchodni-podminky\/#breadcrumb"},"inLanguage":"cs","potentialAction":[{"@type":"ReadAction","target":["https:\/\/testonella.cz\/obchodni-podminky\/"]}]},{"@type":"BreadcrumbList","@id":"https:\/\/testonella.cz\/obchodni-podminky\/#breadcrumb","itemListElement":[{"@type":"ListItem","position":1,"name":"\u0413\u043e\u043b\u043e\u0432\u043d\u0430","item":"https:\/\/testonella.cz\/"},{"@type":"ListItem","position":2,"name":"Obchodni podminky"}]},{"@type":"WebSite","@id":"https:\/\/testonella.cz\/#website","url":"https:\/\/testonella.cz\/","name":"Testonella","description":"T\u011bstonella od Notiko","publisher":{"@id":"https:\/\/testonella.cz\/#organization"},"potentialAction":[{"@type":"SearchAction","target":{"@type":"EntryPoint","urlTemplate":"https:\/\/testonella.cz\/?s={search_term_string}"},"query-input":{"@type":"PropertyValueSpecification","valueRequired":true,"valueName":"search_term_string"}}],"inLanguage":"cs"},{"@type":"Organization","@id":"https:\/\/testonella.cz\/#organization","name":"T\u011bstonella od Notiko","url":"https:\/\/testonella.cz\/","logo":{"@type":"ImageObject","inLanguage":"cs","@id":"https:\/\/testonella.cz\/#\/schema\/logo\/image\/","url":"https:\/\/shop.testonella.cz\/wp-content\/uploads\/2024\/03\/logo-seo.webp","contentUrl":"https:\/\/shop.testonella.cz\/wp-content\/uploads\/2024\/03\/logo-seo.webp","width":1200,"height":675,"caption":"Testonella od Notiko"},"image":{"@id":"https:\/\/testonella.cz\/#\/schema\/logo\/image\/"},"sameAs":["https:\/\/www.instagram.com\/testonella_od_notiko"]}]}},"_links":{"self":[{"href":"https:\/\/testonella.cz\/cs\/wp-json\/wp\/v2\/pages\/16755","targetHints":{"allow":["GET"]}}],"collection":[{"href":"https:\/\/testonella.cz\/cs\/wp-json\/wp\/v2\/pages"}],"about":[{"href":"https:\/\/testonella.cz\/cs\/wp-json\/wp\/v2\/types\/page"}],"author":[{"embeddable":true,"href":"https:\/\/testonella.cz\/cs\/wp-json\/wp\/v2\/users\/1"}],"replies":[{"embeddable":true,"href":"https:\/\/testonella.cz\/cs\/wp-json\/wp\/v2\/comments?post=16755"}],"version-history":[{"count":3,"href":"https:\/\/testonella.cz\/cs\/wp-json\/wp\/v2\/pages\/16755\/revisions"}],"predecessor-version":[{"id":16767,"href":"https:\/\/testonella.cz\/cs\/wp-json\/wp\/v2\/pages\/16755\/revisions\/16767"}],"wp:attachment":[{"href":"https:\/\/testonella.cz\/cs\/wp-json\/wp\/v2\/media?parent=16755"}],"curies":[{"name":"wp","href":"https:\/\/api.w.org\/{rel}","templated":true}]}}