{"id":16750,"date":"2025-06-10T14:16:33","date_gmt":"2025-06-10T11:16:33","guid":{"rendered":"https:\/\/testonella.cz\/?page_id=16750"},"modified":"2025-06-10T14:18:45","modified_gmt":"2025-06-10T11:18:45","slug":"platba-a-doprava","status":"publish","type":"page","link":"https:\/\/testonella.cz\/cs\/platba-a-doprava\/","title":{"rendered":"Platba a doprava"},"content":{"rendered":"<div data-elementor-type=\"wp-page\" data-elementor-id=\"16750\" class=\"elementor elementor-16750\">\n\t\t\t\t<div class=\"wd-negative-gap elementor-element elementor-element-0e5907b e-flex e-con-boxed e-con e-parent\" data-id=\"0e5907b\" data-element_type=\"container\" data-e-type=\"container\">\n\t\t\t\t\t<div class=\"e-con-inner\">\n\t\t\t\t<div class=\"elementor-element elementor-element-74afb86 elementor-widget elementor-widget-html\" data-id=\"74afb86\" data-element_type=\"widget\" data-e-type=\"widget\" data-widget_type=\"html.default\">\n\t\t\t\t<div class=\"elementor-widget-container\">\n\t\t\t\t\t\t\t\t<link rel=\"stylesheet\" id=\"elementor-post-15635-css\" href=\"https:\/\/testonella.cz\/wp-content\/uploads\/elementor\/css\/post-15635.css?ver=1777433189\" type=\"text\/css\" media=\"all\">\n\t\t\t\t\t<div data-elementor-type=\"wp-post\" data-elementor-id=\"15635\" class=\"elementor elementor-15635\">\n\t\t\t\t<div class=\"wd-negative-gap elementor-element elementor-element-7c4c866 e-flex e-con-boxed e-con e-parent\" data-id=\"7c4c866\" data-element_type=\"container\" data-e-type=\"container\">\n\t\t\t\t\t<div class=\"e-con-inner\">\n\t\t<div class=\"elementor-element elementor-element-18dd60b e-con-full e-flex e-con e-child\" data-id=\"18dd60b\" data-element_type=\"container\" data-e-type=\"container\">\n\t\t\t\t<div class=\"elementor-element elementor-element-d520396 wd-width-100 elementor-widget elementor-widget-wd_title\" data-id=\"d520396\" data-element_type=\"widget\" data-e-type=\"widget\" data-widget_type=\"wd_title.default\">\n\t\t\t\t<div class=\"elementor-widget-container\">\n\t\t\t\t\t\t\t<div class=\"title-wrapper wd-set-mb reset-last-child wd-title-color-primary wd-title-style-bordered wd-title-size-default text-center\">\n\n\t\t\t\n\t\t\t<div class=\"liner-continer\">\n\t\t\t\t<h4 class=\"woodmart-title-container title wd-fontsize-l\"> Speci\u00e1ln\u00ed nab\u00eddka! <br>Z\u00edskejte dopravu zdarma u objedn\u00e1vek nad 3 000 K\u010d. Odhalte sv\u00e9 pot\u0159eby bez obav z n\u00e1klad\u016f na dopravu. C\u00edt\u00edte se p\u0159i nakupov\u00e1n\u00ed pohodln\u011b a pohodln\u011b, proto\u017ee va\u0161e spokojenost je pro n\u00e1s d\u016fle\u017eit\u00e1. <\/h4> \n\t\t\t\t\t\t\t<\/div>\n\n\t\t\t\t\t<\/div>\n\t\t\t\t\t\t<\/div>\n\t\t\t\t<\/div>\n\t\t\t\t<\/div>\n\t\t\t\t\t<\/div>\n\t\t\t\t<\/div>\n\t\t<div class=\"wd-negative-gap elementor-element elementor-element-ceb718f e-flex e-con-boxed e-con e-parent\" data-id=\"ceb718f\" data-element_type=\"container\" data-e-type=\"container\">\n\t\t\t\t\t<div class=\"e-con-inner\">\n\t\t<div class=\"wd-negative-gap elementor-element elementor-element-6252ddd wd-section-stretch e-flex e-con-boxed e-con e-child\" data-id=\"6252ddd\" data-element_type=\"container\" data-e-type=\"container\">\n\t\t\t\t\t<div class=\"e-con-inner\">\n\t\t\t\t<div class=\"elementor-element elementor-element-e0f2438 elementor-widget__width-initial elementor-widget elementor-widget-wd_infobox\" data-id=\"e0f2438\" data-element_type=\"widget\" data-e-type=\"widget\" data-widget_type=\"wd_infobox.default\">\n\t\t\t\t<div class=\"elementor-widget-container\">\n\t\t\t\t\t\t\t<div class=\"info-box-wrapper\">\n\t\t\t<div class=\"wd-info-box text-left box-icon-align-left box-style-base color-scheme-light wd-items-top\">\n\t\t\t\t\t\t\t\t\t<div class=\"box-icon-wrapper  box-with-icon box-icon-simple\">\n\t\t\t\t\t\t<div class=\"info-box-icon\">\n\t\t\t\t\t\t\t\t\t\t\t\t\t\t\t<div class=\"info-svg-wrapper\" style=\"width:50px; height:50px;\"><img decoding=\"async\"  alt=\"\u0411\u0435\u0437\u043a\u043e\u0448\u0442\u043e\u0432\u043d\u0430 \u0434\u043e\u0441\u0442\u0430\u0432\u043a\u0430\" src=\"https:\/\/testonella.cz\/wp-content\/uploads\/2021\/09\/retail-free-shipping.svg\" title=\"doprava zdarma pro maloobchod\" loading=\"lazy\" width=\"50\" height=\"50\"><\/div>\t\t\t\t\t\t\t\t\t\t\t\t\t<\/div>\n\t\t\t\t\t<\/div>\n\t\t\t\t\n\t\t\t\t<div class=\"info-box-content\">\n\t\t\t\t\t\n\t\t\t\t\t\t\t\t\t\t\t<h4\t\t\t\t\t\tclass=\"info-box-title title box-title-style-default wd-fontsize-s\" data-elementor-setting-key=\"title\">\n\t\t\t\t\t\t\t\tDoprava zdarma\t\t\t\t\t\t<\/h4>\n\t\t\t\t\t\n\t\t\t\t\t<div class=\"info-box-inner reset-last-child\"data-elementor-setting-key=\"content\"><p>Doprava 150 korun. P\u0159i objedn\u00e1vce nad 2000 korun je doprava zdarma.<\/p>\n<\/div>\n\n\t\t\t\t\t\t\t\t\t<\/div>\n\n\t\t\t\t\t\t\t\t\t<a href=\"#\" class=\"wd-info-box-link wd-fill\" aria-label=\"Odkaz na infobox\"><\/a>\n\t\t\t\t\t\t\t<\/div>\n\t\t<\/div>\n\t\t\t\t\t\t<\/div>\n\t\t\t\t<\/div>\n\t\t\t\t<div class=\"elementor-element elementor-element-3eb7177 elementor-widget__width-initial elementor-widget elementor-widget-wd_infobox\" data-id=\"3eb7177\" data-element_type=\"widget\" data-e-type=\"widget\" data-widget_type=\"wd_infobox.default\">\n\t\t\t\t<div class=\"elementor-widget-container\">\n\t\t\t\t\t\t\t<div class=\"info-box-wrapper\">\n\t\t\t<div class=\"wd-info-box text-left box-icon-align-left box-style-base color-scheme-light wd-items-top\">\n\t\t\t\t\t\t\t\t\t<div class=\"box-icon-wrapper  box-with-icon box-icon-simple\">\n\t\t\t\t\t\t<div class=\"info-box-icon\">\n\t\t\t\t\t\t\t\t\t\t\t\t\t\t\t<div class=\"info-svg-wrapper\" style=\"width:50px; height:50px;\"><img decoding=\"async\"  alt=\"cart Testonella\" src=\"https:\/\/testonella.cz\/wp-content\/uploads\/2021\/09\/retail-payment.svg\" title=\"maloobchodn\u00ed platba\" loading=\"lazy\" width=\"50\" height=\"50\"><\/div>\t\t\t\t\t\t\t\t\t\t\t\t\t<\/div>\n\t\t\t\t\t<\/div>\n\t\t\t\t\n\t\t\t\t<div class=\"info-box-content\">\n\t\t\t\t\t\n\t\t\t\t\t\t\t\t\t\t\t<h4\t\t\t\t\t\tclass=\"info-box-title title box-title-style-default wd-fontsize-s\" data-elementor-setting-key=\"title\">\n\t\t\t\t\t\t\t\tOnline platba\t\t\t\t\t\t<\/h4>\n\t\t\t\t\t\n\t\t\t\t\t<div class=\"info-box-inner reset-last-child\"data-elementor-setting-key=\"content\"><p>Apple Pay, Google Pay, Visa, MasterCard<\/p>\n<\/div>\n\n\t\t\t\t\t\t\t\t\t<\/div>\n\n\t\t\t\t\t\t\t\t\t<a href=\"#\" class=\"wd-info-box-link wd-fill\" aria-label=\"Odkaz na infobox\"><\/a>\n\t\t\t\t\t\t\t<\/div>\n\t\t<\/div>\n\t\t\t\t\t\t<\/div>\n\t\t\t\t<\/div>\n\t\t\t\t<div class=\"elementor-element elementor-element-74b43f5 elementor-widget__width-initial elementor-widget elementor-widget-wd_infobox\" data-id=\"74b43f5\" data-element_type=\"widget\" data-e-type=\"widget\" data-widget_type=\"wd_infobox.default\">\n\t\t\t\t<div class=\"elementor-widget-container\">\n\t\t\t\t\t\t\t<div class=\"info-box-wrapper\">\n\t\t\t<div class=\"wd-info-box text-left box-icon-align-left box-style-base color-scheme-light wd-items-top\">\n\t\t\t\t\t\t\t\t\t<div class=\"box-icon-wrapper  box-with-icon box-icon-simple\">\n\t\t\t\t\t\t<div class=\"info-box-icon\">\n\t\t\t\t\t\t\t\t\t\t\t\t\t\t\t<div class=\"info-svg-wrapper\" style=\"width:50px; height:50px;\"><img decoding=\"async\"  alt=\"\u0428\u0432\u0438\u0434\u043a\u0430 \u0434\u043e\u0441\u0442\u0430\u0432\u043a\u0430\" src=\"https:\/\/testonella.cz\/wp-content\/uploads\/2021\/09\/retail-delivery-man.svg\" title=\"doru\u010dovatel v maloobchod\u011b\" loading=\"lazy\" width=\"50\" height=\"50\"><\/div>\t\t\t\t\t\t\t\t\t\t\t\t\t<\/div>\n\t\t\t\t\t<\/div>\n\t\t\t\t\n\t\t\t\t<div class=\"info-box-content\">\n\t\t\t\t\t\n\t\t\t\t\t\t\t\t\t\t\t<h4\t\t\t\t\t\tclass=\"info-box-title title box-title-style-default wd-fontsize-s\" data-elementor-setting-key=\"title\">\n\t\t\t\t\t\t\t\tRychl\u00e9 doru\u010den\u00ed\t\t\t\t\t\t<\/h4>\n\t\t\t\t\t\n\t\t\t\t\t<div class=\"info-box-inner reset-last-child\"data-elementor-setting-key=\"content\"><p>N\u00e1\u0161 mana\u017eer v\u00e1m zavol\u00e1 a dohodne \u010das doru\u010den\u00ed.<\/p>\n<\/div>\n\n\t\t\t\t\t\t\t\t\t<\/div>\n\n\t\t\t\t\t\t\t\t\t<a href=\"#\" class=\"wd-info-box-link wd-fill\" aria-label=\"Odkaz na infobox\"><\/a>\n\t\t\t\t\t\t\t<\/div>\n\t\t<\/div>\n\t\t\t\t\t\t<\/div>\n\t\t\t\t<\/div>\n\t\t\t\t\t<\/div>\n\t\t\t\t<\/div>\n\t\t\t\t\t<\/div>\n\t\t\t\t<\/div>\n\t\t\t\t<\/div>\n\t\t\t\t\t\t<\/div>\n\t\t\t\t<\/div>\n\t\t\t\t\t<\/div>\n\t\t\t\t<\/div>\n\t\t\t\t<\/div>","protected":false},"excerpt":{"rendered":"","protected":false},"author":1,"featured_media":0,"parent":0,"menu_order":0,"comment_status":"closed","ping_status":"closed","template":"","meta":{"footnotes":""},"class_list":["post-16750","page","type-page","status-publish","hentry"],"yoast_head":"<!-- This site is optimized with the Yoast SEO plugin v27.5 - https:\/\/yoast.com\/product\/yoast-seo-wordpress\/ -->\n<title>Platba a doprava - Testonella<\/title>\n<meta name=\"robots\" content=\"index, follow, max-snippet:-1, max-image-preview:large, max-video-preview:-1\" \/>\n<link rel=\"canonical\" href=\"https:\/\/testonella.cz\/cs\/platba-a-doprava\/\" \/>\n<meta property=\"og:locale\" content=\"cs_CZ\" \/>\n<meta property=\"og:type\" content=\"article\" \/>\n<meta property=\"og:title\" content=\"Platba a doprava - Testonella\" \/>\n<meta property=\"og:url\" content=\"https:\/\/testonella.cz\/cs\/platba-a-doprava\/\" \/>\n<meta property=\"og:site_name\" content=\"Testonella\" \/>\n<meta property=\"article:modified_time\" content=\"2025-06-10T11:18:45+00:00\" \/>\n<meta property=\"og:image\" content=\"https:\/\/testonella.cz\/wp-content\/uploads\/2024\/03\/logo-seo.webp\" \/>\n\t<meta property=\"og:image:width\" content=\"1200\" \/>\n\t<meta property=\"og:image:height\" content=\"675\" \/>\n\t<meta property=\"og:image:type\" content=\"image\/webp\" \/>\n<meta name=\"twitter:card\" content=\"summary_large_image\" \/>\n<meta name=\"twitter:label1\" content=\"Odhadovan\u00e1 doba \u010dten\u00ed\" \/>\n\t<meta name=\"twitter:data1\" content=\"1 minuta\" \/>\n<script type=\"application\/ld+json\" class=\"yoast-schema-graph\">{\"@context\":\"https:\\\/\\\/schema.org\",\"@graph\":[{\"@type\":\"WebPage\",\"@id\":\"https:\\\/\\\/testonella.cz\\\/platba-a-doprava\\\/\",\"url\":\"https:\\\/\\\/testonella.cz\\\/platba-a-doprava\\\/\",\"name\":\"Platba a doprava - Testonella\",\"isPartOf\":{\"@id\":\"https:\\\/\\\/testonella.cz\\\/#website\"},\"datePublished\":\"2025-06-10T11:16:33+00:00\",\"dateModified\":\"2025-06-10T11:18:45+00:00\",\"breadcrumb\":{\"@id\":\"https:\\\/\\\/testonella.cz\\\/platba-a-doprava\\\/#breadcrumb\"},\"inLanguage\":\"cs\",\"potentialAction\":[{\"@type\":\"ReadAction\",\"target\":[\"https:\\\/\\\/testonella.cz\\\/platba-a-doprava\\\/\"]}]},{\"@type\":\"BreadcrumbList\",\"@id\":\"https:\\\/\\\/testonella.cz\\\/platba-a-doprava\\\/#breadcrumb\",\"itemListElement\":[{\"@type\":\"ListItem\",\"position\":1,\"name\":\"\u0413\u043e\u043b\u043e\u0432\u043d\u0430\",\"item\":\"https:\\\/\\\/testonella.cz\\\/\"},{\"@type\":\"ListItem\",\"position\":2,\"name\":\"Platba a doprava\"}]},{\"@type\":\"WebSite\",\"@id\":\"https:\\\/\\\/testonella.cz\\\/#website\",\"url\":\"https:\\\/\\\/testonella.cz\\\/\",\"name\":\"Testonella\",\"description\":\"Testonella od Notiko\",\"publisher\":{\"@id\":\"https:\\\/\\\/testonella.cz\\\/#organization\"},\"potentialAction\":[{\"@type\":\"SearchAction\",\"target\":{\"@type\":\"EntryPoint\",\"urlTemplate\":\"https:\\\/\\\/testonella.cz\\\/?s={search_term_string}\"},\"query-input\":{\"@type\":\"PropertyValueSpecification\",\"valueRequired\":true,\"valueName\":\"search_term_string\"}}],\"inLanguage\":\"cs\"},{\"@type\":\"Organization\",\"@id\":\"https:\\\/\\\/testonella.cz\\\/#organization\",\"name\":\"Testonella od Notiko\",\"url\":\"https:\\\/\\\/testonella.cz\\\/\",\"logo\":{\"@type\":\"ImageObject\",\"inLanguage\":\"cs\",\"@id\":\"https:\\\/\\\/testonella.cz\\\/#\\\/schema\\\/logo\\\/image\\\/\",\"url\":\"https:\\\/\\\/shop.testonella.cz\\\/wp-content\\\/uploads\\\/2024\\\/03\\\/logo-seo.webp\",\"contentUrl\":\"https:\\\/\\\/shop.testonella.cz\\\/wp-content\\\/uploads\\\/2024\\\/03\\\/logo-seo.webp\",\"width\":1200,\"height\":675,\"caption\":\"Testonella od Notiko\"},\"image\":{\"@id\":\"https:\\\/\\\/testonella.cz\\\/#\\\/schema\\\/logo\\\/image\\\/\"},\"sameAs\":[\"https:\\\/\\\/www.instagram.com\\\/testonella_od_notiko\"]}]}<\/script>\n<!-- \/ Yoast SEO plugin. -->","yoast_head_json":{"title":"Platba a doprava - Testonella","robots":{"index":"index","follow":"follow","max-snippet":"max-snippet:-1","max-image-preview":"max-image-preview:large","max-video-preview":"max-video-preview:-1"},"canonical":"https:\/\/testonella.cz\/cs\/platba-a-doprava\/","og_locale":"cs_CZ","og_type":"article","og_title":"Platba a doprava - Testonella","og_url":"https:\/\/testonella.cz\/cs\/platba-a-doprava\/","og_site_name":"Testonella","article_modified_time":"2025-06-10T11:18:45+00:00","og_image":[{"width":1200,"height":675,"url":"https:\/\/testonella.cz\/wp-content\/uploads\/2024\/03\/logo-seo.webp","type":"image\/webp"}],"twitter_card":"summary_large_image","twitter_misc":{"Odhadovan\u00e1 doba \u010dten\u00ed":"1 minuta"},"schema":{"@context":"https:\/\/schema.org","@graph":[{"@type":"WebPage","@id":"https:\/\/testonella.cz\/platba-a-doprava\/","url":"https:\/\/testonella.cz\/platba-a-doprava\/","name":"Platba a doprava - Testonella","isPartOf":{"@id":"https:\/\/testonella.cz\/#website"},"datePublished":"2025-06-10T11:16:33+00:00","dateModified":"2025-06-10T11:18:45+00:00","breadcrumb":{"@id":"https:\/\/testonella.cz\/platba-a-doprava\/#breadcrumb"},"inLanguage":"cs","potentialAction":[{"@type":"ReadAction","target":["https:\/\/testonella.cz\/platba-a-doprava\/"]}]},{"@type":"BreadcrumbList","@id":"https:\/\/testonella.cz\/platba-a-doprava\/#breadcrumb","itemListElement":[{"@type":"ListItem","position":1,"name":"\u0413\u043e\u043b\u043e\u0432\u043d\u0430","item":"https:\/\/testonella.cz\/"},{"@type":"ListItem","position":2,"name":"Platba a doprava"}]},{"@type":"WebSite","@id":"https:\/\/testonella.cz\/#website","url":"https:\/\/testonella.cz\/","name":"Testonella","description":"T\u011bstonella od Notiko","publisher":{"@id":"https:\/\/testonella.cz\/#organization"},"potentialAction":[{"@type":"SearchAction","target":{"@type":"EntryPoint","urlTemplate":"https:\/\/testonella.cz\/?s={search_term_string}"},"query-input":{"@type":"PropertyValueSpecification","valueRequired":true,"valueName":"search_term_string"}}],"inLanguage":"cs"},{"@type":"Organization","@id":"https:\/\/testonella.cz\/#organization","name":"T\u011bstonella od Notiko","url":"https:\/\/testonella.cz\/","logo":{"@type":"ImageObject","inLanguage":"cs","@id":"https:\/\/testonella.cz\/#\/schema\/logo\/image\/","url":"https:\/\/shop.testonella.cz\/wp-content\/uploads\/2024\/03\/logo-seo.webp","contentUrl":"https:\/\/shop.testonella.cz\/wp-content\/uploads\/2024\/03\/logo-seo.webp","width":1200,"height":675,"caption":"Testonella od Notiko"},"image":{"@id":"https:\/\/testonella.cz\/#\/schema\/logo\/image\/"},"sameAs":["https:\/\/www.instagram.com\/testonella_od_notiko"]}]}},"_links":{"self":[{"href":"https:\/\/testonella.cz\/cs\/wp-json\/wp\/v2\/pages\/16750","targetHints":{"allow":["GET"]}}],"collection":[{"href":"https:\/\/testonella.cz\/cs\/wp-json\/wp\/v2\/pages"}],"about":[{"href":"https:\/\/testonella.cz\/cs\/wp-json\/wp\/v2\/types\/page"}],"author":[{"embeddable":true,"href":"https:\/\/testonella.cz\/cs\/wp-json\/wp\/v2\/users\/1"}],"replies":[{"embeddable":true,"href":"https:\/\/testonella.cz\/cs\/wp-json\/wp\/v2\/comments?post=16750"}],"version-history":[{"count":4,"href":"https:\/\/testonella.cz\/cs\/wp-json\/wp\/v2\/pages\/16750\/revisions"}],"predecessor-version":[{"id":16754,"href":"https:\/\/testonella.cz\/cs\/wp-json\/wp\/v2\/pages\/16750\/revisions\/16754"}],"wp:attachment":[{"href":"https:\/\/testonella.cz\/cs\/wp-json\/wp\/v2\/media?parent=16750"}],"curies":[{"name":"wp","href":"https:\/\/api.w.org\/{rel}","templated":true}]}}