{"id":16745,"date":"2025-06-10T12:52:42","date_gmt":"2025-06-10T09:52:42","guid":{"rendered":"https:\/\/testonella.cz\/?page_id=16745"},"modified":"2025-06-10T12:52:42","modified_gmt":"2025-06-10T09:52:42","slug":"politika-pouzivani-souboru-cookie","status":"publish","type":"page","link":"https:\/\/testonella.cz\/cs\/politika-pouzivani-souboru-cookie\/","title":{"rendered":"Z\u00e1sady pou\u017e\u00edv\u00e1n\u00ed soubor\u016f cookie"},"content":{"rendered":"<h3><strong>Z\u00e1sady pou\u017e\u00edv\u00e1n\u00ed soubor\u016f cookie<\/strong><\/h3>\n<p><strong>I. \u00davod<\/strong><\/p>\n<p>Tyto z\u00e1sady vysv\u011btluj\u00ed, jak pou\u017e\u00edv\u00e1me soubory cookie na na\u0161ich webov\u00fdch str\u00e1nk\u00e1ch a v aplikac\u00edch (d\u00e1le jen \u201eSlu\u017eby\u201c), jak\u00e9 soubory cookie pou\u017e\u00edv\u00e1me a jak m\u016f\u017eete soubory cookie spravovat nebo zak\u00e1zat podle sv\u00fdch preferenc\u00ed. Pou\u017e\u00edv\u00e1n\u00edm na\u0161ich Slu\u017eeb souhlas\u00edte s pou\u017e\u00edv\u00e1n\u00edm soubor\u016f cookie v souladu s t\u011bmito Z\u00e1sadami.<\/p>\n<p><strong>II. Co jsou soubory cookie?<\/strong><\/p>\n<p>Soubory cookie jsou mal\u00e9 textov\u00e9 soubory, kter\u00e9 se ukl\u00e1daj\u00ed do va\u0161eho za\u0159\u00edzen\u00ed (po\u010d\u00edta\u010de, mobiln\u00edho telefonu nebo jin\u00e9ho elektronick\u00e9ho za\u0159\u00edzen\u00ed) p\u0159i n\u00e1v\u0161t\u011bv\u011b na\u0161ich Slu\u017eeb. Soubory cookie umo\u017e\u0148uj\u00ed na\u0161im Slu\u017eb\u00e1m zapamatovat si va\u0161e akce a nastaven\u00ed (nap\u0159\u00edklad p\u0159ihla\u0161ovac\u00ed \u00fadaje, jazyk, velikost p\u00edsma a dal\u0161\u00ed nastaven\u00ed), tak\u017ee je nemus\u00edte znovu nastavovat p\u0159i ka\u017ed\u00e9 n\u00e1v\u0161t\u011bv\u011b nebo p\u0159ep\u00edn\u00e1n\u00ed mezi str\u00e1nkami.<\/p>\n<p><strong>III. Typy soubor\u016f cookie, kter\u00e9 pou\u017e\u00edv\u00e1me<\/strong><\/p>\n<p>Na na\u0161ich webov\u00fdch str\u00e1nk\u00e1ch pou\u017e\u00edv\u00e1me n\u00e1sleduj\u00edc\u00ed typy soubor\u016f cookie:<\/p>\n<ul>\n<li><strong>Nezbytn\u00e9 soubory cookie<\/strong>Tyto soubory cookie jsou nezbytn\u00e9 pro fungov\u00e1n\u00ed na\u0161ich slu\u017eeb. Z\u00e1kladn\u00ed funkce, jako je navigace na webu a p\u0159\u00edstup k zabezpe\u010den\u00fdm webov\u00fdm oblastem, nelze bez t\u011bchto soubor\u016f cookie poskytovat.<\/li>\n<li><strong>Soubory cookie pro anal\u00fdzu a v\u00fdkon<\/strong>Tyto soubory cookie n\u00e1m pom\u00e1haj\u00ed monitorovat a analyzovat, jak n\u00e1v\u0161t\u011bvn\u00edci pou\u017e\u00edvaj\u00ed na\u0161e slu\u017eby. Informace shrom\u00e1\u017ed\u011bn\u00e9 t\u011bmito soubory cookie n\u00e1m umo\u017e\u0148uj\u00ed zlep\u0161it efektivitu na\u0161ich webov\u00fdch str\u00e1nek a p\u0159izp\u016fsobit u\u017eivatelsk\u00fd z\u00e1\u017eitek.<\/li>\n<li><strong>Funk\u010dn\u00ed soubory cookie<\/strong>: Tyto soubory cookie umo\u017e\u0148uj\u00ed na\u0161im Slu\u017eb\u00e1m zapamatovat si va\u0161e preference a vylep\u0161it pou\u017e\u00edv\u00e1n\u00ed webu (nap\u0159\u00edklad nastaven\u00ed jazyka nebo nastaven\u00ed).<\/li>\n<li><strong>Reklamn\u00ed a marketingov\u00e9 soubory cookie<\/strong>Tyto soubory cookie se pou\u017e\u00edvaj\u00ed k zobrazov\u00e1n\u00ed personalizovan\u00fdch reklam, kter\u00e9 odpov\u00eddaj\u00ed va\u0161im z\u00e1jm\u016fm a aktivit\u00e1m na internetu. Pro c\u00edlen\u00ed reklamy m\u016f\u017eeme tak\u00e9 pou\u017e\u00edt soubory cookie t\u0159et\u00edch stran.<\/li>\n<\/ul>\n<p><strong>IV. Jak\u00fdm zp\u016fsobem souhlas\u00edte s pou\u017e\u00edv\u00e1n\u00edm soubor\u016f cookie?<\/strong><\/p>\n<p>P\u0159i prvn\u00ed n\u00e1v\u0161t\u011bv\u011b na\u0161ich Slu\u017eeb se v\u00e1m zobraz\u00ed banner nebo vyskakovac\u00ed okno s informacemi o pou\u017e\u00edv\u00e1n\u00ed soubor\u016f cookie. Tento banner v\u00e1m d\u00e1v\u00e1 mo\u017enost p\u0159ijmout soubory cookie nebo nastavit preference pro jejich pou\u017e\u00edv\u00e1n\u00ed.<\/p>\n<p><strong>V. Jak spravovat soubory cookie?<\/strong><\/p>\n<p>Nastaven\u00ed soubor\u016f cookie, kter\u00e9 pou\u017e\u00edv\u00e1me, m\u016f\u017eete upravit v nastaven\u00ed va\u0161eho prohl\u00ed\u017ee\u010de. M\u00e1te pr\u00e1vo zak\u00e1zat nebo omezit pou\u017e\u00edv\u00e1n\u00ed soubor\u016f cookie zm\u011bnou nastaven\u00ed prohl\u00ed\u017ee\u010de. M\u011bjte v\u0161ak na pam\u011bti, \u017ee pokud se rozhodnete n\u011bkter\u00e9 soubory cookie odm\u00edtnout, m\u016f\u017ee to ovlivnit funk\u010dnost na\u0161ich slu\u017eeb.<\/p>\n<p>Pokyny pro spr\u00e1vu soubor\u016f cookie pro hlavn\u00ed prohl\u00ed\u017ee\u010de:<\/p>\n<ul>\n<li><strong>Google Chrome<\/strong>Nastaven\u00ed soubor\u016f cookie m\u016f\u017eete zm\u011bnit v nab\u00eddce \u201eNastaven\u00ed\u201c &gt; \u201eOchrana a zabezpe\u010den\u00ed soukrom\u00ed\u201c &gt; \u201eSoubory cookie a dal\u0161\u00ed technologie sledov\u00e1n\u00ed\u201c.<\/li>\n<li><strong>Mozilla Firefox<\/strong>Vyberte \u201eMenu\u201c &gt; \u201eNastaven\u00ed\u201c &gt; \u201eOchrana soukrom\u00ed a zabezpe\u010den\u00ed\u201c &gt; \u201eSoubory cookie a data web\u016f\u201c.<\/li>\n<li><strong>Safari<\/strong>Otev\u0159ete \u201eNastaven\u00ed\u201c &gt; \u201eOchrana soukrom\u00ed\u201c a nastavte soubory cookie.<\/li>\n<li><strong>Microsoft Edge<\/strong>Vyberte \u201eMenu\u201c &gt; \u201eNastaven\u00ed\u201c &gt; \u201eOchrana soukrom\u00ed, vyhled\u00e1v\u00e1n\u00ed a slu\u017eby\u201c &gt; \u201eSoubory cookie a data web\u016f\u201c.<\/li>\n<li><strong>Opera<\/strong>Vyberte \u201eMenu\u201c &gt; \u201eNastaven\u00ed\u201c &gt; \u201eOchrana soukrom\u00ed a zabezpe\u010den\u00ed\u201c &gt; \u201eSoubory cookie\u201c a nastavte parametry.<\/li>\n<li><strong>Internet Explorer<\/strong>Vyberte \u201eMenu\u201c &gt; \u201eNastaven\u00ed\u201c &gt; \u201eMo\u017enosti internetu\u201c &gt; \u201eOchrana soukrom\u00ed\u201c a nastavte soubory cookie.<\/li>\n<li><strong>State\u010dn\u00fd<\/strong>Vyberte \u201eMenu\u201c &gt; \u201eNastaven\u00ed\u201c &gt; \u201eOchrana soukrom\u00ed a zabezpe\u010den\u00ed\u201c &gt; \u201eSoubory cookie\u201c a nastavte parametry.<\/li>\n<li><strong>Vivaldi<\/strong>Vyberte \u201eMenu\u201c &gt; \u201eNastaven\u00ed\u201c &gt; \u201eOchrana soukrom\u00ed\u201c &gt; \u201eSoubory cookie\u201c a nastavte parametry.<\/li>\n<li><strong>Maxthon<\/strong>Vyberte \u201eMenu\u201c &gt; \u201eNastaven\u00ed\u201c &gt; \u201eOchrana soukrom\u00ed\u201c &gt; \u201eSoubory cookie\u201c a nastavte parametry.<\/li>\n<\/ul>\n<p><strong>VI. P\u0159ed\u00e1v\u00e1n\u00ed \u00fadaj\u016f do t\u0159et\u00ed zem\u011b<\/strong><\/p>\n<p>Va\u0161e osobn\u00ed \u00fadaje nebudou bez va\u0161eho p\u0159edchoz\u00edho souhlasu p\u0159ed\u00e1v\u00e1ny do t\u0159et\u00ed zem\u011b (mimo Evropskou unii nebo Evropsk\u00fd hospod\u00e1\u0159sk\u00fd prostor), s v\u00fdjimkou p\u0159\u00edpad\u016f, kdy je to nezbytn\u00e9 pro pln\u011bn\u00ed smlouvy nebo na z\u00e1klad\u011b jin\u00fdch z\u00e1konn\u00fdch d\u016fvod\u016f.<\/p>\n<p><strong>VII. Zm\u011bny t\u011bchto z\u00e1sad<\/strong><\/p>\n<p>Tyto Z\u00e1sady m\u016f\u017eeme ob\u010das aktualizovat, aby odr\u00e1\u017eely zm\u011bny v legislativ\u011b nebo na\u0161ich intern\u00edch postupech. Ve\u0161ker\u00e9 zm\u011bny budou zve\u0159ejn\u011bny na na\u0161ich webov\u00fdch str\u00e1nk\u00e1ch.<\/p>\n<p><strong>VIII. Kontakty<\/strong><\/p>\n<p>Pokud m\u00e1te jak\u00e9koli dotazy t\u00fdkaj\u00edc\u00ed se t\u011bchto z\u00e1sad nebo toho, jak pou\u017e\u00edv\u00e1me soubory cookie, kontaktujte n\u00e1s pros\u00edm pomoc\u00ed kontaktn\u00edch \u00fadaj\u016f uveden\u00fdch na na\u0161ich webov\u00fdch str\u00e1nk\u00e1ch.<\/p>","protected":false},"excerpt":{"rendered":"<p>Z\u00e1sady pou\u017e\u00edv\u00e1n\u00ed soubor\u016f cookie I. \u00davod Tyto z\u00e1sady vysv\u011btluj\u00ed, jak se soubory cookie pou\u017e\u00edvaj\u00ed na na\u0161ich webov\u00fdch str\u00e1nk\u00e1ch a v na\u0161ich aplikac\u00edch<\/p>","protected":false},"author":1,"featured_media":0,"parent":0,"menu_order":0,"comment_status":"closed","ping_status":"closed","template":"","meta":{"footnotes":""},"class_list":["post-16745","page","type-page","status-publish","hentry"],"yoast_head":"<!-- This site is optimized with the Yoast SEO plugin v27.5 - https:\/\/yoast.com\/product\/yoast-seo-wordpress\/ -->\n<title>Politika pou\u017e\u00edv\u00e1n\u00ed soubor\u016f cookie - Testonella<\/title>\n<meta name=\"robots\" content=\"index, follow, max-snippet:-1, max-image-preview:large, max-video-preview:-1\" \/>\n<link rel=\"canonical\" href=\"https:\/\/testonella.cz\/cs\/politika-pouzivani-souboru-cookie\/\" \/>\n<meta property=\"og:locale\" content=\"cs_CZ\" \/>\n<meta property=\"og:type\" content=\"article\" \/>\n<meta property=\"og:title\" content=\"Politika pou\u017e\u00edv\u00e1n\u00ed soubor\u016f cookie - Testonella\" \/>\n<meta property=\"og:description\" content=\"Politika pou\u017e\u00edv\u00e1n\u00ed soubor\u016f cookie I. \u00davod Tato politika vysv\u011btluje, jak pou\u017e\u00edv\u00e1me soubory cookie na na\u0161ich webov\u00fdch str\u00e1nk\u00e1ch a v aplikac\u00edch\" \/>\n<meta property=\"og:url\" content=\"https:\/\/testonella.cz\/cs\/politika-pouzivani-souboru-cookie\/\" \/>\n<meta property=\"og:site_name\" content=\"Testonella\" \/>\n<meta property=\"og:image\" content=\"https:\/\/testonella.cz\/wp-content\/uploads\/2024\/03\/logo-seo.webp\" \/>\n\t<meta property=\"og:image:width\" content=\"1200\" \/>\n\t<meta property=\"og:image:height\" content=\"675\" \/>\n\t<meta property=\"og:image:type\" content=\"image\/webp\" \/>\n<meta name=\"twitter:card\" content=\"summary_large_image\" \/>\n<meta name=\"twitter:label1\" content=\"Odhadovan\u00e1 doba \u010dten\u00ed\" \/>\n\t<meta name=\"twitter:data1\" content=\"4 minuty\" \/>\n<script type=\"application\/ld+json\" class=\"yoast-schema-graph\">{\"@context\":\"https:\\\/\\\/schema.org\",\"@graph\":[{\"@type\":\"WebPage\",\"@id\":\"https:\\\/\\\/testonella.cz\\\/politika-pouzivani-souboru-cookie\\\/\",\"url\":\"https:\\\/\\\/testonella.cz\\\/politika-pouzivani-souboru-cookie\\\/\",\"name\":\"Politika pou\u017e\u00edv\u00e1n\u00ed soubor\u016f cookie - Testonella\",\"isPartOf\":{\"@id\":\"https:\\\/\\\/testonella.cz\\\/#website\"},\"datePublished\":\"2025-06-10T09:52:42+00:00\",\"breadcrumb\":{\"@id\":\"https:\\\/\\\/testonella.cz\\\/politika-pouzivani-souboru-cookie\\\/#breadcrumb\"},\"inLanguage\":\"cs\",\"potentialAction\":[{\"@type\":\"ReadAction\",\"target\":[\"https:\\\/\\\/testonella.cz\\\/politika-pouzivani-souboru-cookie\\\/\"]}]},{\"@type\":\"BreadcrumbList\",\"@id\":\"https:\\\/\\\/testonella.cz\\\/politika-pouzivani-souboru-cookie\\\/#breadcrumb\",\"itemListElement\":[{\"@type\":\"ListItem\",\"position\":1,\"name\":\"\u0413\u043e\u043b\u043e\u0432\u043d\u0430\",\"item\":\"https:\\\/\\\/testonella.cz\\\/\"},{\"@type\":\"ListItem\",\"position\":2,\"name\":\"Politika pou\u017e\u00edv\u00e1n\u00ed soubor\u016f cookie\"}]},{\"@type\":\"WebSite\",\"@id\":\"https:\\\/\\\/testonella.cz\\\/#website\",\"url\":\"https:\\\/\\\/testonella.cz\\\/\",\"name\":\"Testonella\",\"description\":\"Testonella od Notiko\",\"publisher\":{\"@id\":\"https:\\\/\\\/testonella.cz\\\/#organization\"},\"potentialAction\":[{\"@type\":\"SearchAction\",\"target\":{\"@type\":\"EntryPoint\",\"urlTemplate\":\"https:\\\/\\\/testonella.cz\\\/?s={search_term_string}\"},\"query-input\":{\"@type\":\"PropertyValueSpecification\",\"valueRequired\":true,\"valueName\":\"search_term_string\"}}],\"inLanguage\":\"cs\"},{\"@type\":\"Organization\",\"@id\":\"https:\\\/\\\/testonella.cz\\\/#organization\",\"name\":\"Testonella od Notiko\",\"url\":\"https:\\\/\\\/testonella.cz\\\/\",\"logo\":{\"@type\":\"ImageObject\",\"inLanguage\":\"cs\",\"@id\":\"https:\\\/\\\/testonella.cz\\\/#\\\/schema\\\/logo\\\/image\\\/\",\"url\":\"https:\\\/\\\/shop.testonella.cz\\\/wp-content\\\/uploads\\\/2024\\\/03\\\/logo-seo.webp\",\"contentUrl\":\"https:\\\/\\\/shop.testonella.cz\\\/wp-content\\\/uploads\\\/2024\\\/03\\\/logo-seo.webp\",\"width\":1200,\"height\":675,\"caption\":\"Testonella od Notiko\"},\"image\":{\"@id\":\"https:\\\/\\\/testonella.cz\\\/#\\\/schema\\\/logo\\\/image\\\/\"},\"sameAs\":[\"https:\\\/\\\/www.instagram.com\\\/testonella_od_notiko\"]}]}<\/script>\n<!-- \/ Yoast SEO plugin. -->","yoast_head_json":{"title":"Politika pou\u017e\u00edv\u00e1n\u00ed soubor\u016f cookie - Testonella","robots":{"index":"index","follow":"follow","max-snippet":"max-snippet:-1","max-image-preview":"max-image-preview:large","max-video-preview":"max-video-preview:-1"},"canonical":"https:\/\/testonella.cz\/cs\/politika-pouzivani-souboru-cookie\/","og_locale":"cs_CZ","og_type":"article","og_title":"Politika pou\u017e\u00edv\u00e1n\u00ed soubor\u016f cookie - Testonella","og_description":"Politika pou\u017e\u00edv\u00e1n\u00ed soubor\u016f cookie I. \u00davod Tato politika vysv\u011btluje, jak pou\u017e\u00edv\u00e1me soubory cookie na na\u0161ich webov\u00fdch str\u00e1nk\u00e1ch a v aplikac\u00edch","og_url":"https:\/\/testonella.cz\/cs\/politika-pouzivani-souboru-cookie\/","og_site_name":"Testonella","og_image":[{"width":1200,"height":675,"url":"https:\/\/testonella.cz\/wp-content\/uploads\/2024\/03\/logo-seo.webp","type":"image\/webp"}],"twitter_card":"summary_large_image","twitter_misc":{"Odhadovan\u00e1 doba \u010dten\u00ed":"4 minuty"},"schema":{"@context":"https:\/\/schema.org","@graph":[{"@type":"WebPage","@id":"https:\/\/testonella.cz\/politika-pouzivani-souboru-cookie\/","url":"https:\/\/testonella.cz\/politika-pouzivani-souboru-cookie\/","name":"Politika pou\u017e\u00edv\u00e1n\u00ed soubor\u016f cookie - Testonella","isPartOf":{"@id":"https:\/\/testonella.cz\/#website"},"datePublished":"2025-06-10T09:52:42+00:00","breadcrumb":{"@id":"https:\/\/testonella.cz\/politika-pouzivani-souboru-cookie\/#breadcrumb"},"inLanguage":"cs","potentialAction":[{"@type":"ReadAction","target":["https:\/\/testonella.cz\/politika-pouzivani-souboru-cookie\/"]}]},{"@type":"BreadcrumbList","@id":"https:\/\/testonella.cz\/politika-pouzivani-souboru-cookie\/#breadcrumb","itemListElement":[{"@type":"ListItem","position":1,"name":"\u0413\u043e\u043b\u043e\u0432\u043d\u0430","item":"https:\/\/testonella.cz\/"},{"@type":"ListItem","position":2,"name":"Politika pou\u017e\u00edv\u00e1n\u00ed soubor\u016f cookie"}]},{"@type":"WebSite","@id":"https:\/\/testonella.cz\/#website","url":"https:\/\/testonella.cz\/","name":"Testonella","description":"T\u011bstonella od Notiko","publisher":{"@id":"https:\/\/testonella.cz\/#organization"},"potentialAction":[{"@type":"SearchAction","target":{"@type":"EntryPoint","urlTemplate":"https:\/\/testonella.cz\/?s={search_term_string}"},"query-input":{"@type":"PropertyValueSpecification","valueRequired":true,"valueName":"search_term_string"}}],"inLanguage":"cs"},{"@type":"Organization","@id":"https:\/\/testonella.cz\/#organization","name":"T\u011bstonella od Notiko","url":"https:\/\/testonella.cz\/","logo":{"@type":"ImageObject","inLanguage":"cs","@id":"https:\/\/testonella.cz\/#\/schema\/logo\/image\/","url":"https:\/\/shop.testonella.cz\/wp-content\/uploads\/2024\/03\/logo-seo.webp","contentUrl":"https:\/\/shop.testonella.cz\/wp-content\/uploads\/2024\/03\/logo-seo.webp","width":1200,"height":675,"caption":"Testonella od Notiko"},"image":{"@id":"https:\/\/testonella.cz\/#\/schema\/logo\/image\/"},"sameAs":["https:\/\/www.instagram.com\/testonella_od_notiko"]}]}},"_links":{"self":[{"href":"https:\/\/testonella.cz\/cs\/wp-json\/wp\/v2\/pages\/16745","targetHints":{"allow":["GET"]}}],"collection":[{"href":"https:\/\/testonella.cz\/cs\/wp-json\/wp\/v2\/pages"}],"about":[{"href":"https:\/\/testonella.cz\/cs\/wp-json\/wp\/v2\/types\/page"}],"author":[{"embeddable":true,"href":"https:\/\/testonella.cz\/cs\/wp-json\/wp\/v2\/users\/1"}],"replies":[{"embeddable":true,"href":"https:\/\/testonella.cz\/cs\/wp-json\/wp\/v2\/comments?post=16745"}],"version-history":[{"count":1,"href":"https:\/\/testonella.cz\/cs\/wp-json\/wp\/v2\/pages\/16745\/revisions"}],"predecessor-version":[{"id":16746,"href":"https:\/\/testonella.cz\/cs\/wp-json\/wp\/v2\/pages\/16745\/revisions\/16746"}],"wp:attachment":[{"href":"https:\/\/testonella.cz\/cs\/wp-json\/wp\/v2\/media?parent=16745"}],"curies":[{"name":"wp","href":"https:\/\/api.w.org\/{rel}","templated":true}]}}