{"id":16418,"date":"2024-03-25T21:29:54","date_gmt":"2024-03-25T19:29:54","guid":{"rendered":"https:\/\/www.testonella.cz\/?page_id=16418"},"modified":"2024-03-25T22:16:55","modified_gmt":"2024-03-25T20:16:55","slug":"bistro","status":"publish","type":"page","link":"https:\/\/testonella.cz\/cs\/bistro\/","title":{"rendered":"Bistro"},"content":{"rendered":"<div data-elementor-type=\"wp-page\" data-elementor-id=\"16418\" class=\"elementor elementor-16418\">\n\t\t\t\t<div class=\"wd-negative-gap elementor-element elementor-element-28100c7 e-flex e-con-boxed e-con e-parent\" data-id=\"28100c7\" data-element_type=\"container\" data-e-type=\"container\">\n\t\t\t\t\t<div class=\"e-con-inner\">\n\t\t<div class=\"elementor-element elementor-element-65c5514 e-con-full e-flex e-con e-child\" data-id=\"65c5514\" data-element_type=\"container\" data-e-type=\"container\">\n\t\t\t\t<div class=\"elementor-element elementor-element-f37e19b wd-width-100 elementor-widget elementor-widget-wd_images_gallery\" data-id=\"f37e19b\" data-element_type=\"widget\" data-e-type=\"widget\" data-widget_type=\"wd_images_gallery.default\">\n\t\t\t\t<div class=\"elementor-widget-container\">\n\t\t\t\t\t\t\t<div class=\"wd-images-gallery photoswipe-images\" style=\"--wd-align-items:center; --wd-justify-content:center;\">\n\t\t\t\t\t\t<div class=\"wd-grid-g\" style=\"--wd-col-lg:1;--wd-col-md:1;--wd-col-sm:1;--wd-gap-lg:0px;\" >\n\t\t\t\t\t\t\t\t\t\t\t\t\t\t\t\t\t\t<div class=\"wd-gallery-item wd-col\">\n\t\t\t\t\t\t\t\t\t\t\t\t\t<a  href=\"https:\/\/testonella.cz\/wp-content\/uploads\/2024\/03\/photo-85.webp\" data-width=\"1500\" data-height=\"800\" data-index=\"1\" data-elementor-open-lightbox=\"no\">\n\t\t\t\t\t\t\n\t\t\t\t\t\t<img loading=\"lazy\" decoding=\"async\" width=\"1300\" height=\"693\" src=\"https:\/\/testonella.cz\/wp-content\/uploads\/2024\/03\/photo-85-1300x693.webp\" class=\"attachment-large size-large\" alt=\"T\u011bstonella od Notiko\" srcset=\"https:\/\/testonella.cz\/wp-content\/uploads\/2024\/03\/photo-85-1300x693.webp 1300w, https:\/\/testonella.cz\/wp-content\/uploads\/2024\/03\/photo-85-430x229.webp 430w, https:\/\/testonella.cz\/wp-content\/uploads\/2024\/03\/photo-85-150x80.webp 150w, https:\/\/testonella.cz\/wp-content\/uploads\/2024\/03\/photo-85-700x373.webp 700w, https:\/\/testonella.cz\/wp-content\/uploads\/2024\/03\/photo-85-400x213.webp 400w, https:\/\/testonella.cz\/wp-content\/uploads\/2024\/03\/photo-85-768x410.webp 768w, https:\/\/testonella.cz\/wp-content\/uploads\/2024\/03\/photo-85-860x459.webp 860w, https:\/\/testonella.cz\/wp-content\/uploads\/2024\/03\/photo-85.webp 1500w\" sizes=\"auto, (max-width: 1300px) 100vw, 1300px\" \/>\n\t\t\t\t\t\t\t\t\t\t\t\t\t<\/a>\n\t\t\t\t\t\t\t\t\t\t\t<\/div>\n\t\t\t\t\t\t\t\t\t\t\t\t\t<\/div>\n\t\t\t\t\t<\/div>\n\t\t\t\t\t\t<\/div>\n\t\t\t\t<\/div>\n\t\t\t\t<\/div>\n\t\t<div class=\"elementor-element elementor-element-77d18a7 e-con-full e-flex e-con e-child\" data-id=\"77d18a7\" data-element_type=\"container\" data-e-type=\"container\">\n\t\t\t\t<div class=\"elementor-element elementor-element-866de90 wd-width-100 elementor-widget elementor-widget-wd_title\" data-id=\"866de90\" data-element_type=\"widget\" data-e-type=\"widget\" data-widget_type=\"wd_title.default\">\n\t\t\t\t<div class=\"elementor-widget-container\">\n\t\t\t\t\t\t\t<div class=\"title-wrapper wd-set-mb reset-last-child wd-title-color-default wd-title-style-default wd-title-size-default text-center\">\n\n\t\t\t\t\t\t\t\t\t\t\t<div class=\"title-subtitle subtitle-color-default subtitle-style-default wd-fontsize-xs\">\n\t\t\t\t\t \t\t\t\t<\/div>\n\t\t\t\n\t\t\t<div class=\"liner-continer\">\n\t\t\t\t<h4 class=\"woodmart-title-container title wd-fontsize-l\">V na\u0161\u00ed kav\u00e1rn\u011b si m\u016f\u017eete vychutnat chut\u011b na\u0161ich produkt\u016f, kter\u00e9 vyr\u00e1b\u00ed s\u00e1m v\u00fdrobce.<\/h4> \n\t\t\t\t\t\t\t<\/div>\n\n\t\t\t\t\t<\/div>\n\t\t\t\t\t\t<\/div>\n\t\t\t\t<\/div>\n\t\t\t\t<\/div>\n\t\t\t\t\t<\/div>\n\t\t\t\t<\/div>\n\t\t<div class=\"wd-negative-gap elementor-element elementor-element-0cf5555 e-flex e-con-boxed e-con e-parent\" data-id=\"0cf5555\" data-element_type=\"container\" data-e-type=\"container\">\n\t\t\t\t\t<div class=\"e-con-inner\">\n\t\t<div class=\"elementor-element elementor-element-b047679 e-con-full e-flex e-con e-child\" data-id=\"b047679\" data-element_type=\"container\" data-e-type=\"container\">\n\t\t<div class=\"wd-negative-gap elementor-element elementor-element-ed0d606 e-flex e-con-boxed e-con e-child\" data-id=\"ed0d606\" data-element_type=\"container\" data-e-type=\"container\">\n\t\t\t\t\t<div class=\"e-con-inner\">\n\t\t\t\t<div class=\"elementor-element elementor-element-4b351f9 elementor-widget elementor-widget-wd_image_or_svg\" data-id=\"4b351f9\" data-element_type=\"widget\" data-e-type=\"widget\" data-widget_type=\"wd_image_or_svg.default\">\n\t\t\t\t<div class=\"elementor-widget-container\">\n\t\t\t\t\t\n\t\t<div class=\"wd-image text-left\">\n\t\t\t\t\t\t\t\t<img loading=\"lazy\" decoding=\"async\" width=\"1213\" height=\"2560\" src=\"https:\/\/testonella.cz\/wp-content\/uploads\/2024\/03\/menu1-scaled.webp\" class=\"attachment-full size-full\" alt=\"Bistro testonella4\" srcset=\"https:\/\/testonella.cz\/wp-content\/uploads\/2024\/03\/menu1-scaled.webp 1213w, https:\/\/testonella.cz\/wp-content\/uploads\/2024\/03\/menu1-142x300.webp 142w, https:\/\/testonella.cz\/wp-content\/uploads\/2024\/03\/menu1-379x800.webp 379w, https:\/\/testonella.cz\/wp-content\/uploads\/2024\/03\/menu1-768x1621.webp 768w, https:\/\/testonella.cz\/wp-content\/uploads\/2024\/03\/menu1-728x1536.webp 728w, https:\/\/testonella.cz\/wp-content\/uploads\/2024\/03\/menu1-971x2048.webp 971w, https:\/\/testonella.cz\/wp-content\/uploads\/2024\/03\/menu1-6x12.webp 6w, https:\/\/testonella.cz\/wp-content\/uploads\/2024\/03\/menu1-860x1815.webp 860w, https:\/\/testonella.cz\/wp-content\/uploads\/2024\/03\/menu1-430x907.webp 430w, https:\/\/testonella.cz\/wp-content\/uploads\/2024\/03\/menu1-700x1477.webp 700w, https:\/\/testonella.cz\/wp-content\/uploads\/2024\/03\/menu1-150x317.webp 150w\" sizes=\"auto, (max-width: 1213px) 100vw, 1213px\" \/>\t\t\t\t\t<\/div>\n\n\t\t\t\t\t\t<\/div>\n\t\t\t\t<\/div>\n\t\t\t\t\t<\/div>\n\t\t\t\t<\/div>\n\t\t\t\t<\/div>\n\t\t<div class=\"elementor-element elementor-element-b953c40 e-con-full e-flex e-con e-child\" data-id=\"b953c40\" data-element_type=\"container\" data-e-type=\"container\">\n\t\t<div class=\"wd-negative-gap elementor-element elementor-element-efba328 e-flex e-con-boxed e-con e-child\" data-id=\"efba328\" data-element_type=\"container\" data-e-type=\"container\">\n\t\t\t\t\t<div class=\"e-con-inner\">\n\t\t\t\t<div class=\"elementor-element elementor-element-0fab43d elementor-widget elementor-widget-wd_image_or_svg\" data-id=\"0fab43d\" data-element_type=\"widget\" data-e-type=\"widget\" data-widget_type=\"wd_image_or_svg.default\">\n\t\t\t\t<div class=\"elementor-widget-container\">\n\t\t\t\t\t\n\t\t<div class=\"wd-image text-left\">\n\t\t\t\t\t\t\t\t<img loading=\"lazy\" decoding=\"async\" width=\"1213\" height=\"2560\" src=\"https:\/\/testonella.cz\/wp-content\/uploads\/2024\/03\/menu2-scaled.webp\" class=\"attachment-full size-full\" alt=\"Bistro testonella3\" srcset=\"https:\/\/testonella.cz\/wp-content\/uploads\/2024\/03\/menu2-scaled.webp 1213w, https:\/\/testonella.cz\/wp-content\/uploads\/2024\/03\/menu2-142x300.webp 142w, https:\/\/testonella.cz\/wp-content\/uploads\/2024\/03\/menu2-379x800.webp 379w, https:\/\/testonella.cz\/wp-content\/uploads\/2024\/03\/menu2-768x1621.webp 768w, https:\/\/testonella.cz\/wp-content\/uploads\/2024\/03\/menu2-728x1536.webp 728w, https:\/\/testonella.cz\/wp-content\/uploads\/2024\/03\/menu2-971x2048.webp 971w, https:\/\/testonella.cz\/wp-content\/uploads\/2024\/03\/menu2-6x12.webp 6w, https:\/\/testonella.cz\/wp-content\/uploads\/2024\/03\/menu2-860x1815.webp 860w, https:\/\/testonella.cz\/wp-content\/uploads\/2024\/03\/menu2-430x907.webp 430w, https:\/\/testonella.cz\/wp-content\/uploads\/2024\/03\/menu2-700x1477.webp 700w, https:\/\/testonella.cz\/wp-content\/uploads\/2024\/03\/menu2-150x317.webp 150w\" sizes=\"auto, (max-width: 1213px) 100vw, 1213px\" \/>\t\t\t\t\t<\/div>\n\n\t\t\t\t\t\t<\/div>\n\t\t\t\t<\/div>\n\t\t\t\t\t<\/div>\n\t\t\t\t<\/div>\n\t\t\t\t<\/div>\n\t\t\t\t\t<\/div>\n\t\t\t\t<\/div>\n\t\t<div class=\"wd-negative-gap elementor-element elementor-element-e63503c e-flex e-con-boxed e-con e-parent\" data-id=\"e63503c\" data-element_type=\"container\" data-e-type=\"container\" data-settings=\"{&quot;background_background&quot;:&quot;classic&quot;}\">\n\t\t\t\t\t<div class=\"e-con-inner\">\n\t\t<div class=\"elementor-element elementor-element-724acd4 e-con-full e-flex e-con e-child\" data-id=\"724acd4\" data-element_type=\"container\" data-e-type=\"container\">\n\t\t<div class=\"wd-negative-gap elementor-element elementor-element-982fce1 e-flex e-con-boxed e-con e-child\" data-id=\"982fce1\" data-element_type=\"container\" data-e-type=\"container\">\n\t\t\t\t\t<div class=\"e-con-inner\">\n\t\t\t\t<div class=\"elementor-element elementor-element-112a3bf elementor-widget elementor-widget-wd_image_or_svg\" data-id=\"112a3bf\" data-element_type=\"widget\" data-e-type=\"widget\" data-widget_type=\"wd_image_or_svg.default\">\n\t\t\t\t<div class=\"elementor-widget-container\">\n\t\t\t\t\t\n\t\t<div class=\"wd-image text-left\">\n\t\t\t\t\t\t\t\t<img loading=\"lazy\" decoding=\"async\" width=\"1387\" height=\"2185\" src=\"https:\/\/testonella.cz\/wp-content\/uploads\/2024\/03\/menu3.webp\" class=\"attachment-full size-full\" alt=\"Bistro testonella2\" srcset=\"https:\/\/testonella.cz\/wp-content\/uploads\/2024\/03\/menu3.webp 1387w, https:\/\/testonella.cz\/wp-content\/uploads\/2024\/03\/menu3-190x300.webp 190w, https:\/\/testonella.cz\/wp-content\/uploads\/2024\/03\/menu3-508x800.webp 508w, https:\/\/testonella.cz\/wp-content\/uploads\/2024\/03\/menu3-768x1210.webp 768w, https:\/\/testonella.cz\/wp-content\/uploads\/2024\/03\/menu3-975x1536.webp 975w, https:\/\/testonella.cz\/wp-content\/uploads\/2024\/03\/menu3-1300x2048.webp 1300w, https:\/\/testonella.cz\/wp-content\/uploads\/2024\/03\/menu3-8x12.webp 8w, https:\/\/testonella.cz\/wp-content\/uploads\/2024\/03\/menu3-860x1355.webp 860w, https:\/\/testonella.cz\/wp-content\/uploads\/2024\/03\/menu3-430x677.webp 430w, https:\/\/testonella.cz\/wp-content\/uploads\/2024\/03\/menu3-700x1103.webp 700w, https:\/\/testonella.cz\/wp-content\/uploads\/2024\/03\/menu3-150x236.webp 150w\" sizes=\"auto, (max-width: 1387px) 100vw, 1387px\" \/>\t\t\t\t\t<\/div>\n\n\t\t\t\t\t\t<\/div>\n\t\t\t\t<\/div>\n\t\t\t\t\t<\/div>\n\t\t\t\t<\/div>\n\t\t\t\t<\/div>\n\t\t<div class=\"elementor-element elementor-element-17332b3 e-con-full e-flex e-con e-child\" data-id=\"17332b3\" data-element_type=\"container\" data-e-type=\"container\">\n\t\t<div class=\"wd-negative-gap elementor-element elementor-element-d55391a e-flex e-con-boxed e-con e-child\" data-id=\"d55391a\" data-element_type=\"container\" data-e-type=\"container\">\n\t\t\t\t\t<div class=\"e-con-inner\">\n\t\t\t\t<div class=\"elementor-element elementor-element-f73b166 elementor-widget elementor-widget-wd_image_or_svg\" data-id=\"f73b166\" data-element_type=\"widget\" data-e-type=\"widget\" data-widget_type=\"wd_image_or_svg.default\">\n\t\t\t\t<div class=\"elementor-widget-container\">\n\t\t\t\t\t\n\t\t<div class=\"wd-image text-left\">\n\t\t\t\t\t\t\t\t<img loading=\"lazy\" decoding=\"async\" width=\"1213\" height=\"2560\" src=\"https:\/\/testonella.cz\/wp-content\/uploads\/2024\/03\/menu4-scaled.webp\" class=\"attachment-full size-full\" alt=\"Bistro testonella\" srcset=\"https:\/\/testonella.cz\/wp-content\/uploads\/2024\/03\/menu4-scaled.webp 1213w, https:\/\/testonella.cz\/wp-content\/uploads\/2024\/03\/menu4-142x300.webp 142w, https:\/\/testonella.cz\/wp-content\/uploads\/2024\/03\/menu4-379x800.webp 379w, https:\/\/testonella.cz\/wp-content\/uploads\/2024\/03\/menu4-768x1621.webp 768w, https:\/\/testonella.cz\/wp-content\/uploads\/2024\/03\/menu4-728x1536.webp 728w, https:\/\/testonella.cz\/wp-content\/uploads\/2024\/03\/menu4-971x2048.webp 971w, https:\/\/testonella.cz\/wp-content\/uploads\/2024\/03\/menu4-6x12.webp 6w, https:\/\/testonella.cz\/wp-content\/uploads\/2024\/03\/menu4-860x1815.webp 860w, https:\/\/testonella.cz\/wp-content\/uploads\/2024\/03\/menu4-430x907.webp 430w, https:\/\/testonella.cz\/wp-content\/uploads\/2024\/03\/menu4-700x1477.webp 700w, https:\/\/testonella.cz\/wp-content\/uploads\/2024\/03\/menu4-150x317.webp 150w\" sizes=\"auto, (max-width: 1213px) 100vw, 1213px\" \/>\t\t\t\t\t<\/div>\n\n\t\t\t\t\t\t<\/div>\n\t\t\t\t<\/div>\n\t\t\t\t\t<\/div>\n\t\t\t\t<\/div>\n\t\t\t\t<\/div>\n\t\t\t\t\t<\/div>\n\t\t\t\t<\/div>\n\t\t\t\t<\/div>","protected":false},"excerpt":{"rendered":"<p>V na\u0161\u00ed kav\u00e1rn\u011b si m\u016f\u017eete vychutnat chut\u011b na\u0161ich produkt\u016f, kter\u00e9 vyr\u00e1b\u00ed s\u00e1m v\u00fdrobce.<\/p>","protected":false},"author":1,"featured_media":16166,"parent":0,"menu_order":0,"comment_status":"closed","ping_status":"closed","template":"","meta":{"footnotes":""},"class_list":["post-16418","page","type-page","status-publish","has-post-thumbnail","hentry"],"yoast_head":"<!-- This site is optimized with the Yoast SEO plugin v27.5 - https:\/\/yoast.com\/product\/yoast-seo-wordpress\/ -->\n<title>\u0411\u0456\u0441\u0442\u0440\u043e - Testonella<\/title>\n<meta name=\"description\" content=\"\u0412 \u043d\u0430\u0448\u043e\u043c\u0443 \u043a\u0430\u0444\u0435 \u0432\u0438 \u0437\u043c\u043e\u0436\u0435\u0442\u0435 \u043d\u0430\u0441\u043e\u043b\u043e\u0434\u0438\u0442\u0438\u0441\u044f \u0441\u043c\u0430\u043a\u0430\u043c\u0438 \u043d\u0430\u0448\u043e\u0457 \u043f\u0440\u043e\u0434\u0443\u043a\u0446\u0456\u0457, \u0432\u0438\u0433\u043e\u0442\u043e\u0432\u043b\u0435\u043d\u043e\u044e \u0432\u043b\u0430\u0441\u043d\u043e\u0440\u0443\u0447 \u0432\u0438\u0440\u043e\u0431\u043d\u0438\u043a\u043e\u043c.\" \/>\n<meta name=\"robots\" content=\"index, follow, max-snippet:-1, max-image-preview:large, max-video-preview:-1\" \/>\n<link rel=\"canonical\" href=\"https:\/\/testonella.cz\/cs\/bistro\/\" \/>\n<meta property=\"og:locale\" content=\"cs_CZ\" \/>\n<meta property=\"og:type\" content=\"article\" \/>\n<meta property=\"og:title\" content=\"\u0411\u0456\u0441\u0442\u0440\u043e - Testonella\" \/>\n<meta property=\"og:description\" content=\"\u0412 \u043d\u0430\u0448\u043e\u043c\u0443 \u043a\u0430\u0444\u0435 \u0432\u0438 \u0437\u043c\u043e\u0436\u0435\u0442\u0435 \u043d\u0430\u0441\u043e\u043b\u043e\u0434\u0438\u0442\u0438\u0441\u044f \u0441\u043c\u0430\u043a\u0430\u043c\u0438 \u043d\u0430\u0448\u043e\u0457 \u043f\u0440\u043e\u0434\u0443\u043a\u0446\u0456\u0457, \u0432\u0438\u0433\u043e\u0442\u043e\u0432\u043b\u0435\u043d\u043e\u044e \u0432\u043b\u0430\u0441\u043d\u043e\u0440\u0443\u0447 \u0432\u0438\u0440\u043e\u0431\u043d\u0438\u043a\u043e\u043c.\" \/>\n<meta property=\"og:url\" content=\"https:\/\/testonella.cz\/cs\/bistro\/\" \/>\n<meta property=\"og:site_name\" content=\"Testonella\" \/>\n<meta property=\"article:modified_time\" content=\"2024-03-25T20:16:55+00:00\" \/>\n<meta property=\"og:image\" content=\"https:\/\/testonella.cz\/wp-content\/uploads\/2024\/03\/photo-85-1.webp\" \/>\n\t<meta property=\"og:image:width\" content=\"1500\" \/>\n\t<meta property=\"og:image:height\" content=\"800\" \/>\n\t<meta property=\"og:image:type\" content=\"image\/webp\" \/>\n<meta name=\"twitter:card\" content=\"summary_large_image\" \/>\n<meta name=\"twitter:label1\" content=\"Odhadovan\u00e1 doba \u010dten\u00ed\" \/>\n\t<meta name=\"twitter:data1\" content=\"2 minuty\" \/>\n<script type=\"application\/ld+json\" class=\"yoast-schema-graph\">{\"@context\":\"https:\\\/\\\/schema.org\",\"@graph\":[{\"@type\":\"WebPage\",\"@id\":\"https:\\\/\\\/testonella.cz\\\/bistro\\\/\",\"url\":\"https:\\\/\\\/testonella.cz\\\/bistro\\\/\",\"name\":\"\u0411\u0456\u0441\u0442\u0440\u043e - Testonella\",\"isPartOf\":{\"@id\":\"https:\\\/\\\/testonella.cz\\\/#website\"},\"primaryImageOfPage\":{\"@id\":\"https:\\\/\\\/testonella.cz\\\/bistro\\\/#primaryimage\"},\"image\":{\"@id\":\"https:\\\/\\\/testonella.cz\\\/bistro\\\/#primaryimage\"},\"thumbnailUrl\":\"https:\\\/\\\/testonella.cz\\\/wp-content\\\/uploads\\\/2024\\\/03\\\/photo-85-1.webp\",\"datePublished\":\"2024-03-25T19:29:54+00:00\",\"dateModified\":\"2024-03-25T20:16:55+00:00\",\"description\":\"\u0412 \u043d\u0430\u0448\u043e\u043c\u0443 \u043a\u0430\u0444\u0435 \u0432\u0438 \u0437\u043c\u043e\u0436\u0435\u0442\u0435 \u043d\u0430\u0441\u043e\u043b\u043e\u0434\u0438\u0442\u0438\u0441\u044f \u0441\u043c\u0430\u043a\u0430\u043c\u0438 \u043d\u0430\u0448\u043e\u0457 \u043f\u0440\u043e\u0434\u0443\u043a\u0446\u0456\u0457, \u0432\u0438\u0433\u043e\u0442\u043e\u0432\u043b\u0435\u043d\u043e\u044e \u0432\u043b\u0430\u0441\u043d\u043e\u0440\u0443\u0447 \u0432\u0438\u0440\u043e\u0431\u043d\u0438\u043a\u043e\u043c.\",\"breadcrumb\":{\"@id\":\"https:\\\/\\\/testonella.cz\\\/bistro\\\/#breadcrumb\"},\"inLanguage\":\"cs\",\"potentialAction\":[{\"@type\":\"ReadAction\",\"target\":[\"https:\\\/\\\/testonella.cz\\\/bistro\\\/\"]}]},{\"@type\":\"ImageObject\",\"inLanguage\":\"cs\",\"@id\":\"https:\\\/\\\/testonella.cz\\\/bistro\\\/#primaryimage\",\"url\":\"https:\\\/\\\/testonella.cz\\\/wp-content\\\/uploads\\\/2024\\\/03\\\/photo-85-1.webp\",\"contentUrl\":\"https:\\\/\\\/testonella.cz\\\/wp-content\\\/uploads\\\/2024\\\/03\\\/photo-85-1.webp\",\"width\":1500,\"height\":800,\"caption\":\"Kav\u00e1rna\"},{\"@type\":\"BreadcrumbList\",\"@id\":\"https:\\\/\\\/testonella.cz\\\/bistro\\\/#breadcrumb\",\"itemListElement\":[{\"@type\":\"ListItem\",\"position\":1,\"name\":\"\u0413\u043e\u043b\u043e\u0432\u043d\u0430\",\"item\":\"https:\\\/\\\/testonella.cz\\\/\"},{\"@type\":\"ListItem\",\"position\":2,\"name\":\"\u0411\u0456\u0441\u0442\u0440\u043e\"}]},{\"@type\":\"WebSite\",\"@id\":\"https:\\\/\\\/testonella.cz\\\/#website\",\"url\":\"https:\\\/\\\/testonella.cz\\\/\",\"name\":\"Testonella\",\"description\":\"Testonella od Notiko\",\"publisher\":{\"@id\":\"https:\\\/\\\/testonella.cz\\\/#organization\"},\"potentialAction\":[{\"@type\":\"SearchAction\",\"target\":{\"@type\":\"EntryPoint\",\"urlTemplate\":\"https:\\\/\\\/testonella.cz\\\/?s={search_term_string}\"},\"query-input\":{\"@type\":\"PropertyValueSpecification\",\"valueRequired\":true,\"valueName\":\"search_term_string\"}}],\"inLanguage\":\"cs\"},{\"@type\":\"Organization\",\"@id\":\"https:\\\/\\\/testonella.cz\\\/#organization\",\"name\":\"Testonella od Notiko\",\"url\":\"https:\\\/\\\/testonella.cz\\\/\",\"logo\":{\"@type\":\"ImageObject\",\"inLanguage\":\"cs\",\"@id\":\"https:\\\/\\\/testonella.cz\\\/#\\\/schema\\\/logo\\\/image\\\/\",\"url\":\"https:\\\/\\\/shop.testonella.cz\\\/wp-content\\\/uploads\\\/2024\\\/03\\\/logo-seo.webp\",\"contentUrl\":\"https:\\\/\\\/shop.testonella.cz\\\/wp-content\\\/uploads\\\/2024\\\/03\\\/logo-seo.webp\",\"width\":1200,\"height\":675,\"caption\":\"Testonella od Notiko\"},\"image\":{\"@id\":\"https:\\\/\\\/testonella.cz\\\/#\\\/schema\\\/logo\\\/image\\\/\"},\"sameAs\":[\"https:\\\/\\\/www.instagram.com\\\/testonella_od_notiko\"]}]}<\/script>\n<!-- \/ Yoast SEO plugin. -->","yoast_head_json":{"title":"\u0411\u0456\u0441\u0442\u0440\u043e - Testonella","description":"V na\u0161\u00ed kav\u00e1rn\u011b si m\u016f\u017eete vychutnat chut\u011b na\u0161ich produkt\u016f, kter\u00e9 vyr\u00e1b\u00ed s\u00e1m v\u00fdrobce.","robots":{"index":"index","follow":"follow","max-snippet":"max-snippet:-1","max-image-preview":"max-image-preview:large","max-video-preview":"max-video-preview:-1"},"canonical":"https:\/\/testonella.cz\/cs\/bistro\/","og_locale":"cs_CZ","og_type":"article","og_title":"\u0411\u0456\u0441\u0442\u0440\u043e - Testonella","og_description":"\u0412 \u043d\u0430\u0448\u043e\u043c\u0443 \u043a\u0430\u0444\u0435 \u0432\u0438 \u0437\u043c\u043e\u0436\u0435\u0442\u0435 \u043d\u0430\u0441\u043e\u043b\u043e\u0434\u0438\u0442\u0438\u0441\u044f \u0441\u043c\u0430\u043a\u0430\u043c\u0438 \u043d\u0430\u0448\u043e\u0457 \u043f\u0440\u043e\u0434\u0443\u043a\u0446\u0456\u0457, \u0432\u0438\u0433\u043e\u0442\u043e\u0432\u043b\u0435\u043d\u043e\u044e \u0432\u043b\u0430\u0441\u043d\u043e\u0440\u0443\u0447 \u0432\u0438\u0440\u043e\u0431\u043d\u0438\u043a\u043e\u043c.","og_url":"https:\/\/testonella.cz\/cs\/bistro\/","og_site_name":"Testonella","article_modified_time":"2024-03-25T20:16:55+00:00","og_image":[{"width":1500,"height":800,"url":"https:\/\/testonella.cz\/wp-content\/uploads\/2024\/03\/photo-85-1.webp","type":"image\/webp"}],"twitter_card":"summary_large_image","twitter_misc":{"Odhadovan\u00e1 doba \u010dten\u00ed":"2 minuty"},"schema":{"@context":"https:\/\/schema.org","@graph":[{"@type":"WebPage","@id":"https:\/\/testonella.cz\/bistro\/","url":"https:\/\/testonella.cz\/bistro\/","name":"\u0411\u0456\u0441\u0442\u0440\u043e - Testonella","isPartOf":{"@id":"https:\/\/testonella.cz\/#website"},"primaryImageOfPage":{"@id":"https:\/\/testonella.cz\/bistro\/#primaryimage"},"image":{"@id":"https:\/\/testonella.cz\/bistro\/#primaryimage"},"thumbnailUrl":"https:\/\/testonella.cz\/wp-content\/uploads\/2024\/03\/photo-85-1.webp","datePublished":"2024-03-25T19:29:54+00:00","dateModified":"2024-03-25T20:16:55+00:00","description":"V na\u0161\u00ed kav\u00e1rn\u011b si m\u016f\u017eete vychutnat chut\u011b na\u0161ich produkt\u016f, kter\u00e9 vyr\u00e1b\u00ed s\u00e1m v\u00fdrobce.","breadcrumb":{"@id":"https:\/\/testonella.cz\/bistro\/#breadcrumb"},"inLanguage":"cs","potentialAction":[{"@type":"ReadAction","target":["https:\/\/testonella.cz\/bistro\/"]}]},{"@type":"ImageObject","inLanguage":"cs","@id":"https:\/\/testonella.cz\/bistro\/#primaryimage","url":"https:\/\/testonella.cz\/wp-content\/uploads\/2024\/03\/photo-85-1.webp","contentUrl":"https:\/\/testonella.cz\/wp-content\/uploads\/2024\/03\/photo-85-1.webp","width":1500,"height":800,"caption":"Kav\u00e1rna"},{"@type":"BreadcrumbList","@id":"https:\/\/testonella.cz\/bistro\/#breadcrumb","itemListElement":[{"@type":"ListItem","position":1,"name":"\u0413\u043e\u043b\u043e\u0432\u043d\u0430","item":"https:\/\/testonella.cz\/"},{"@type":"ListItem","position":2,"name":"\u0411\u0456\u0441\u0442\u0440\u043e"}]},{"@type":"WebSite","@id":"https:\/\/testonella.cz\/#website","url":"https:\/\/testonella.cz\/","name":"Testonella","description":"T\u011bstonella od Notiko","publisher":{"@id":"https:\/\/testonella.cz\/#organization"},"potentialAction":[{"@type":"SearchAction","target":{"@type":"EntryPoint","urlTemplate":"https:\/\/testonella.cz\/?s={search_term_string}"},"query-input":{"@type":"PropertyValueSpecification","valueRequired":true,"valueName":"search_term_string"}}],"inLanguage":"cs"},{"@type":"Organization","@id":"https:\/\/testonella.cz\/#organization","name":"T\u011bstonella od Notiko","url":"https:\/\/testonella.cz\/","logo":{"@type":"ImageObject","inLanguage":"cs","@id":"https:\/\/testonella.cz\/#\/schema\/logo\/image\/","url":"https:\/\/shop.testonella.cz\/wp-content\/uploads\/2024\/03\/logo-seo.webp","contentUrl":"https:\/\/shop.testonella.cz\/wp-content\/uploads\/2024\/03\/logo-seo.webp","width":1200,"height":675,"caption":"Testonella od Notiko"},"image":{"@id":"https:\/\/testonella.cz\/#\/schema\/logo\/image\/"},"sameAs":["https:\/\/www.instagram.com\/testonella_od_notiko"]}]}},"_links":{"self":[{"href":"https:\/\/testonella.cz\/cs\/wp-json\/wp\/v2\/pages\/16418","targetHints":{"allow":["GET"]}}],"collection":[{"href":"https:\/\/testonella.cz\/cs\/wp-json\/wp\/v2\/pages"}],"about":[{"href":"https:\/\/testonella.cz\/cs\/wp-json\/wp\/v2\/types\/page"}],"author":[{"embeddable":true,"href":"https:\/\/testonella.cz\/cs\/wp-json\/wp\/v2\/users\/1"}],"replies":[{"embeddable":true,"href":"https:\/\/testonella.cz\/cs\/wp-json\/wp\/v2\/comments?post=16418"}],"version-history":[{"count":17,"href":"https:\/\/testonella.cz\/cs\/wp-json\/wp\/v2\/pages\/16418\/revisions"}],"predecessor-version":[{"id":16702,"href":"https:\/\/testonella.cz\/cs\/wp-json\/wp\/v2\/pages\/16418\/revisions\/16702"}],"wp:featuredmedia":[{"embeddable":true,"href":"https:\/\/testonella.cz\/cs\/wp-json\/wp\/v2\/media\/16166"}],"wp:attachment":[{"href":"https:\/\/testonella.cz\/cs\/wp-json\/wp\/v2\/media?parent=16418"}],"curies":[{"name":"wp","href":"https:\/\/api.w.org\/{rel}","templated":true}]}}