{"id":15619,"date":"2024-03-18T23:38:59","date_gmt":"2024-03-18T21:38:59","guid":{"rendered":"https:\/\/shop.testonella.cz\/?page_id=15619"},"modified":"2024-08-29T11:04:37","modified_gmt":"2024-08-29T08:04:37","slug":"kontakty","status":"publish","type":"page","link":"https:\/\/testonella.cz\/cs\/kontakty\/","title":{"rendered":"Kontakty"},"content":{"rendered":"\t\t<div data-elementor-type=\"wp-page\" data-elementor-id=\"15619\" class=\"elementor elementor-15619\">\n\t\t\t\t\t\t<section class=\"wd-negative-gap elementor-section elementor-top-section elementor-element elementor-element-1277ccd0 elementor-section-boxed elementor-section-height-default elementor-section-height-default\" data-id=\"1277ccd0\" data-element_type=\"section\" data-e-type=\"section\">\n\t\t\t\t\t\t<div class=\"elementor-container elementor-column-gap-default\">\n\t\t\t\t\t<div class=\"elementor-column elementor-col-50 elementor-top-column elementor-element elementor-element-a0ed9a2\" data-id=\"a0ed9a2\" data-element_type=\"column\" data-e-type=\"column\">\n\t\t\t<div class=\"elementor-widget-wrap elementor-element-populated\">\n\t\t\t\t\t\t<div class=\"elementor-element elementor-element-505e6f22 wd-width-100 elementor-widget elementor-widget-wd_title\" data-id=\"505e6f22\" data-element_type=\"widget\" data-e-type=\"widget\" data-widget_type=\"wd_title.default\">\n\t\t\t\t<div class=\"elementor-widget-container\">\n\t\t\t\t\t\t\t<div class=\"title-wrapper wd-set-mb reset-last-child wd-title-color-default wd-title-style-bordered wd-title-size-default text-left\">\n\n\t\t\t\n\t\t\t<div class=\"liner-continer\">\n\t\t\t\t<h4 class=\"woodmart-title-container title wd-fontsize-l\">\u0410\u0434\u0440\u0435\u0441\u0430:<\/h4> \n\t\t\t\t\t\t\t<\/div>\n\n\t\t\t\t\t<\/div>\n\t\t\t\t\t\t<\/div>\n\t\t\t\t<\/div>\n\t\t\t\t<section class=\"wd-negative-gap elementor-section elementor-inner-section elementor-element elementor-element-3ba3a189 elementor-section-boxed elementor-section-height-default elementor-section-height-default\" data-id=\"3ba3a189\" data-element_type=\"section\" data-e-type=\"section\">\n\t\t\t\t\t\t<div class=\"elementor-container elementor-column-gap-extended\">\n\t\t\t\t\t<div class=\"elementor-column elementor-col-50 elementor-inner-column elementor-element elementor-element-3e4ad641\" data-id=\"3e4ad641\" data-element_type=\"column\" data-e-type=\"column\">\n\t\t\t<div class=\"elementor-widget-wrap elementor-element-populated\">\n\t\t\t\t\t\t<div class=\"elementor-element elementor-element-374df6d1 elementor-widget elementor-widget-wd_infobox\" data-id=\"374df6d1\" data-element_type=\"widget\" data-e-type=\"widget\" data-widget_type=\"wd_infobox.default\">\n\t\t\t\t<div class=\"elementor-widget-container\">\n\t\t\t\t\t\t\t<div class=\"info-box-wrapper\">\n\t\t\t<div class=\"wd-info-box text-left box-icon-align-left box-style-base color-scheme- wd-items-top\">\n\t\t\t\t\t\t\t\t\t<div class=\"box-icon-wrapper  box-with-icon box-icon-simple\">\n\t\t\t\t\t\t<div class=\"info-box-icon\">\n\t\t\t\t\t\t\t\t\t\t\t\t\t\t\t<div class=\"info-svg-wrapper\" style=\"width:40px; height:40px;\"><img decoding=\"async\"  alt=\"\u041a\u043e\u043d\u0442\u0430\u043a\u0442\u0438\" src=\"https:\/\/testonella.cz\/wp-content\/uploads\/2024\/03\/w-cellphone.svg\" title=\"w-cellphone.svg\" loading=\"lazy\" width=\"40\" height=\"40\"><\/div>\t\t\t\t\t\t\t\t\t\t\t\t\t<\/div>\n\t\t\t\t\t<\/div>\n\t\t\t\t\n\t\t\t\t<div class=\"info-box-content\">\n\t\t\t\t\t\n\t\t\t\t\t\n\t\t\t\t\t<div class=\"info-box-inner reset-last-child\"data-elementor-setting-key=\"content\"><p><span style=\"color: #000000;\">\u0422\u0435\u043b. +420770644011<\/span><br \/><span style=\"color: #000000;\"><strong>Email:<\/strong> sales@testonella.cz<\/span><\/p>\n<\/div>\n\n\t\t\t\t\t\t\t\t\t<\/div>\n\n\t\t\t\t\t\t\t<\/div>\n\t\t<\/div>\n\t\t\t\t\t\t<\/div>\n\t\t\t\t<\/div>\n\t\t\t\t<div class=\"elementor-element elementor-element-7263a923 elementor-widget elementor-widget-wd_infobox\" data-id=\"7263a923\" data-element_type=\"widget\" data-e-type=\"widget\" data-widget_type=\"wd_infobox.default\">\n\t\t\t\t<div class=\"elementor-widget-container\">\n\t\t\t\t\t\t\t<div class=\"info-box-wrapper\">\n\t\t\t<div class=\"wd-info-box text-left box-icon-align-left box-style-base color-scheme- wd-items-top\">\n\t\t\t\t\t\t\t\t\t<div class=\"box-icon-wrapper  box-with-icon box-icon-simple\">\n\t\t\t\t\t\t<div class=\"info-box-icon\">\n\t\t\t\t\t\t\t\t\t\t\t\t\t\t\t<div class=\"info-svg-wrapper\" style=\"width:40px; height:40px;\"><img decoding=\"async\"  alt=\"geo\" src=\"https:\/\/testonella.cz\/wp-content\/uploads\/2024\/03\/w-map-placeholder.svg\" title=\"w-map-placeholder.svg\" loading=\"lazy\" width=\"40\" height=\"40\"><\/div>\t\t\t\t\t\t\t\t\t\t\t\t\t<\/div>\n\t\t\t\t\t<\/div>\n\t\t\t\t\n\t\t\t\t<div class=\"info-box-content\">\n\t\t\t\t\t\n\t\t\t\t\t\n\t\t\t\t\t<div class=\"info-box-inner reset-last-child\"data-elementor-setting-key=\"content\"><p><span style=\"color: #000000;\">Muka\u0159ovsk\u00e9ho 2590,<\/span><br \/><span style=\"color: #000000;\">155 00 Praha 13-Stod\u016flky<\/span><br \/><span style=\"color: #000000;\">+420 770 644 011<\/span><br \/><span style=\"color: #000000;\">1-\u0439 \u043f\u043e\u0432\u0435\u0440\u0445 T\u011bstonella od Notiko<\/span><\/p>\n<\/div>\n\n\t\t\t\t\t\t\t\t\t<\/div>\n\n\t\t\t\t\t\t\t<\/div>\n\t\t<\/div>\n\t\t\t\t\t\t<\/div>\n\t\t\t\t<\/div>\n\t\t\t\t\t<\/div>\n\t\t<\/div>\n\t\t\t\t<div class=\"elementor-column elementor-col-50 elementor-top-column elementor-element elementor-element-47588559\" data-id=\"47588559\" data-element_type=\"column\" data-e-type=\"column\">\n\t\t\t<div class=\"elementor-widget-wrap\">\n\t\t\t\t\t\t\t<\/div>\n\t\t<\/div>\n\t\t\t\t\t<\/div>\n\t\t<\/section>\n\t\t\t\t<div class=\"elementor-element elementor-element-0181e68 wd-width-100 elementor-widget elementor-widget-wd_title\" data-id=\"0181e68\" data-element_type=\"widget\" data-e-type=\"widget\" data-widget_type=\"wd_title.default\">\n\t\t\t\t<div class=\"elementor-widget-container\">\n\t\t\t\t\t\t\t<div class=\"title-wrapper wd-set-mb reset-last-child wd-title-color-default wd-title-style-bordered wd-title-size-default text-left\">\n\n\t\t\t\n\t\t\t<div class=\"liner-continer\">\n\t\t\t\t<h4 class=\"woodmart-title-container title wd-fontsize-l\">\u041a\u043e\u043d\u0442\u0430\u043a\u0442\u0438:<\/h4> \n\t\t\t\t\t\t\t<\/div>\n\n\t\t\t\t\t<\/div>\n\t\t\t\t\t\t<\/div>\n\t\t\t\t<\/div>\n\t\t\t\t<section class=\"wd-negative-gap elementor-section elementor-inner-section elementor-element elementor-element-8b2aafb elementor-section-boxed elementor-section-height-default elementor-section-height-default\" data-id=\"8b2aafb\" data-element_type=\"section\" data-e-type=\"section\">\n\t\t\t\t\t\t<div class=\"elementor-container elementor-column-gap-extended\">\n\t\t\t\t\t<div class=\"elementor-column elementor-col-50 elementor-inner-column elementor-element elementor-element-8e98850\" data-id=\"8e98850\" data-element_type=\"column\" data-e-type=\"column\">\n\t\t\t<div class=\"elementor-widget-wrap elementor-element-populated\">\n\t\t\t\t\t\t<div class=\"elementor-element elementor-element-799d0bd elementor-widget elementor-widget-wd_text_block\" data-id=\"799d0bd\" data-element_type=\"widget\" data-e-type=\"widget\" data-widget_type=\"wd_text_block.default\">\n\t\t\t\t<div class=\"elementor-widget-container\">\n\t\t\t\t\t\t\t<div class=\"wd-text-block reset-last-child text-left\">\n\t\t\t\n\t\t\t<p style=\"padding-left: 60px;\"><span style=\"color: #000000;\">Novovyso\u010dansk\u00e1 club s.r.o.<\/span><br \/><span style=\"color: #000000;\">I\u010c: 11419140<\/span><br \/><span style=\"color: #000000;\">N\u00e1ro\u017en\u00ed 7a, Praha 5<\/span><br \/><span style=\"color: #000000;\">158 00 Stod\u016flky<\/span><\/p>\n\t\t\t\t\t<\/div>\n\t\t\t\t\t\t<\/div>\n\t\t\t\t<\/div>\n\t\t\t\t\t<\/div>\n\t\t<\/div>\n\t\t\t\t<div class=\"elementor-column elementor-col-50 elementor-top-column elementor-element elementor-element-33eb813\" data-id=\"33eb813\" data-element_type=\"column\" data-e-type=\"column\">\n\t\t\t<div class=\"elementor-widget-wrap\">\n\t\t\t\t\t\t\t<\/div>\n\t\t<\/div>\n\t\t\t\t\t<\/div>\n\t\t<\/section>\n\t\t\t\t\t<\/div>\n\t\t<\/div>\n\t\t\t\t<div class=\"elementor-column elementor-col-50 elementor-top-column elementor-element elementor-element-cc009e2\" data-id=\"cc009e2\" data-element_type=\"column\" data-e-type=\"column\">\n\t\t\t<div class=\"elementor-widget-wrap elementor-element-populated\">\n\t\t\t\t\t\t<div class=\"elementor-element elementor-element-19532679 wd-width-100 elementor-widget elementor-widget-wd_title\" data-id=\"19532679\" data-element_type=\"widget\" data-e-type=\"widget\" data-widget_type=\"wd_title.default\">\n\t\t\t\t<div class=\"elementor-widget-container\">\n\t\t\t\t\t\t\t<div class=\"title-wrapper wd-set-mb reset-last-child wd-title-color-default wd-title-style-bordered wd-title-size-default text-left\">\n\n\t\t\t\n\t\t\t<div class=\"liner-continer\">\n\t\t\t\t<h4 class=\"woodmart-title-container title wd-fontsize-l\">\u0417\u0432\u043e\u0440\u043e\u0442\u043d\u0456\u0439 \u0437\u0432'\u044f\u0437\u043e\u043a<\/h4> \n\t\t\t\t\t\t\t<\/div>\n\n\t\t\t\t\t<\/div>\n\t\t\t\t\t\t<\/div>\n\t\t\t\t<\/div>\n\t\t\t\t<div class=\"elementor-element elementor-element-a7e6fda elementor-widget elementor-widget-shortcode\" data-id=\"a7e6fda\" data-element_type=\"widget\" data-e-type=\"widget\" data-widget_type=\"shortcode.default\">\n\t\t\t\t<div class=\"elementor-widget-container\">\n\t\t\t\t\t\t\t<div class=\"elementor-shortcode\">[wpforms id=\"16001\" title=\"false\"]<\/div>\n\t\t\t\t\t\t<\/div>\n\t\t\t\t<\/div>\n\t\t\t\t\t<\/div>\n\t\t<\/div>\n\t\t\t\t\t<\/div>\n\t\t<\/section>\n\t\t<div class=\"wd-negative-gap elementor-element elementor-element-1ecdb2b e-flex e-con-boxed e-con e-parent\" data-id=\"1ecdb2b\" data-element_type=\"container\" data-e-type=\"container\">\n\t\t\t\t\t<div class=\"e-con-inner\">\n\t\t\t\t<div class=\"elementor-element elementor-element-9b2d54b elementor-widget elementor-widget-google_maps\" data-id=\"9b2d54b\" data-element_type=\"widget\" data-e-type=\"widget\" data-widget_type=\"google_maps.default\">\n\t\t\t\t<div class=\"elementor-widget-container\">\n\t\t\t\t\t\t\t<div class=\"elementor-custom-embed\">\n\t\t\t<iframe loading=\"lazy\"\n\t\t\t\t\tsrc=\"https:\/\/maps.google.com\/maps?q=Muka%C5%99ovsk%C3%A9ho%202590%2C%20155%2000%20Praha%2013-Stod%C5%AFlky&#038;t=m&#038;z=10&#038;output=embed&#038;iwloc=near\"\n\t\t\t\t\ttitle=\"Muka\u0159ovsk\u00e9ho 2590, 155 00 Praha 13-Stod\u016flky\"\n\t\t\t\t\taria-label=\"Muka\u0159ovsk\u00e9ho 2590, 155 00 Praha 13-Stod\u016flky\"\n\t\t\t><\/iframe>\n\t\t<\/div>\n\t\t\t\t\t\t<\/div>\n\t\t\t\t<\/div>\n\t\t\t\t\t<\/div>\n\t\t\t\t<\/div>\n\t\t<div class=\"wd-negative-gap elementor-element elementor-element-860b25b e-flex e-con-boxed e-con e-parent\" data-id=\"860b25b\" data-element_type=\"container\" data-e-type=\"container\">\n\t\t\t\t\t<div class=\"e-con-inner\">\n\t\t\t\t\t<\/div>\n\t\t\t\t<\/div>\n\t\t<div class=\"wd-negative-gap elementor-element elementor-element-150324d e-flex e-con-boxed e-con e-parent\" data-id=\"150324d\" data-element_type=\"container\" data-e-type=\"container\">\n\t\t\t\t\t<div class=\"e-con-inner\">\n\t\t\t\t\t<\/div>\n\t\t\t\t<\/div>\n\t\t\t\t<\/div>\n\t\t","protected":false},"excerpt":{"rendered":"<p>Adresa: Tel. +420770644011Email: sales@testonella.cz Muka\u0159ovsk\u00e9ho 2590,155 00 Praha 13-Stod\u016flky+420 770 644 0111 patro T\u011bstonella od Notiko Kontakty: Novovyso\u010dansk\u00e1 club sroI\u010c:<\/p>","protected":false},"author":1,"featured_media":15622,"parent":0,"menu_order":0,"comment_status":"closed","ping_status":"closed","template":"","meta":{"footnotes":""},"class_list":["post-15619","page","type-page","status-publish","has-post-thumbnail","hentry"],"yoast_head":"<!-- This site is optimized with the Yoast SEO plugin v27.5 - https:\/\/yoast.com\/product\/yoast-seo-wordpress\/ -->\n<title>\u041a\u043e\u043d\u0442\u0430\u043a\u0442\u0438<\/title>\n<meta name=\"description\" content=\"Adresa - T\u011bstonella od Notiko. Muka\u0159ovsk\u00e9ho 2590, 155 00 Praha 13-Stod\u016flky +420 770 644 011 T\u011bstonella od Notiko\" \/>\n<meta name=\"robots\" content=\"index, follow, max-snippet:-1, max-image-preview:large, max-video-preview:-1\" \/>\n<link rel=\"canonical\" href=\"https:\/\/testonella.cz\/cs\/kontakty\/\" \/>\n<meta property=\"og:locale\" content=\"cs_CZ\" \/>\n<meta property=\"og:type\" content=\"article\" \/>\n<meta property=\"og:title\" content=\"\u041a\u043e\u043d\u0442\u0430\u043a\u0442\u0438\" \/>\n<meta property=\"og:description\" content=\"Adresa - T\u011bstonella od Notiko. Muka\u0159ovsk\u00e9ho 2590, 155 00 Praha 13-Stod\u016flky +420 770 644 011 T\u011bstonella od Notiko\" \/>\n<meta property=\"og:url\" content=\"https:\/\/testonella.cz\/cs\/kontakty\/\" \/>\n<meta property=\"og:site_name\" content=\"Testonella\" \/>\n<meta property=\"article:modified_time\" content=\"2024-08-29T08:04:37+00:00\" \/>\n<meta property=\"og:image\" content=\"https:\/\/testonella.cz\/wp-content\/uploads\/2024\/03\/logo-seo.webp\" \/>\n\t<meta property=\"og:image:width\" content=\"1200\" \/>\n\t<meta property=\"og:image:height\" content=\"675\" \/>\n\t<meta property=\"og:image:type\" content=\"image\/webp\" \/>\n<meta name=\"twitter:card\" content=\"summary_large_image\" \/>\n<meta name=\"twitter:label1\" content=\"Odhadovan\u00e1 doba \u010dten\u00ed\" \/>\n\t<meta name=\"twitter:data1\" content=\"1 minuta\" \/>\n<script type=\"application\/ld+json\" class=\"yoast-schema-graph\">{\"@context\":\"https:\\\/\\\/schema.org\",\"@graph\":[{\"@type\":\"WebPage\",\"@id\":\"https:\\\/\\\/testonella.cz\\\/kontakty\\\/\",\"url\":\"https:\\\/\\\/testonella.cz\\\/kontakty\\\/\",\"name\":\"\u041a\u043e\u043d\u0442\u0430\u043a\u0442\u0438\",\"isPartOf\":{\"@id\":\"https:\\\/\\\/testonella.cz\\\/#website\"},\"primaryImageOfPage\":{\"@id\":\"https:\\\/\\\/testonella.cz\\\/kontakty\\\/#primaryimage\"},\"image\":{\"@id\":\"https:\\\/\\\/testonella.cz\\\/kontakty\\\/#primaryimage\"},\"thumbnailUrl\":\"https:\\\/\\\/testonella.cz\\\/wp-content\\\/uploads\\\/2024\\\/03\\\/logo-seo.webp\",\"datePublished\":\"2024-03-18T21:38:59+00:00\",\"dateModified\":\"2024-08-29T08:04:37+00:00\",\"description\":\"Adresa - T\u011bstonella od Notiko. Muka\u0159ovsk\u00e9ho 2590, 155 00 Praha 13-Stod\u016flky +420 770 644 011 T\u011bstonella od Notiko\",\"breadcrumb\":{\"@id\":\"https:\\\/\\\/testonella.cz\\\/kontakty\\\/#breadcrumb\"},\"inLanguage\":\"cs\",\"potentialAction\":[{\"@type\":\"ReadAction\",\"target\":[\"https:\\\/\\\/testonella.cz\\\/kontakty\\\/\"]}]},{\"@type\":\"ImageObject\",\"inLanguage\":\"cs\",\"@id\":\"https:\\\/\\\/testonella.cz\\\/kontakty\\\/#primaryimage\",\"url\":\"https:\\\/\\\/testonella.cz\\\/wp-content\\\/uploads\\\/2024\\\/03\\\/logo-seo.webp\",\"contentUrl\":\"https:\\\/\\\/testonella.cz\\\/wp-content\\\/uploads\\\/2024\\\/03\\\/logo-seo.webp\",\"width\":1200,\"height\":675,\"caption\":\"logo SEO\"},{\"@type\":\"BreadcrumbList\",\"@id\":\"https:\\\/\\\/testonella.cz\\\/kontakty\\\/#breadcrumb\",\"itemListElement\":[{\"@type\":\"ListItem\",\"position\":1,\"name\":\"\u0413\u043e\u043b\u043e\u0432\u043d\u0430\",\"item\":\"https:\\\/\\\/testonella.cz\\\/\"},{\"@type\":\"ListItem\",\"position\":2,\"name\":\"\u041a\u043e\u043d\u0442\u0430\u043a\u0442\u0438\"}]},{\"@type\":\"WebSite\",\"@id\":\"https:\\\/\\\/testonella.cz\\\/#website\",\"url\":\"https:\\\/\\\/testonella.cz\\\/\",\"name\":\"Testonella\",\"description\":\"Testonella od Notiko\",\"publisher\":{\"@id\":\"https:\\\/\\\/testonella.cz\\\/#organization\"},\"potentialAction\":[{\"@type\":\"SearchAction\",\"target\":{\"@type\":\"EntryPoint\",\"urlTemplate\":\"https:\\\/\\\/testonella.cz\\\/?s={search_term_string}\"},\"query-input\":{\"@type\":\"PropertyValueSpecification\",\"valueRequired\":true,\"valueName\":\"search_term_string\"}}],\"inLanguage\":\"cs\"},{\"@type\":\"Organization\",\"@id\":\"https:\\\/\\\/testonella.cz\\\/#organization\",\"name\":\"Testonella od Notiko\",\"url\":\"https:\\\/\\\/testonella.cz\\\/\",\"logo\":{\"@type\":\"ImageObject\",\"inLanguage\":\"cs\",\"@id\":\"https:\\\/\\\/testonella.cz\\\/#\\\/schema\\\/logo\\\/image\\\/\",\"url\":\"https:\\\/\\\/shop.testonella.cz\\\/wp-content\\\/uploads\\\/2024\\\/03\\\/logo-seo.webp\",\"contentUrl\":\"https:\\\/\\\/shop.testonella.cz\\\/wp-content\\\/uploads\\\/2024\\\/03\\\/logo-seo.webp\",\"width\":1200,\"height\":675,\"caption\":\"Testonella od Notiko\"},\"image\":{\"@id\":\"https:\\\/\\\/testonella.cz\\\/#\\\/schema\\\/logo\\\/image\\\/\"},\"sameAs\":[\"https:\\\/\\\/www.instagram.com\\\/testonella_od_notiko\"]}]}<\/script>\n<!-- \/ Yoast SEO plugin. -->","yoast_head_json":{"title":"Kontakty","description":"Adresa - T\u011bstonella od Notiko. Muka\u0159ovsk\u00e9ho 2590, 155 00 Praha 13-Stod\u016flky +420 770 644 011 T\u011bstonella od Notiko","robots":{"index":"index","follow":"follow","max-snippet":"max-snippet:-1","max-image-preview":"max-image-preview:large","max-video-preview":"max-video-preview:-1"},"canonical":"https:\/\/testonella.cz\/cs\/kontakty\/","og_locale":"cs_CZ","og_type":"article","og_title":"\u041a\u043e\u043d\u0442\u0430\u043a\u0442\u0438","og_description":"Adresa - T\u011bstonella od Notiko. Muka\u0159ovsk\u00e9ho 2590, 155 00 Praha 13-Stod\u016flky +420 770 644 011 T\u011bstonella od Notiko","og_url":"https:\/\/testonella.cz\/cs\/kontakty\/","og_site_name":"Testonella","article_modified_time":"2024-08-29T08:04:37+00:00","og_image":[{"width":1200,"height":675,"url":"https:\/\/testonella.cz\/wp-content\/uploads\/2024\/03\/logo-seo.webp","type":"image\/webp"}],"twitter_card":"summary_large_image","twitter_misc":{"Odhadovan\u00e1 doba \u010dten\u00ed":"1 minuta"},"schema":{"@context":"https:\/\/schema.org","@graph":[{"@type":"WebPage","@id":"https:\/\/testonella.cz\/kontakty\/","url":"https:\/\/testonella.cz\/kontakty\/","name":"Kontakty","isPartOf":{"@id":"https:\/\/testonella.cz\/#website"},"primaryImageOfPage":{"@id":"https:\/\/testonella.cz\/kontakty\/#primaryimage"},"image":{"@id":"https:\/\/testonella.cz\/kontakty\/#primaryimage"},"thumbnailUrl":"https:\/\/testonella.cz\/wp-content\/uploads\/2024\/03\/logo-seo.webp","datePublished":"2024-03-18T21:38:59+00:00","dateModified":"2024-08-29T08:04:37+00:00","description":"Adresa - T\u011bstonella od Notiko. Muka\u0159ovsk\u00e9ho 2590, 155 00 Praha 13-Stod\u016flky +420 770 644 011 T\u011bstonella od Notiko","breadcrumb":{"@id":"https:\/\/testonella.cz\/kontakty\/#breadcrumb"},"inLanguage":"cs","potentialAction":[{"@type":"ReadAction","target":["https:\/\/testonella.cz\/kontakty\/"]}]},{"@type":"ImageObject","inLanguage":"cs","@id":"https:\/\/testonella.cz\/kontakty\/#primaryimage","url":"https:\/\/testonella.cz\/wp-content\/uploads\/2024\/03\/logo-seo.webp","contentUrl":"https:\/\/testonella.cz\/wp-content\/uploads\/2024\/03\/logo-seo.webp","width":1200,"height":675,"caption":"logo SEO"},{"@type":"BreadcrumbList","@id":"https:\/\/testonella.cz\/kontakty\/#breadcrumb","itemListElement":[{"@type":"ListItem","position":1,"name":"\u0413\u043e\u043b\u043e\u0432\u043d\u0430","item":"https:\/\/testonella.cz\/"},{"@type":"ListItem","position":2,"name":"\u041a\u043e\u043d\u0442\u0430\u043a\u0442\u0438"}]},{"@type":"WebSite","@id":"https:\/\/testonella.cz\/#website","url":"https:\/\/testonella.cz\/","name":"Testonella","description":"T\u011bstonella od Notiko","publisher":{"@id":"https:\/\/testonella.cz\/#organization"},"potentialAction":[{"@type":"SearchAction","target":{"@type":"EntryPoint","urlTemplate":"https:\/\/testonella.cz\/?s={search_term_string}"},"query-input":{"@type":"PropertyValueSpecification","valueRequired":true,"valueName":"search_term_string"}}],"inLanguage":"cs"},{"@type":"Organization","@id":"https:\/\/testonella.cz\/#organization","name":"T\u011bstonella od Notiko","url":"https:\/\/testonella.cz\/","logo":{"@type":"ImageObject","inLanguage":"cs","@id":"https:\/\/testonella.cz\/#\/schema\/logo\/image\/","url":"https:\/\/shop.testonella.cz\/wp-content\/uploads\/2024\/03\/logo-seo.webp","contentUrl":"https:\/\/shop.testonella.cz\/wp-content\/uploads\/2024\/03\/logo-seo.webp","width":1200,"height":675,"caption":"Testonella od Notiko"},"image":{"@id":"https:\/\/testonella.cz\/#\/schema\/logo\/image\/"},"sameAs":["https:\/\/www.instagram.com\/testonella_od_notiko"]}]}},"_links":{"self":[{"href":"https:\/\/testonella.cz\/cs\/wp-json\/wp\/v2\/pages\/15619","targetHints":{"allow":["GET"]}}],"collection":[{"href":"https:\/\/testonella.cz\/cs\/wp-json\/wp\/v2\/pages"}],"about":[{"href":"https:\/\/testonella.cz\/cs\/wp-json\/wp\/v2\/types\/page"}],"author":[{"embeddable":true,"href":"https:\/\/testonella.cz\/cs\/wp-json\/wp\/v2\/users\/1"}],"replies":[{"embeddable":true,"href":"https:\/\/testonella.cz\/cs\/wp-json\/wp\/v2\/comments?post=15619"}],"version-history":[{"count":18,"href":"https:\/\/testonella.cz\/cs\/wp-json\/wp\/v2\/pages\/15619\/revisions"}],"predecessor-version":[{"id":16572,"href":"https:\/\/testonella.cz\/cs\/wp-json\/wp\/v2\/pages\/15619\/revisions\/16572"}],"wp:featuredmedia":[{"embeddable":true,"href":"https:\/\/testonella.cz\/cs\/wp-json\/wp\/v2\/media\/15622"}],"wp:attachment":[{"href":"https:\/\/testonella.cz\/cs\/wp-json\/wp\/v2\/media?parent=15619"}],"curies":[{"name":"wp","href":"https:\/\/api.w.org\/{rel}","templated":true}]}}