{"id":15590,"date":"2024-03-18T23:27:17","date_gmt":"2024-03-18T21:27:17","guid":{"rendered":"https:\/\/shop.testonella.cz\/?page_id=15590"},"modified":"2024-03-24T20:09:44","modified_gmt":"2024-03-24T18:09:44","slug":"karyera","status":"publish","type":"page","link":"https:\/\/testonella.cz\/cs\/karyera\/","title":{"rendered":"KARI\u00c9RA"},"content":{"rendered":"\t\t<div data-elementor-type=\"wp-page\" data-elementor-id=\"15590\" class=\"elementor elementor-15590\">\n\t\t\t\t<div class=\"wd-negative-gap elementor-element elementor-element-39d95add e-flex e-con-boxed e-con e-parent\" data-id=\"39d95add\" data-element_type=\"container\" data-e-type=\"container\">\n\t\t\t\t\t<div class=\"e-con-inner\">\n\t\t\t\t<div class=\"elementor-element elementor-element-14deb008 color-scheme-inherit text-left elementor-widget elementor-widget-text-editor\" data-id=\"14deb008\" data-element_type=\"widget\" data-e-type=\"widget\" data-widget_type=\"text-editor.default\">\n\t\t\t\t<div class=\"elementor-widget-container\">\n\t\t\t\t\t\t\t\t\t<h4 style=\"text-align: center;\"><strong>\u0425\u043e\u0447\u0435\u0448? \u0423 Testonella \u0437\u0430\u0432\u0436\u0434\u0438 \u0437\u043d\u0430\u0439\u0434\u0435\u0442\u044c\u0441\u044f \u043c\u0456\u0441\u0446\u0435 \u0442\u0430\u043b\u0430\u043d\u0442\u0443.<br \/>\u0417\u0430\u043f\u043e\u0432\u043d\u0456\u0442\u044c \u0444\u043e\u0440\u043c\u0443 \u0442\u0430 \u043c\u0438 \u0432\u0430\u043c \u0437\u0430\u0442\u0435\u043b\u0435\u0444\u043e\u043d\u0443\u0454\u043c\u043e.<\/strong><\/h4>\t\t\t\t\t\t\t\t<\/div>\n\t\t\t\t<\/div>\n\t\t\t\t\t<\/div>\n\t\t\t\t<\/div>\n\t\t<div class=\"wd-negative-gap elementor-element elementor-element-712be68 e-flex e-con-boxed e-con e-parent\" data-id=\"712be68\" data-element_type=\"container\" data-e-type=\"container\">\n\t\t\t\t\t<div class=\"e-con-inner\">\n\t\t<div class=\"elementor-element elementor-element-74d99c1 e-con-full e-flex e-con e-child\" data-id=\"74d99c1\" data-element_type=\"container\" data-e-type=\"container\">\n\t\t\t\t<div class=\"elementor-element elementor-element-e59b783 elementor-widget elementor-widget-image\" data-id=\"e59b783\" data-element_type=\"widget\" data-e-type=\"widget\" data-widget_type=\"image.default\">\n\t\t\t\t<div class=\"elementor-widget-container\">\n\t\t\t\t\t\t\t\t\t\t\t\t\t\t\t<img loading=\"lazy\" decoding=\"async\" width=\"1200\" height=\"800\" src=\"https:\/\/testonella.cz\/wp-content\/uploads\/2024\/03\/photo-87-1200x800.webp\" class=\"attachment-large size-large wp-image-16142\" alt=\"T\u011bstonella od Notiko\" srcset=\"https:\/\/testonella.cz\/wp-content\/uploads\/2024\/03\/photo-87-1200x800.webp 1200w, https:\/\/testonella.cz\/wp-content\/uploads\/2024\/03\/photo-87-400x267.webp 400w, https:\/\/testonella.cz\/wp-content\/uploads\/2024\/03\/photo-87-768x512.webp 768w, https:\/\/testonella.cz\/wp-content\/uploads\/2024\/03\/photo-87-860x573.webp 860w, https:\/\/testonella.cz\/wp-content\/uploads\/2024\/03\/photo-87-430x287.webp 430w, https:\/\/testonella.cz\/wp-content\/uploads\/2024\/03\/photo-87-700x467.webp 700w, https:\/\/testonella.cz\/wp-content\/uploads\/2024\/03\/photo-87-150x100.webp 150w, https:\/\/testonella.cz\/wp-content\/uploads\/2024\/03\/photo-87.webp 1500w\" sizes=\"auto, (max-width: 1200px) 100vw, 1200px\" \/>\t\t\t\t\t\t\t\t\t\t\t\t\t\t\t<\/div>\n\t\t\t\t<\/div>\n\t\t\t\t<\/div>\n\t\t<div class=\"elementor-element elementor-element-4fb5329 e-con-full e-flex e-con e-child\" data-id=\"4fb5329\" data-element_type=\"container\" data-e-type=\"container\">\n\t\t\t\t<div class=\"elementor-element elementor-element-ec765dd elementor-widget elementor-widget-shortcode\" data-id=\"ec765dd\" data-element_type=\"widget\" data-e-type=\"widget\" data-widget_type=\"shortcode.default\">\n\t\t\t\t<div class=\"elementor-widget-container\">\n\t\t\t\t\t\t\t<div class=\"elementor-shortcode\">[wpforms id=\"16011\" title=\"false\"]<\/div>\n\t\t\t\t\t\t<\/div>\n\t\t\t\t<\/div>\n\t\t\t\t<\/div>\n\t\t\t\t\t<\/div>\n\t\t\t\t<\/div>\n\t\t\t\t<\/div>\n\t\t","protected":false},"excerpt":{"rendered":"<p>\u0425\u043e\u0447\u0435\u0448? \u0423 Testonella \u0437\u0430\u0432\u0436\u0434\u0438 \u0437\u043d\u0430\u0439\u0434\u0435\u0442\u044c\u0441\u044f \u043c\u0456\u0441\u0446\u0435 \u0442\u0430\u043b\u0430\u043d\u0442\u0443. \u0417\u0430\u043f\u043e\u0432\u043d\u0456\u0442\u044c \u0444\u043e\u0440\u043c\u0443 \u0442\u0430 \u043c\u0438 \u0432\u0430\u043c \u0437\u0430\u0442\u0435\u043b\u0435\u0444\u043e\u043d\u0443\u0454\u043c\u043e. [wpforms id=&#8221;16011&#8243; title=&#8221;false&#8221;]<\/p>\n","protected":false},"author":1,"featured_media":0,"parent":0,"menu_order":0,"comment_status":"closed","ping_status":"closed","template":"","meta":{"footnotes":""},"class_list":["post-15590","page","type-page","status-publish","hentry"],"yoast_head":"<!-- This site is optimized with the Yoast SEO plugin v27.5 - https:\/\/yoast.com\/product\/yoast-seo-wordpress\/ -->\n<title>\u041a\u0410\u0420\u0404\u0420\u0410<\/title>\n<meta name=\"description\" content=\"\u0425\u043e\u0447\u0435\u0448? \u0423 Testonella \u0437\u0430\u0432\u0436\u0434\u0438 \u0437\u043d\u0430\u0439\u0434\u0435\u0442\u044c\u0441\u044f \u043c\u0456\u0441\u0446\u0435 \u0442\u0430\u043b\u0430\u043d\u0442\u0443.\u0417\u0430\u043f\u043e\u0432\u043d\u0456\u0442\u044c \u0444\u043e\u0440\u043c\u0443 \u0442\u0430 \u043c\u0438 \u0432\u0430\u043c \u0437\u0430\u0442\u0435\u043b\u0435\u0444\u043e\u043d\u0443\u0454\u043c\u043e.\" \/>\n<meta name=\"robots\" content=\"index, follow, max-snippet:-1, max-image-preview:large, max-video-preview:-1\" \/>\n<link rel=\"canonical\" href=\"https:\/\/testonella.cz\/cs\/karyera\/\" \/>\n<meta property=\"og:locale\" content=\"cs_CZ\" \/>\n<meta property=\"og:type\" content=\"article\" \/>\n<meta property=\"og:title\" content=\"\u041a\u0410\u0420\u0404\u0420\u0410\" \/>\n<meta property=\"og:description\" content=\"\u0425\u043e\u0447\u0435\u0448? \u0423 Testonella \u0437\u0430\u0432\u0436\u0434\u0438 \u0437\u043d\u0430\u0439\u0434\u0435\u0442\u044c\u0441\u044f \u043c\u0456\u0441\u0446\u0435 \u0442\u0430\u043b\u0430\u043d\u0442\u0443.\u0417\u0430\u043f\u043e\u0432\u043d\u0456\u0442\u044c \u0444\u043e\u0440\u043c\u0443 \u0442\u0430 \u043c\u0438 \u0432\u0430\u043c \u0437\u0430\u0442\u0435\u043b\u0435\u0444\u043e\u043d\u0443\u0454\u043c\u043e.\" \/>\n<meta property=\"og:url\" content=\"https:\/\/testonella.cz\/cs\/karyera\/\" \/>\n<meta property=\"og:site_name\" content=\"Testonella\" \/>\n<meta property=\"article:modified_time\" content=\"2024-03-24T18:09:44+00:00\" \/>\n<meta property=\"og:image\" content=\"https:\/\/shop.testonella.cz\/wp-content\/uploads\/2024\/03\/photo-87-1200x800.webp\" \/>\n<meta name=\"twitter:card\" content=\"summary_large_image\" \/>\n<meta name=\"twitter:label1\" content=\"Odhadovan\u00e1 doba \u010dten\u00ed\" \/>\n\t<meta name=\"twitter:data1\" content=\"1 minuta\" \/>\n<script type=\"application\/ld+json\" class=\"yoast-schema-graph\">{\"@context\":\"https:\\\/\\\/schema.org\",\"@graph\":[{\"@type\":\"WebPage\",\"@id\":\"https:\\\/\\\/testonella.cz\\\/karyera\\\/\",\"url\":\"https:\\\/\\\/testonella.cz\\\/karyera\\\/\",\"name\":\"\u041a\u0410\u0420\u0404\u0420\u0410\",\"isPartOf\":{\"@id\":\"https:\\\/\\\/testonella.cz\\\/#website\"},\"primaryImageOfPage\":{\"@id\":\"https:\\\/\\\/testonella.cz\\\/karyera\\\/#primaryimage\"},\"image\":{\"@id\":\"https:\\\/\\\/testonella.cz\\\/karyera\\\/#primaryimage\"},\"thumbnailUrl\":\"https:\\\/\\\/shop.testonella.cz\\\/wp-content\\\/uploads\\\/2024\\\/03\\\/photo-87-1200x800.webp\",\"datePublished\":\"2024-03-18T21:27:17+00:00\",\"dateModified\":\"2024-03-24T18:09:44+00:00\",\"description\":\"\u0425\u043e\u0447\u0435\u0448? \u0423 Testonella \u0437\u0430\u0432\u0436\u0434\u0438 \u0437\u043d\u0430\u0439\u0434\u0435\u0442\u044c\u0441\u044f \u043c\u0456\u0441\u0446\u0435 \u0442\u0430\u043b\u0430\u043d\u0442\u0443.\u0417\u0430\u043f\u043e\u0432\u043d\u0456\u0442\u044c \u0444\u043e\u0440\u043c\u0443 \u0442\u0430 \u043c\u0438 \u0432\u0430\u043c \u0437\u0430\u0442\u0435\u043b\u0435\u0444\u043e\u043d\u0443\u0454\u043c\u043e.\",\"breadcrumb\":{\"@id\":\"https:\\\/\\\/testonella.cz\\\/karyera\\\/#breadcrumb\"},\"inLanguage\":\"cs\",\"potentialAction\":[{\"@type\":\"ReadAction\",\"target\":[\"https:\\\/\\\/testonella.cz\\\/karyera\\\/\"]}]},{\"@type\":\"ImageObject\",\"inLanguage\":\"cs\",\"@id\":\"https:\\\/\\\/testonella.cz\\\/karyera\\\/#primaryimage\",\"url\":\"https:\\\/\\\/shop.testonella.cz\\\/wp-content\\\/uploads\\\/2024\\\/03\\\/photo-87-1200x800.webp\",\"contentUrl\":\"https:\\\/\\\/shop.testonella.cz\\\/wp-content\\\/uploads\\\/2024\\\/03\\\/photo-87-1200x800.webp\"},{\"@type\":\"BreadcrumbList\",\"@id\":\"https:\\\/\\\/testonella.cz\\\/karyera\\\/#breadcrumb\",\"itemListElement\":[{\"@type\":\"ListItem\",\"position\":1,\"name\":\"\u0413\u043e\u043b\u043e\u0432\u043d\u0430\",\"item\":\"https:\\\/\\\/testonella.cz\\\/\"},{\"@type\":\"ListItem\",\"position\":2,\"name\":\"\u041a\u0410\u0420\u0404\u0420\u0410\"}]},{\"@type\":\"WebSite\",\"@id\":\"https:\\\/\\\/testonella.cz\\\/#website\",\"url\":\"https:\\\/\\\/testonella.cz\\\/\",\"name\":\"Testonella\",\"description\":\"Testonella od Notiko\",\"publisher\":{\"@id\":\"https:\\\/\\\/testonella.cz\\\/#organization\"},\"potentialAction\":[{\"@type\":\"SearchAction\",\"target\":{\"@type\":\"EntryPoint\",\"urlTemplate\":\"https:\\\/\\\/testonella.cz\\\/?s={search_term_string}\"},\"query-input\":{\"@type\":\"PropertyValueSpecification\",\"valueRequired\":true,\"valueName\":\"search_term_string\"}}],\"inLanguage\":\"cs\"},{\"@type\":\"Organization\",\"@id\":\"https:\\\/\\\/testonella.cz\\\/#organization\",\"name\":\"Testonella od Notiko\",\"url\":\"https:\\\/\\\/testonella.cz\\\/\",\"logo\":{\"@type\":\"ImageObject\",\"inLanguage\":\"cs\",\"@id\":\"https:\\\/\\\/testonella.cz\\\/#\\\/schema\\\/logo\\\/image\\\/\",\"url\":\"https:\\\/\\\/shop.testonella.cz\\\/wp-content\\\/uploads\\\/2024\\\/03\\\/logo-seo.webp\",\"contentUrl\":\"https:\\\/\\\/shop.testonella.cz\\\/wp-content\\\/uploads\\\/2024\\\/03\\\/logo-seo.webp\",\"width\":1200,\"height\":675,\"caption\":\"Testonella od Notiko\"},\"image\":{\"@id\":\"https:\\\/\\\/testonella.cz\\\/#\\\/schema\\\/logo\\\/image\\\/\"},\"sameAs\":[\"https:\\\/\\\/www.instagram.com\\\/testonella_od_notiko\"]}]}<\/script>\n<!-- \/ Yoast SEO plugin. -->","yoast_head_json":{"title":"KARI\u00c9RA","description":"\u0425\u043e\u0447\u0435\u0448? \u0423 Testonella \u0437\u0430\u0432\u0436\u0434\u0438 \u0437\u043d\u0430\u0439\u0434\u0435\u0442\u044c\u0441\u044f \u043c\u0456\u0441\u0446\u0435 \u0442\u0430\u043b\u0430\u043d\u0442\u0443.\u0417\u0430\u043f\u043e\u0432\u043d\u0456\u0442\u044c \u0444\u043e\u0440\u043c\u0443 \u0442\u0430 \u043c\u0438 \u0432\u0430\u043c \u0437\u0430\u0442\u0435\u043b\u0435\u0444\u043e\u043d\u0443\u0454\u043c\u043e.","robots":{"index":"index","follow":"follow","max-snippet":"max-snippet:-1","max-image-preview":"max-image-preview:large","max-video-preview":"max-video-preview:-1"},"canonical":"https:\/\/testonella.cz\/cs\/karyera\/","og_locale":"cs_CZ","og_type":"article","og_title":"\u041a\u0410\u0420\u0404\u0420\u0410","og_description":"\u0425\u043e\u0447\u0435\u0448? \u0423 Testonella \u0437\u0430\u0432\u0436\u0434\u0438 \u0437\u043d\u0430\u0439\u0434\u0435\u0442\u044c\u0441\u044f \u043c\u0456\u0441\u0446\u0435 \u0442\u0430\u043b\u0430\u043d\u0442\u0443.\u0417\u0430\u043f\u043e\u0432\u043d\u0456\u0442\u044c \u0444\u043e\u0440\u043c\u0443 \u0442\u0430 \u043c\u0438 \u0432\u0430\u043c \u0437\u0430\u0442\u0435\u043b\u0435\u0444\u043e\u043d\u0443\u0454\u043c\u043e.","og_url":"https:\/\/testonella.cz\/cs\/karyera\/","og_site_name":"Testonella","article_modified_time":"2024-03-24T18:09:44+00:00","og_image":[{"url":"https:\/\/shop.testonella.cz\/wp-content\/uploads\/2024\/03\/photo-87-1200x800.webp","type":"","width":"","height":""}],"twitter_card":"summary_large_image","twitter_misc":{"Odhadovan\u00e1 doba \u010dten\u00ed":"1 minuta"},"schema":{"@context":"https:\/\/schema.org","@graph":[{"@type":"WebPage","@id":"https:\/\/testonella.cz\/karyera\/","url":"https:\/\/testonella.cz\/karyera\/","name":"KARI\u00c9RA","isPartOf":{"@id":"https:\/\/testonella.cz\/#website"},"primaryImageOfPage":{"@id":"https:\/\/testonella.cz\/karyera\/#primaryimage"},"image":{"@id":"https:\/\/testonella.cz\/karyera\/#primaryimage"},"thumbnailUrl":"https:\/\/shop.testonella.cz\/wp-content\/uploads\/2024\/03\/photo-87-1200x800.webp","datePublished":"2024-03-18T21:27:17+00:00","dateModified":"2024-03-24T18:09:44+00:00","description":"\u0425\u043e\u0447\u0435\u0448? \u0423 Testonella \u0437\u0430\u0432\u0436\u0434\u0438 \u0437\u043d\u0430\u0439\u0434\u0435\u0442\u044c\u0441\u044f \u043c\u0456\u0441\u0446\u0435 \u0442\u0430\u043b\u0430\u043d\u0442\u0443.\u0417\u0430\u043f\u043e\u0432\u043d\u0456\u0442\u044c \u0444\u043e\u0440\u043c\u0443 \u0442\u0430 \u043c\u0438 \u0432\u0430\u043c \u0437\u0430\u0442\u0435\u043b\u0435\u0444\u043e\u043d\u0443\u0454\u043c\u043e.","breadcrumb":{"@id":"https:\/\/testonella.cz\/karyera\/#breadcrumb"},"inLanguage":"cs","potentialAction":[{"@type":"ReadAction","target":["https:\/\/testonella.cz\/karyera\/"]}]},{"@type":"ImageObject","inLanguage":"cs","@id":"https:\/\/testonella.cz\/karyera\/#primaryimage","url":"https:\/\/shop.testonella.cz\/wp-content\/uploads\/2024\/03\/photo-87-1200x800.webp","contentUrl":"https:\/\/shop.testonella.cz\/wp-content\/uploads\/2024\/03\/photo-87-1200x800.webp"},{"@type":"BreadcrumbList","@id":"https:\/\/testonella.cz\/karyera\/#breadcrumb","itemListElement":[{"@type":"ListItem","position":1,"name":"\u0413\u043e\u043b\u043e\u0432\u043d\u0430","item":"https:\/\/testonella.cz\/"},{"@type":"ListItem","position":2,"name":"\u041a\u0410\u0420\u0404\u0420\u0410"}]},{"@type":"WebSite","@id":"https:\/\/testonella.cz\/#website","url":"https:\/\/testonella.cz\/","name":"Testonella","description":"T\u011bstonella od Notiko","publisher":{"@id":"https:\/\/testonella.cz\/#organization"},"potentialAction":[{"@type":"SearchAction","target":{"@type":"EntryPoint","urlTemplate":"https:\/\/testonella.cz\/?s={search_term_string}"},"query-input":{"@type":"PropertyValueSpecification","valueRequired":true,"valueName":"search_term_string"}}],"inLanguage":"cs"},{"@type":"Organization","@id":"https:\/\/testonella.cz\/#organization","name":"T\u011bstonella od Notiko","url":"https:\/\/testonella.cz\/","logo":{"@type":"ImageObject","inLanguage":"cs","@id":"https:\/\/testonella.cz\/#\/schema\/logo\/image\/","url":"https:\/\/shop.testonella.cz\/wp-content\/uploads\/2024\/03\/logo-seo.webp","contentUrl":"https:\/\/shop.testonella.cz\/wp-content\/uploads\/2024\/03\/logo-seo.webp","width":1200,"height":675,"caption":"Testonella od Notiko"},"image":{"@id":"https:\/\/testonella.cz\/#\/schema\/logo\/image\/"},"sameAs":["https:\/\/www.instagram.com\/testonella_od_notiko"]}]}},"_links":{"self":[{"href":"https:\/\/testonella.cz\/cs\/wp-json\/wp\/v2\/pages\/15590","targetHints":{"allow":["GET"]}}],"collection":[{"href":"https:\/\/testonella.cz\/cs\/wp-json\/wp\/v2\/pages"}],"about":[{"href":"https:\/\/testonella.cz\/cs\/wp-json\/wp\/v2\/types\/page"}],"author":[{"embeddable":true,"href":"https:\/\/testonella.cz\/cs\/wp-json\/wp\/v2\/users\/1"}],"replies":[{"embeddable":true,"href":"https:\/\/testonella.cz\/cs\/wp-json\/wp\/v2\/comments?post=15590"}],"version-history":[{"count":15,"href":"https:\/\/testonella.cz\/cs\/wp-json\/wp\/v2\/pages\/15590\/revisions"}],"predecessor-version":[{"id":16359,"href":"https:\/\/testonella.cz\/cs\/wp-json\/wp\/v2\/pages\/15590\/revisions\/16359"}],"wp:attachment":[{"href":"https:\/\/testonella.cz\/cs\/wp-json\/wp\/v2\/media?parent=15590"}],"curies":[{"name":"wp","href":"https:\/\/api.w.org\/{rel}","templated":true}]}}