{"id":15581,"date":"2024-03-18T23:22:43","date_gmt":"2024-03-18T21:22:43","guid":{"rendered":"https:\/\/shop.testonella.cz\/?page_id=15581"},"modified":"2024-03-22T20:04:32","modified_gmt":"2024-03-22T18:04:32","slug":"yakist-ta-gigiyena","status":"publish","type":"page","link":"https:\/\/testonella.cz\/cs\/yakist-ta-gigiyena\/","title":{"rendered":"KVALITA A HYGIENA"},"content":{"rendered":"<div data-elementor-type=\"wp-page\" data-elementor-id=\"15581\" class=\"elementor elementor-15581\">\n\t\t\t\t<div class=\"wd-negative-gap elementor-element elementor-element-bd436cc e-flex e-con-boxed e-con e-parent\" data-id=\"bd436cc\" data-element_type=\"container\" data-e-type=\"container\">\n\t\t\t\t\t<div class=\"e-con-inner\">\n\t\t\t\t\t<\/div>\n\t\t\t\t<\/div>\n\t\t<div class=\"wd-negative-gap elementor-element elementor-element-4c1426c0 e-flex e-con-boxed e-con e-parent\" data-id=\"4c1426c0\" data-element_type=\"container\" data-e-type=\"container\">\n\t\t\t\t\t<div class=\"e-con-inner\">\n\t\t\t\t<div class=\"elementor-element elementor-element-2abf5ffc color-scheme-inherit text-left elementor-widget elementor-widget-text-editor\" data-id=\"2abf5ffc\" data-element_type=\"widget\" data-e-type=\"widget\" data-widget_type=\"text-editor.default\">\n\t\t\t\t<div class=\"elementor-widget-container\">\n\t\t\t\t\t\t\t\t\t<div class=\"columnlayout responsivegrid pt-responsive aem-GridColumn aem-GridColumn--default--3\">\r\n<div class=\"aem-Grid aem-Grid--12 aem-Grid--default--12 aem-Grid--phone--12\" role=\"\u0427\u0438\u0441\u0442\u043e\u0442\u0430 \u0456 \u0433\u0456\u0433\u0456\u0454\u043d\u0430\" aria-label=\"\u010cistota a hygiena\">\r\n<div class=\"teaser cmp-teaser--publication-default aem-GridColumn--default--none aem-GridColumn--phone--none aem-GridColumn--phone--12 aem-GridColumn aem-GridColumn--default--6 aem-GridColumn--offset--phone--0 aem-GridColumn--offset--default--0\">\r\n<div id=\"teaser-2533781c61\" class=\"cmp-teaser\" style=\"box-sizing: border-box; -webkit-font-smoothing: antialiased;\" data-cmp-data-layer=\"{&quot;teaser-2533781c61&quot;:{&quot;@type&quot;:&quot;mcdonalds\/components\/proxy\/content\/teaser&quot;,&quot;repo:modifyDate&quot;:&quot;2022-09-19T10:18:45Z&quot;,&quot;dc:title&quot;:&quot;&lt;h2&gt;\u0413\u0456\u0433\u0456\u0454\u043d\u0430 \u043d\u0430 \u043a\u0443\u0445\u043d\u0456&lt;\/h2&gt;\\r\\n&quot;,&quot;dc:description&quot;:&quot;&lt;p&gt;&lt;span class=\\&quot;body\\&quot;&gt;&lt;b&gt;\u0427\u043e\u043c\u0443 \u044f \u043c\u043e\u0436\u0443 \u0431\u0443\u0442\u0438 \u0432\u043f\u0435\u0432\u043d\u0435\u043d\u0438\u043c(\u043e\u044e), \u0449\u043e \u043a\u0443\u0445\u043d\u044f \u0431\u0435\u0437\u043f\u0435\u0447\u043d\u0430?&lt;\/b&gt;&lt;\/span&gt;&lt;\/p&gt;\\r\\n&lt;p&gt;&lt;span class=\\&quot;body\\&quot;&gt;&lt;i&gt;\u0427\u0438\u0441\u0442\u0456 \u0440\u0443\u043a\u0438.&lt;\/i&gt; \u041d\u0430\u0448\u0456 \u043f\u0440\u0430\u0446\u0456\u0432\u043d\u0438\u043a\u0438 \u043c\u0438\u044e\u0442\u044c \u0440\u0443\u043a\u0438 \u0437 \u0430\u043d\u0442\u0438\u0431\u0430\u043a\u0442\u0435\u0440\u0456\u0430\u043b\u044c\u043d\u0438\u043c \u043c\u0438\u043b\u043e\u043c \u0456 \u0437\u043c\u0456\u043d\u044e\u044e\u0442\u044c \u0440\u0443\u043a\u0430\u0432\u0438\u0447\u043a\u0438 \u0449\u043e\u043d\u0430\u0439\u043c\u0435\u043d\u0448\u0435 \u0440\u0430\u0437 \u043d\u0430 \u0433\u043e\u0434\u0438\u043d\u0443.&lt;br \/&gt;\\r\\n&lt;\/span&gt;&lt;\/p&gt;\\r\\n&lt;ul&gt;\\r\\n&lt;li&gt;&lt;span class=\\&quot;body\\&quot;&gt;10 \u043e\u0431\u043e\u0432\u2019\u044f\u0437\u043a\u043e\u0432\u0438\u0445 \u043f\u0440\u0430\u0432\u0438\u043b \u043c\u0438\u0442\u0442\u044f \u0440\u0443\u043a&lt;\/span&gt;&lt;\/li&gt;\\r\\n&lt;li&gt;&lt;span class=\\&quot;body\\&quot;&gt;20 \u0441\u0435\u043a\u0443\u043d\u0434 \u0449\u043e\u043d\u0430\u0439\u043c\u0435\u043d\u0448\u0435 \u043d\u0430 \u043a\u043e\u0436\u043d\u0435 \u043c\u0438\u0442\u0442\u044f&lt;\/span&gt;&lt;\/li&gt;\\r\\n&lt;\/ul&gt;\\r\\n&lt;p&gt;&lt;span class=\\&quot;body\\&quot;&gt;&lt;i&gt;\u0417\u0434\u043e\u0440\u043e\u0432\u0456 \u043f\u0440\u0430\u0446\u0456\u0432\u043d\u0438\u043a\u0438.&lt;\/i&gt; \u041e\u043a\u0440\u0456\u043c \u0442\u043e\u0433\u043e, \u0449\u043e \u043d\u0430\u0448\u0456 \u043f\u0440\u0430\u0446\u0456\u0432\u043d\u0438\u043a\u0438 \u043c\u0430\u044e\u0442\u044c \u0441\u0430\u043d\u0456\u0442\u0430\u0440\u043d\u0456 \u043a\u043d\u0438\u0436\u043a\u0438 \u0439 \u0440\u0435\u0433\u0443\u043b\u044f\u0440\u043d\u043e \u043f\u0440\u043e\u0445\u043e\u0434\u044f\u0442\u044c \u043c\u0435\u0434\u0438\u0447\u043d\u0456 \u043e\u0433\u043b\u044f\u0434\u0438, \u043f\u0435\u0440\u0435\u0434 \u0437\u043c\u0456\u043d\u043e\u044e \u0432\u043e\u043d\u0438 \u0437\u0430\u043f\u0438\u0441\u0443\u044e\u0442\u044c \u0434\u0430\u043d\u0456 \u043f\u0440\u043e \u0441\u0435\u0431\u0435 \u0434\u043e \u00ab\u0416\u0443\u0440\u043d\u0430\u043b\u0443 \u0437\u0434\u043e\u0440\u043e\u0432\u2019\u044f\u00bb. \u042f\u043a\u0449\u043e \u0432 \u043d\u0438\u0445 \u0454 \u0441\u0438\u043c\u043f\u0442\u043e\u043c\u0438 \u0437\u0430\u0445\u0432\u043e\u0440\u044e\u0432\u0430\u043d\u044c, \u0442\u043e \u043d\u0430 \u0440\u043e\u0431\u043e\u0442\u0443 \u0432\u043e\u043d\u0438 \u043d\u0435 \u0432\u0438\u0445\u043e\u0434\u044f\u0442\u044c.&lt;br \/&gt;\\r\\n&lt;\/span&gt;&lt;\/p&gt;\\r\\n&lt;p&gt;&lt;span class=\\&quot;body\\&quot;&gt;&lt;i&gt;\u0406\u043d\u0434\u0438\u0432\u0456\u0434\u0443\u0430\u043b\u044c\u043d\u0438\u0439 \u0437\u0430\u0445\u0438\u0441\u0442.\u00a0&lt;\/i&gt;\u0417\u0432\u0456\u0441\u043d\u043e \u0436, \u0443\u0441\u0456 \u043f\u0440\u0430\u0446\u044e\u044e\u0442\u044c \u0443 \u043c\u0430\u0441\u043a\u0430\u0445 \u0456 \u0440\u0443\u043a\u0430\u0432\u0438\u0447\u043a\u0430\u0445!&lt;\/span&gt;&lt;\/p&gt;\\r\\n&lt;p&gt;&lt;span class=\\&quot;body\\&quot;&gt;&lt;i&gt;\u041a\u0440\u0438\u0448\u0442\u0430\u043b\u0435\u0432\u0430 \u0447\u0438\u0441\u0442\u043e\u0442\u0430 \u0432\u0441\u044e\u0434\u0438.&lt;\/i&gt; \u041c\u0438\u0454\u043c\u043e \u043f\u043e\u0432\u0435\u0440\u0445\u043d\u0456 \u043a\u0456\u043b\u044c\u043a\u0430 \u0440\u0430\u0437\u0456\u0432 \u043f\u0440\u043e\u0442\u044f\u0433\u043e\u043c \u0434\u043d\u044f \u0442\u0430 \u0440\u0435\u0442\u0435\u043b\u044c\u043d\u043e \u0432\u0438\u043c\u0438\u0432\u0430\u0454\u043c\u043e \u043e\u0431\u043b\u0430\u0434\u043d\u0430\u043d\u043d\u044f \u0449\u043e \u0447\u043e\u0442\u0438\u0440\u0438 \u0433\u043e\u0434\u0438\u043d\u0438, \u0430 \u0449\u043e\u043d\u043e\u0447\u0456 \u0437\u0434\u0456\u0439\u0441\u043d\u044e\u0454\u043c\u043e \u0433\u0435\u043d\u0435\u0440\u0430\u043b\u044c\u043d\u0435 \u043f\u0440\u0438\u0431\u0438\u0440\u0430\u043d\u043d\u044f.&lt;br \/&gt;\\r\\n&lt;\/span&gt;&lt;\/p&gt;\\r\\n&lt;p&gt;&lt;span class=\\&quot;body\\&quot;&gt;&lt;i&gt;\u041d\u0456 \u0456\u043d\u0444\u0435\u043a\u0446\u0456\u044f\u043c!&lt;\/i&gt; \u041e\u043a\u0440\u0456\u043c \u0437\u0430\u0441\u0442\u043e\u0441\u0443\u0432\u0430\u043d\u043d\u044f \u043c\u0438\u0439\u043d\u0438\u0445 \u0437\u0430\u0441\u043e\u0431\u0456\u0432, \u043e\u0431\u0440\u043e\u0431\u043b\u044f\u0454\u043c\u043e \u043f\u043e\u0432\u0435\u0440\u0445\u043d\u0456 \u0439 \u043e\u0431\u043b\u0430\u0434\u043d\u0430\u043d\u043d\u044f \u0434\u0435\u0437\u0456\u043d\u0444\u0435\u043a\u0442\u043e\u0440\u043e\u043c.&lt;\/span&gt;&lt;\/p&gt;\\r\\n&lt;p&gt;&lt;span class=\\&quot;body\\&quot;&gt;&lt;i&gt;\u0423\u0432\u0430\u0433\u0430 \u0434\u043e \u0434\u0440\u0456\u0431\u043d\u0438\u0446\u044c.&lt;\/i&gt; \u041f\u0440\u0430\u0446\u044e\u044e\u0447\u0438 \u0456\u0437 \u0441\u0438\u0440\u043e\u044e \u0442\u0430 \u043f\u0440\u0438\u0433\u043e\u0442\u043e\u0432\u0430\u043d\u043e\u044e \u043f\u0440\u043e\u0434\u0443\u043a\u0446\u0456\u0454\u044e, \u043c\u0438 \u0432\u0438\u043a\u043e\u0440\u0438\u0441\u0442\u043e\u0432\u0443\u0454\u043c\u043e \u0440\u0456\u0437\u043d\u0456 \u0440\u0443\u043a\u0430\u0432\u0438\u0447\u043a\u0438.&lt;br \/&gt;\\r\\n&lt;\/span&gt;&lt;\/p&gt;\\r\\n&quot;}}\" data-component=\"teaser\">\r\n<div class=\"cmp-teaser__content\">\r\n<div class=\"cmp-teaser__body\">\r\n<div class=\"cmp-teaser__title\">\r\n<h2>Hygiena v kuchyni<\/h2>\r\n<\/div>\r\n<div class=\"cmp-teaser__description\">\r\n\r\n<span class=\"body\"><b>Jak si mohu b\u00fdt jist\u00fd, \u017ee je kuchyn\u011b bezpe\u010dn\u00e1?<\/b><\/span>\r\n\r\n<span class=\"body\"><i>\u010cist\u00e9 ruce.<\/i>\u00a0Na\u0161i zam\u011bstnanci si myj\u00ed ruce antibakteri\u00e1ln\u00edm m\u00fddlem a m\u011bn\u00ed rukavice alespo\u0148 jednou za hodinu.\r\n<\/span>\r\n<ul>\r\n \t<li><span class=\"body\">10 povinn\u00fdch pravidel myt\u00ed rukou<\/span><\/li>\r\n \t<li><span class=\"body\">20 sekund na ka\u017ed\u00e9 myt\u00ed<\/span><\/li>\r\n<\/ul>\r\n<span class=\"body\"><i>Zdrav\u00ed pracovn\u00edci.<\/i>\u00a0Krom\u011b toho, \u017ee na\u0161i zam\u011bstnanci maj\u00ed zdravotn\u00ed z\u00e1znamy a pravideln\u011b absolvuj\u00ed l\u00e9ka\u0159sk\u00e9 prohl\u00eddky, zaznamen\u00e1vaj\u00ed si p\u0159ed sm\u011bnou sv\u00e9 osobn\u00ed \u00fadaje do \u201eZdravotn\u00edho den\u00edku\u201c. Pokud maj\u00ed p\u0159\u00edznaky nemoci, do pr\u00e1ce nep\u0159ijdou.\r\n<\/span>\r\n\r\n<span class=\"body\"><i>Individu\u00e1ln\u00ed ochrana.\u00a0<\/i>Samoz\u0159ejm\u011b v\u0161ichni pracuj\u00ed v rou\u0161k\u00e1ch a rukavic\u00edch!<\/span>\r\n\r\n<span class=\"body\"><i>V\u0161ude k\u0159i\u0161\u0165\u00e1lov\u011b \u010disto.<\/i>\u00a0Povrchy myjeme n\u011bkolikr\u00e1t b\u011bhem dne, vybaven\u00ed d\u016fkladn\u011b myjeme ka\u017ed\u00e9 \u010dty\u0159i hodiny a ka\u017ed\u00fd ve\u010der prov\u00e1d\u00edme gener\u00e1ln\u00ed \u00faklid.\r\n<\/span>\r\n\r\n<span class=\"body\"><i>Ne infekc\u00edm!<\/i>\u00a0Krom\u011b pou\u017eit\u00ed \u010distic\u00edch prost\u0159edk\u016f o\u0161et\u0159ujeme povrchy a za\u0159\u00edzen\u00ed dezinfek\u010dn\u00edm prost\u0159edkem.<\/span>\r\n\r\n<span class=\"body\"><i>D\u016fraz na detail.<\/i>\u00a0P\u0159i pr\u00e1ci se syrov\u00fdmi a tepeln\u011b upraven\u00fdmi produkty pou\u017e\u00edv\u00e1me r\u016fzn\u00e9 rukavice.\r\n<\/span>\r\n\r\n<\/div>\r\n<\/div>\r\n<\/div>\r\n<\/div>\r\n<\/div>\r\n<\/div>\r\n<\/div>\r\n<div class=\"teaser cmp-teaser--publication-default aem-GridColumn--default--none aem-GridColumn--phone--none aem-GridColumn--phone--12 aem-GridColumn aem-GridColumn--offset--phone--0 aem-GridColumn--default--3 aem-GridColumn--offset--default--0\">\r\n<div id=\"teaser-5976081b37\" class=\"cmp-teaser\" style=\"box-sizing: border-box; -webkit-font-smoothing: antialiased;\" data-cmp-data-layer=\"{&quot;teaser-5976081b37&quot;:{&quot;@type&quot;:&quot;mcdonalds\/components\/proxy\/content\/teaser&quot;,&quot;repo:modifyDate&quot;:&quot;2020-07-03T14:10:41Z&quot;,&quot;dc:description&quot;:&quot;&lt;p&gt;&lt;span class=\\&quot;body\\&quot;&gt;\u041c\u0438 \u0442\u0430\u043a \u0446\u0456\u043d\u0443\u0454\u043c\u043e \u0432\u0430\u0448\u0443 \u0434\u043e\u0432\u0456\u0440\u0443, \u0449\u043e \u043f\u0435\u0440\u0435\u0432\u0456\u0440\u044f\u0454\u043c\u043e \u0441\u0430\u043c\u0456 \u0441\u0435\u0431\u0435. \u0429\u043e\u043c\u0456\u0441\u044f\u0447\u043d\u0456 \u043c\u0456\u043a\u0440\u043e\u0431\u0456\u043e\u043b\u043e\u0433\u0456\u0447\u043d\u0456 \u0434\u043e\u0441\u043b\u0456\u0434\u0436\u0435\u043d\u043d\u044f \u0433\u043e\u0442\u043e\u0432\u043e\u0457 \u043f\u0440\u043e\u0434\u0443\u043a\u0446\u0456\u0457, \u044f\u043a\u0456 \u043c\u0438 \u0437\u0434\u0456\u0439\u0441\u043d\u044e\u0454\u043c\u043e \u0432 \u043a\u043e\u0436\u043d\u043e\u043c\u0443 \u0440\u0435\u0441\u0442\u043e\u0440\u0430\u043d\u0456, \u043f\u0456\u0434\u0442\u0432\u0435\u0440\u0434\u0436\u0443\u044e\u0442\u044c, \u0449\u043e \u043d\u0430\u0448\u0456 \u0441\u0442\u0440\u0430\u0432\u0438 \u0446\u0456\u043b\u043a\u043e\u0432\u0438\u0442\u043e \u0431\u0435\u0437\u043f\u0435\u0447\u043d\u0456 \u0434\u043b\u044f \u0432\u0430\u0441.&lt;br&gt;\\n&lt;\/span&gt;&lt;\/p&gt;\\n&lt;p&gt;&lt;span class=\\&quot;body\\&quot;&gt;\u2026\u0406 \u043d\u0430\u0448\u0438\u0445 \u043f\u043e\u0441\u0442\u0430\u0447\u0430\u043b\u044c\u043d\u0438\u043a\u0456\u0432. \u0423\u0441\u0456 \u0432\u043e\u043d\u0438 \u043f\u0440\u043e\u0445\u043e\u0434\u044f\u0442\u044c \u0441\u0443\u0432\u043e\u0440\u0438\u0439 \u0430\u0443\u0434\u0438\u0442 \u043d\u0435\u0437\u0430\u043b\u0435\u0436\u043d\u0438\u0445 \u0430\u043a\u0440\u0435\u0434\u0438\u0442\u043e\u0432\u0430\u043d\u0438\u0445 \u043c\u0456\u0436\u043d\u0430\u0440\u043e\u0434\u043d\u0438\u0445 \u043a\u043e\u043c\u043f\u0430\u043d\u0456\u0439. \u041a\u0456\u043b\u044c\u043a\u0430 \u0440\u0430\u0437\u0456\u0432 \u043d\u0430 \u0440\u0456\u043a \u0437\u0440\u0430\u0437\u043a\u0438 \u043e\u0441\u043d\u043e\u0432\u043d\u0438\u0445 \u0456\u043d\u0433\u0440\u0435\u0434\u0456\u0454\u043d\u0442\u0456\u0432 \u0441\u0432\u043e\u0433\u043e \u043c\u0435\u043d\u044e \u043c\u0438 \u043d\u0430\u0434\u0441\u0438\u043b\u0430\u0454\u043c\u043e \u0432 \u0404\u0432\u0440\u043e\u043f\u0435\u0439\u0441\u044c\u043a\u0438\u0439 \u0446\u0435\u043d\u0442\u0440 \u044f\u043a\u043e\u0441\u0442\u0456 \u041c\u0430\u043a\u0414\u043e\u043d\u0430\u043b\u044c\u0434\u0437 \u0443 \u041c\u044e\u043d\u0445\u0435\u043d\u0456 \u0434\u043b\u044f \u043f\u0435\u0440\u0435\u0432\u0456\u0440\u043a\u0438 \u043d\u0430 \u0432\u0456\u0434\u043f\u043e\u0432\u0456\u0434\u043d\u0456\u0441\u0442\u044c \u0435\u0442\u0430\u043b\u043e\u043d\u043d\u0438\u043c \u0437\u0440\u0430\u0437\u043a\u0430\u043c.&lt;br&gt;\\n&lt;\/span&gt;&lt;\/p&gt;\\n&quot;}}\" data-component=\"teaser\">\r\n<div class=\"cmp-teaser__image\"><\/div>\r\n<div class=\"cmp-teaser__content\">\r\n<div class=\"cmp-teaser__body\">\r\n<div class=\"cmp-teaser__description\">\r\n\r\n<span class=\"body\">Va\u0161\u00ed d\u016fv\u011bry si natolik v\u00e1\u017e\u00edme, \u017ee se sami testujeme. M\u011bs\u00ed\u010dn\u00ed mikrobiologick\u00e9 testy hotov\u00fdch v\u00fdrobk\u016f, kter\u00e9 prov\u00e1d\u00edme v ka\u017ed\u00e9 restauraci, potvrzuj\u00ed, \u017ee na\u0161e pokrmy jsou pro v\u00e1s zcela bezpe\u010dn\u00e9.\r\n<\/span>\r\n\r\n<span class=\"body\">...A na\u0161i dodavatel\u00e9. V\u0161ichni proch\u00e1zej\u00ed p\u0159\u00edsn\u00fdmi audity nez\u00e1visl\u00fdmi, akreditovan\u00fdmi mezin\u00e1rodn\u00edmi spole\u010dnostmi.\u00a0<\/span>\r\n<h1 class=\"cmp-title__text\">Kvalita produktu<\/h1>\r\nKa\u017ed\u00fd den tvrd\u011b pracujeme na neust\u00e1l\u00e9m zlep\u0161ov\u00e1n\u00ed na\u0161eho p\u0159\u00edstupu k z\u00edsk\u00e1v\u00e1n\u00ed surovin zp\u016fsobem, kter\u00fd prosp\u00edv\u00e1 lidem, zv\u00ed\u0159at\u016fm a na\u0161\u00ed planet\u011b. Zodpov\u011bdn\u00e1 produkce potravin je kl\u00ed\u010dov\u00e1 pro zaji\u0161t\u011bn\u00ed toho, abychom i v budoucnu mohli pou\u017e\u00edvat vysoce kvalitn\u00ed suroviny. Je to tak\u00e9 jeden z d\u016fvod\u016f, pro\u010d si z\u00e1kazn\u00edci na\u0161e potraviny cen\u00ed a miluj\u00ed. Sna\u017e\u00edme se zajistit, aby na\u0161e programy udr\u017eiteln\u00e9ho p\u011bstov\u00e1n\u00ed a zpracov\u00e1n\u00ed potravin p\u0159in\u00e1\u0161ely dlouhodob\u00e9 a smyslupln\u00e9 v\u00fdsledky v kl\u00ed\u010dov\u00fdch ot\u00e1zk\u00e1ch pro lidi, zv\u00ed\u0159ata, \u017eivotn\u00ed prost\u0159ed\u00ed a na\u0161e podnik\u00e1n\u00ed. Udr\u017eiteln\u00e9 z\u00edsk\u00e1v\u00e1n\u00ed surovin definujeme prost\u0159ednictv\u00edm t\u0159\u00ed princip\u016f a sedmi prioritn\u00edch oblast\u00ed, kter\u00e9 je podporuj\u00ed:\r\n<h4><span class=\"heading-4\">Etick\u00e9 praktiky\r\n<\/span><\/h4>\r\nS na\u0161imi dodavateli spolupracujeme na zaji\u0161t\u011bn\u00ed zdrav\u00ed a bezpe\u010dnosti lid\u00ed, ochran\u011b zdrav\u00ed a dobr\u00fdch \u017eivotn\u00edch podm\u00ednek zv\u00ed\u0159at v na\u0161em dodavatelsk\u00e9m \u0159et\u011bzci a na etick\u00e9m podnik\u00e1n\u00ed.\r\n<ul>\r\n \t<li>Podpora zdrav\u00ed a dobr\u00fdch \u017eivotn\u00edch podm\u00ednek zv\u00ed\u0159at<\/li>\r\n \t<li>Respektov\u00e1n\u00ed lidsk\u00fdch pr\u00e1v<\/li>\r\n<\/ul>\r\n<h4><span class=\"heading-4\">Ochrana \u017eivotn\u00edho prost\u0159ed\u00ed\r\n<\/span><\/h4>\r\n<span class=\"body\">Od lesa a farmy a\u017e po reg\u00e1ly v obchod\u011b pracujeme na sni\u017eov\u00e1n\u00ed a zlep\u0161ov\u00e1n\u00ed dopadu potravin a obal\u016f na \u017eivotn\u00ed prost\u0159ed\u00ed.<\/span>\r\n<ul>\r\n \t<li><span class=\"body\">\u0158e\u0161en\u00ed probl\u00e9mu klimatick\u00fdch zm\u011bn<\/span><\/li>\r\n \t<li><span class=\"body\">Sni\u017eov\u00e1n\u00ed pl\u00fdtv\u00e1n\u00ed potravinami a obaly<\/span><\/li>\r\n \t<li><span class=\"body\">Ochrana vodn\u00edch zdroj\u016f<\/span><\/li>\r\n \t<li><span class=\"body\">Ochrana les\u016f<\/span><\/li>\r\n<\/ul>\r\n<h4>Dlouhodob\u00e1 ekonomick\u00e1 \u017eivotaschopnost<\/h4>\r\nZav\u00e1zali jsme se poskytovat cenov\u011b dostupn\u00e9 potraviny komunit\u011b podporou praktik spravedliv\u00e9ho obchodu a investicemi do komunit, kter\u00fdch se dot\u00fdk\u00e1 n\u00e1\u0161 dodavatelsk\u00fd \u0159et\u011bzec.\r\n<ul>\r\n \t<li>Ekonomick\u00e1 situace farem<\/li>\r\n<\/ul>\r\n<\/div>\r\n<\/div>\r\n<\/div>\r\n<\/div>\r\n<\/div>\t\t\t\t\t\t\t\t<\/div>\n\t\t\t\t<\/div>\n\t\t\t\t\t<\/div>\n\t\t\t\t<\/div>\n\t\t\t\t<\/div>","protected":false},"excerpt":{"rendered":"<p>Hygiena kuchyn\u011b Pro\u010d si m\u016f\u017eu b\u00fdt jist\u00fd\/\u00e1, \u017ee je kuchyn\u011b bezpe\u010dn\u00e1? \u010cist\u00e9 ruce. Na\u0161i zam\u011bstnanci si myj\u00ed ruce antibakteri\u00e1ln\u00edm m\u00fddlem a<\/p>","protected":false},"author":1,"featured_media":0,"parent":0,"menu_order":0,"comment_status":"closed","ping_status":"closed","template":"","meta":{"footnotes":""},"class_list":["post-15581","page","type-page","status-publish","hentry"],"yoast_head":"<!-- This site is optimized with the Yoast SEO plugin v27.5 - https:\/\/yoast.com\/product\/yoast-seo-wordpress\/ -->\n<title>\u042f\u041a\u0406\u0421\u0422\u042c \u0422\u0410 \u0413\u0406\u0413\u0406\u0404\u041d\u0410 - Testonella<\/title>\n<meta name=\"robots\" content=\"index, follow, max-snippet:-1, max-image-preview:large, max-video-preview:-1\" \/>\n<link rel=\"canonical\" href=\"https:\/\/testonella.cz\/cs\/yakist-ta-gigiyena\/\" \/>\n<meta property=\"og:locale\" content=\"cs_CZ\" \/>\n<meta property=\"og:type\" content=\"article\" \/>\n<meta property=\"og:title\" content=\"\u042f\u041a\u0406\u0421\u0422\u042c \u0422\u0410 \u0413\u0406\u0413\u0406\u0404\u041d\u0410 - Testonella\" \/>\n<meta property=\"og:description\" content=\"\u0413\u0456\u0433\u0456\u0454\u043d\u0430 \u043d\u0430 \u043a\u0443\u0445\u043d\u0456 \u0427\u043e\u043c\u0443 \u044f \u043c\u043e\u0436\u0443 \u0431\u0443\u0442\u0438 \u0432\u043f\u0435\u0432\u043d\u0435\u043d\u0438\u043c(\u043e\u044e), \u0449\u043e \u043a\u0443\u0445\u043d\u044f \u0431\u0435\u0437\u043f\u0435\u0447\u043d\u0430? \u0427\u0438\u0441\u0442\u0456 \u0440\u0443\u043a\u0438.\u00a0\u041d\u0430\u0448\u0456 \u043f\u0440\u0430\u0446\u0456\u0432\u043d\u0438\u043a\u0438 \u043c\u0438\u044e\u0442\u044c \u0440\u0443\u043a\u0438 \u0437 \u0430\u043d\u0442\u0438\u0431\u0430\u043a\u0442\u0435\u0440\u0456\u0430\u043b\u044c\u043d\u0438\u043c \u043c\u0438\u043b\u043e\u043c \u0456\" \/>\n<meta property=\"og:url\" content=\"https:\/\/testonella.cz\/cs\/yakist-ta-gigiyena\/\" \/>\n<meta property=\"og:site_name\" content=\"Testonella\" \/>\n<meta property=\"article:modified_time\" content=\"2024-03-22T18:04:32+00:00\" \/>\n<meta property=\"og:image\" content=\"https:\/\/testonella.cz\/wp-content\/uploads\/2024\/03\/logo-seo.webp\" \/>\n\t<meta property=\"og:image:width\" content=\"1200\" \/>\n\t<meta property=\"og:image:height\" content=\"675\" \/>\n\t<meta property=\"og:image:type\" content=\"image\/webp\" \/>\n<meta name=\"twitter:card\" content=\"summary_large_image\" \/>\n<script type=\"application\/ld+json\" class=\"yoast-schema-graph\">{\"@context\":\"https:\\\/\\\/schema.org\",\"@graph\":[{\"@type\":\"WebPage\",\"@id\":\"https:\\\/\\\/testonella.cz\\\/yakist-ta-gigiyena\\\/\",\"url\":\"https:\\\/\\\/testonella.cz\\\/yakist-ta-gigiyena\\\/\",\"name\":\"\u042f\u041a\u0406\u0421\u0422\u042c \u0422\u0410 \u0413\u0406\u0413\u0406\u0404\u041d\u0410 - Testonella\",\"isPartOf\":{\"@id\":\"https:\\\/\\\/testonella.cz\\\/#website\"},\"datePublished\":\"2024-03-18T21:22:43+00:00\",\"dateModified\":\"2024-03-22T18:04:32+00:00\",\"breadcrumb\":{\"@id\":\"https:\\\/\\\/testonella.cz\\\/yakist-ta-gigiyena\\\/#breadcrumb\"},\"inLanguage\":\"cs\",\"potentialAction\":[{\"@type\":\"ReadAction\",\"target\":[\"https:\\\/\\\/testonella.cz\\\/yakist-ta-gigiyena\\\/\"]}]},{\"@type\":\"BreadcrumbList\",\"@id\":\"https:\\\/\\\/testonella.cz\\\/yakist-ta-gigiyena\\\/#breadcrumb\",\"itemListElement\":[{\"@type\":\"ListItem\",\"position\":1,\"name\":\"\u0413\u043e\u043b\u043e\u0432\u043d\u0430\",\"item\":\"https:\\\/\\\/testonella.cz\\\/\"},{\"@type\":\"ListItem\",\"position\":2,\"name\":\"\u042f\u041a\u0406\u0421\u0422\u042c \u0422\u0410 \u0413\u0406\u0413\u0406\u0404\u041d\u0410\"}]},{\"@type\":\"WebSite\",\"@id\":\"https:\\\/\\\/testonella.cz\\\/#website\",\"url\":\"https:\\\/\\\/testonella.cz\\\/\",\"name\":\"Testonella\",\"description\":\"Testonella od Notiko\",\"publisher\":{\"@id\":\"https:\\\/\\\/testonella.cz\\\/#organization\"},\"potentialAction\":[{\"@type\":\"SearchAction\",\"target\":{\"@type\":\"EntryPoint\",\"urlTemplate\":\"https:\\\/\\\/testonella.cz\\\/?s={search_term_string}\"},\"query-input\":{\"@type\":\"PropertyValueSpecification\",\"valueRequired\":true,\"valueName\":\"search_term_string\"}}],\"inLanguage\":\"cs\"},{\"@type\":\"Organization\",\"@id\":\"https:\\\/\\\/testonella.cz\\\/#organization\",\"name\":\"Testonella od Notiko\",\"url\":\"https:\\\/\\\/testonella.cz\\\/\",\"logo\":{\"@type\":\"ImageObject\",\"inLanguage\":\"cs\",\"@id\":\"https:\\\/\\\/testonella.cz\\\/#\\\/schema\\\/logo\\\/image\\\/\",\"url\":\"https:\\\/\\\/shop.testonella.cz\\\/wp-content\\\/uploads\\\/2024\\\/03\\\/logo-seo.webp\",\"contentUrl\":\"https:\\\/\\\/shop.testonella.cz\\\/wp-content\\\/uploads\\\/2024\\\/03\\\/logo-seo.webp\",\"width\":1200,\"height\":675,\"caption\":\"Testonella od Notiko\"},\"image\":{\"@id\":\"https:\\\/\\\/testonella.cz\\\/#\\\/schema\\\/logo\\\/image\\\/\"},\"sameAs\":[\"https:\\\/\\\/www.instagram.com\\\/testonella_od_notiko\"]}]}<\/script>\n<!-- \/ Yoast SEO plugin. -->","yoast_head_json":{"title":"\u042f\u041a\u0406\u0421\u0422\u042c \u0422\u0410 \u0413\u0406\u0413\u0406\u0404\u041d\u0410 - Testonella","robots":{"index":"index","follow":"follow","max-snippet":"max-snippet:-1","max-image-preview":"max-image-preview:large","max-video-preview":"max-video-preview:-1"},"canonical":"https:\/\/testonella.cz\/cs\/yakist-ta-gigiyena\/","og_locale":"cs_CZ","og_type":"article","og_title":"\u042f\u041a\u0406\u0421\u0422\u042c \u0422\u0410 \u0413\u0406\u0413\u0406\u0404\u041d\u0410 - Testonella","og_description":"\u0413\u0456\u0433\u0456\u0454\u043d\u0430 \u043d\u0430 \u043a\u0443\u0445\u043d\u0456 \u0427\u043e\u043c\u0443 \u044f \u043c\u043e\u0436\u0443 \u0431\u0443\u0442\u0438 \u0432\u043f\u0435\u0432\u043d\u0435\u043d\u0438\u043c(\u043e\u044e), \u0449\u043e \u043a\u0443\u0445\u043d\u044f \u0431\u0435\u0437\u043f\u0435\u0447\u043d\u0430? \u0427\u0438\u0441\u0442\u0456 \u0440\u0443\u043a\u0438.\u00a0\u041d\u0430\u0448\u0456 \u043f\u0440\u0430\u0446\u0456\u0432\u043d\u0438\u043a\u0438 \u043c\u0438\u044e\u0442\u044c \u0440\u0443\u043a\u0438 \u0437 \u0430\u043d\u0442\u0438\u0431\u0430\u043a\u0442\u0435\u0440\u0456\u0430\u043b\u044c\u043d\u0438\u043c \u043c\u0438\u043b\u043e\u043c \u0456","og_url":"https:\/\/testonella.cz\/cs\/yakist-ta-gigiyena\/","og_site_name":"Testonella","article_modified_time":"2024-03-22T18:04:32+00:00","og_image":[{"width":1200,"height":675,"url":"https:\/\/testonella.cz\/wp-content\/uploads\/2024\/03\/logo-seo.webp","type":"image\/webp"}],"twitter_card":"summary_large_image","schema":{"@context":"https:\/\/schema.org","@graph":[{"@type":"WebPage","@id":"https:\/\/testonella.cz\/yakist-ta-gigiyena\/","url":"https:\/\/testonella.cz\/yakist-ta-gigiyena\/","name":"\u042f\u041a\u0406\u0421\u0422\u042c \u0422\u0410 \u0413\u0406\u0413\u0406\u0404\u041d\u0410 - Testonella","isPartOf":{"@id":"https:\/\/testonella.cz\/#website"},"datePublished":"2024-03-18T21:22:43+00:00","dateModified":"2024-03-22T18:04:32+00:00","breadcrumb":{"@id":"https:\/\/testonella.cz\/yakist-ta-gigiyena\/#breadcrumb"},"inLanguage":"cs","potentialAction":[{"@type":"ReadAction","target":["https:\/\/testonella.cz\/yakist-ta-gigiyena\/"]}]},{"@type":"BreadcrumbList","@id":"https:\/\/testonella.cz\/yakist-ta-gigiyena\/#breadcrumb","itemListElement":[{"@type":"ListItem","position":1,"name":"\u0413\u043e\u043b\u043e\u0432\u043d\u0430","item":"https:\/\/testonella.cz\/"},{"@type":"ListItem","position":2,"name":"\u042f\u041a\u0406\u0421\u0422\u042c \u0422\u0410 \u0413\u0406\u0413\u0406\u0404\u041d\u0410"}]},{"@type":"WebSite","@id":"https:\/\/testonella.cz\/#website","url":"https:\/\/testonella.cz\/","name":"Testonella","description":"T\u011bstonella od Notiko","publisher":{"@id":"https:\/\/testonella.cz\/#organization"},"potentialAction":[{"@type":"SearchAction","target":{"@type":"EntryPoint","urlTemplate":"https:\/\/testonella.cz\/?s={search_term_string}"},"query-input":{"@type":"PropertyValueSpecification","valueRequired":true,"valueName":"search_term_string"}}],"inLanguage":"cs"},{"@type":"Organization","@id":"https:\/\/testonella.cz\/#organization","name":"T\u011bstonella od Notiko","url":"https:\/\/testonella.cz\/","logo":{"@type":"ImageObject","inLanguage":"cs","@id":"https:\/\/testonella.cz\/#\/schema\/logo\/image\/","url":"https:\/\/shop.testonella.cz\/wp-content\/uploads\/2024\/03\/logo-seo.webp","contentUrl":"https:\/\/shop.testonella.cz\/wp-content\/uploads\/2024\/03\/logo-seo.webp","width":1200,"height":675,"caption":"Testonella od Notiko"},"image":{"@id":"https:\/\/testonella.cz\/#\/schema\/logo\/image\/"},"sameAs":["https:\/\/www.instagram.com\/testonella_od_notiko"]}]}},"_links":{"self":[{"href":"https:\/\/testonella.cz\/cs\/wp-json\/wp\/v2\/pages\/15581","targetHints":{"allow":["GET"]}}],"collection":[{"href":"https:\/\/testonella.cz\/cs\/wp-json\/wp\/v2\/pages"}],"about":[{"href":"https:\/\/testonella.cz\/cs\/wp-json\/wp\/v2\/types\/page"}],"author":[{"embeddable":true,"href":"https:\/\/testonella.cz\/cs\/wp-json\/wp\/v2\/users\/1"}],"replies":[{"embeddable":true,"href":"https:\/\/testonella.cz\/cs\/wp-json\/wp\/v2\/comments?post=15581"}],"version-history":[{"count":5,"href":"https:\/\/testonella.cz\/cs\/wp-json\/wp\/v2\/pages\/15581\/revisions"}],"predecessor-version":[{"id":16095,"href":"https:\/\/testonella.cz\/cs\/wp-json\/wp\/v2\/pages\/15581\/revisions\/16095"}],"wp:attachment":[{"href":"https:\/\/testonella.cz\/cs\/wp-json\/wp\/v2\/media?parent=15581"}],"curies":[{"name":"wp","href":"https:\/\/api.w.org\/{rel}","templated":true}]}}